{"id":137,"date":"2025-07-15T15:51:07","date_gmt":"2025-07-15T15:51:07","guid":{"rendered":"http:\/\/giocarelottoonline.it\/anasayfa\/"},"modified":"2025-07-15T15:51:07","modified_gmt":"2025-07-15T15:51:07","slug":"anasayfa","status":"publish","type":"page","link":"http:\/\/giocarelottoonline.it\/tr\/","title":{"rendered":"Anasayfa"},"content":{"rendered":"<h2>\u00c7evrimi\u00e7i Loto oynamak g\u00fcvenli ve kolayd\u0131r<\/h2>\n<p>Her zaman b\u00fcy\u00fck uluslararas\u0131 Loto yar\u0131\u015fmalar\u0131ndan birine kat\u0131lmak istediyseniz, art\u0131k ister yerel ister uluslararas\u0131 olsun, istedi\u011finiz Lotoyu \u00e7evrimi\u00e7i oynama se\u00e7ene\u011finiz var.<\/p>\n<p>Bu, daha fazla \u00e7e\u015fitlilik ve evinizin rahatl\u0131\u011f\u0131nda b\u00fcy\u00fck paralar kazanma \u015fans\u0131n\u0131z anlam\u0131na gelir. Yerel ve ulusal \u00e7ekili\u015flerle s\u0131n\u0131rl\u0131 oldu\u011funuz yerel bir ma\u011fazadan Loto bileti sat\u0131n almakla kar\u015f\u0131la\u015ft\u0131r\u0131ld\u0131\u011f\u0131nda, yaln\u0131zca s\u0131n\u0131rl\u0131 se\u00e7enekleriniz olmakla kalmaz, ayn\u0131 zamanda biletinizi kaybetme riskiniz (ve o b\u00fcy\u00fck ikramiyeyi kazanma \u015fans\u0131n\u0131z), hesab\u0131n\u0131zda veya e-postan\u0131zda istedi\u011finiz kadar uzun s\u00fcre kalan bir \u00e7evrimi\u00e7i bilete g\u00f6re daha y\u00fcksektir.<\/p>\n<p>Ayr\u0131ca, biletinizi almak i\u00e7in uzun kuyruklarda bekleme zahmetinden de kurtulursunuz. Sadece birka\u00e7 t\u0131klamayla bir bilet sat\u0131n alabilir ve nerede olursan\u0131z olun \u00e7evrimi\u00e7i olarak piyangoyu kazanma \u015fans\u0131na sahip olabilirsiniz. T\u00fcm \u00e7evrimi\u00e7i jackpot piyangolar\u0131na <a href=\"https:\/\/www.jackpotlotteryonline.com\">www.jackpotlotteryonline.com<\/a> adresinden ula\u015fabilirsiniz.<\/p>\n<p>Sitemiz, ABD&#8217;den Avrupa ve Avustralya piyangolar\u0131na kadar geni\u015f bir yelpaze sunmakla kalm\u0131yor, ayn\u0131 zamanda \u00e7evrimi\u00e7i piyangoyu kazanman\u0131n en kolay yolunu da sunuyor. \u00d6ncelikle, hangi \u00e7ekili\u015fi se\u00e7ece\u011finize karar vermenize yard\u0131mc\u0131 olmak i\u00e7in en g\u00fcncel piyango incelemelerini sunuyoruz. Di\u011fer yandan \u00e7o\u011fu web sitesi, uluslararas\u0131 bir piyangonun veya piyango sitesinin me\u015fruiyeti hakk\u0131nda size bilgi vermez.<\/p>\n<p>Ve bahis oynayabilece\u011finiz yar\u0131\u015fma veya piyango say\u0131s\u0131nda herhangi bir s\u0131n\u0131rlama yoktur. D\u00fcnyan\u0131n en b\u00fcy\u00fck 25&#8217;ten fazla jackpot&#8217;u aras\u0131ndan se\u00e7im yap\u0131n ve hepsi \u00e7evrimi\u00e7i olarak mevcuttur. \u00dcstelik, Lotto&#8217;nun d\u00fczenlendi\u011fi \u00fclkede ikamet etmeniz gerekmez. \u00c7ekili\u015f tarihinden en az 24 saat \u00f6nce bir bilet sipari\u015f ederek, herhangi bir uluslararas\u0131 kurulu\u015ftan multimilyon dolarl\u0131k bir Loto ikramiyesi kazanma \u015fans\u0131na sahip olursunuz.<\/p>\n<h2>Piyangoyu veya \u00e7evrimi\u00e7i bir piyangoyu kazanma \u015fans\u0131n\u0131 nas\u0131l yakalayabilirsiniz?<\/h2>\n<p>\u00c7ok basit. \u00c7evrimi\u00e7i Loto oynamak i\u00e7in, se\u00e7ti\u011finiz Loto&#8217;nun solundaki ve sa\u011f\u0131ndaki ba\u011flant\u0131lara t\u0131klaman\u0131z ve numaralar\u0131n\u0131z\u0131 se\u00e7meniz yeterlidir. Hangi numaray\u0131 se\u00e7ece\u011finize karar vermekte zorlan\u0131yorsan\u0131z, rastgele say\u0131 \u00fcretecimizi kullanabilirsiniz. Se\u00e7im tamamen sizin. Numaralar\u0131n\u0131z\u0131 se\u00e7tikten sonra RedFoxLotto&#8217;ya kaydolman\u0131z gerekecektir.<\/p>\n<p>RedFoxLotto, herhangi bir Loto oyunu i\u00e7in \u00e7evrimi\u00e7i olarak kolayca bilet sat\u0131n alman\u0131z\u0131 sa\u011flayan g\u00fcvenli ve g\u00fcvenilir bir \u00e7evrimi\u00e7i hizmettir. \u015eirket, bahsinizi yapt\u0131ktan sonra bileti sizin i\u00e7in piyangodan sat\u0131n al\u0131r ve \u00fczerinde ad\u0131n\u0131z\u0131n yaz\u0131l\u0131 oldu\u011fu biletin taranm\u0131\u015f bir kopyas\u0131n\u0131 size g\u00f6nderir. Ayr\u0131ca kazand\u0131\u011f\u0131n\u0131zda sizi bilgilendirebilir ve paran\u0131z\u0131 alman\u0131za yard\u0131mc\u0131 olabilirler.<\/p>\n<p>Ard\u0131ndan, sunulan \u00f6deme y\u00f6ntemlerinden birini se\u00e7in. Kredi kartlar\u0131, Ukash, banka havalesi, Western Union, Moneybookers ve ClickandBuy gibi g\u00fcvenli ve ge\u00e7erli \u00f6deme y\u00f6ntemlerinden birini se\u00e7ebilirsiniz. \u00d6demeyi yapt\u0131ktan sonra rahatlay\u0131p piyango kazanc\u0131n\u0131z\u0131 duyuran e-postay\u0131 bekleyebilirsiniz.<\/p>\n<p>Ancak, kazanma olas\u0131l\u0131\u011f\u0131n\u0131z\u0131n veya \u00f6d\u00fcl\u00fcn\u00fcz\u00fcn miktar\u0131n\u0131n, ayn\u0131 say\u0131ya bahis oynayanlar\u0131n y\u00fczdesi veya piyangonun toplam kazan\u00e7tan ne kadar\u0131n\u0131 kazanca d\u00f6n\u00fc\u015ft\u00fcrece\u011fi gibi bir\u00e7ok fakt\u00f6re ba\u011fl\u0131 olaca\u011f\u0131n\u0131 unutmamal\u0131s\u0131n\u0131z. Bu nedenle, hangi \u00e7evrimi\u00e7i piyango veya lotoyu oynayaca\u011f\u0131n\u0131za karar vermeden \u00f6nce en y\u00fcksek ikramiyeyi araman\u0131z \u00f6nemlidir, b\u00f6ylece kazanma olas\u0131l\u0131\u011f\u0131 en y\u00fcksek olan\u0131 se\u00e7ebilirsiniz.<\/p>\n","protected":false},"excerpt":{"rendered":"<p>\u00c7evrimi\u00e7i Loto oynamak g\u00fcvenli ve kolayd\u0131r Her zaman b\u00fcy\u00fck uluslararas\u0131 Loto yar\u0131\u015fmalar\u0131ndan birine kat\u0131lmak istediyseniz, art\u0131k ister yerel ister uluslararas\u0131 olsun, istedi\u011finiz Lotoyu \u00e7evrimi\u00e7i oynama se\u00e7ene\u011finiz var. Bu, daha fazla \u00e7e\u015fitlilik ve evinizin rahatl\u0131\u011f\u0131nda b\u00fcy\u00fck paralar kazanma \u015fans\u0131n\u0131z anlam\u0131na gelir. Yerel ve ulusal \u00e7ekili\u015flerle s\u0131n\u0131rl\u0131 oldu\u011funuz yerel bir ma\u011fazadan Loto bileti sat\u0131n almakla kar\u015f\u0131la\u015ft\u0131r\u0131ld\u0131\u011f\u0131nda, yaln\u0131zca [&hellip;]<\/p>\n","protected":false},"author":1,"featured_media":0,"parent":0,"menu_order":0,"comment_status":"closed","ping_status":"closed","template":"","meta":{"footnotes":""},"class_list":["post-137","page","type-page","status-publish","hentry"],"yoast_head":"<!-- This site is optimized with the Yoast SEO plugin v27.3 - https:\/\/yoast.com\/product\/yoast-seo-wordpress\/ -->\n<title>\u00c7evrimi\u00e7i Loto Oynama<\/title>\n<meta name=\"robots\" content=\"index, follow, max-snippet:-1, max-image-preview:large, max-video-preview:-1\" \/>\n<link rel=\"canonical\" href=\"http:\/\/giocarelottoonline.it\/tr\/\" \/>\n<meta property=\"og:locale\" content=\"tr_TR\" \/>\n<meta property=\"og:type\" content=\"article\" \/>\n<meta property=\"og:title\" content=\"\u00c7evrimi\u00e7i Loto Oynama\" \/>\n<meta property=\"og:description\" content=\"\u00c7evrimi\u00e7i Loto oynamak g\u00fcvenli ve kolayd\u0131r Her zaman b\u00fcy\u00fck uluslararas\u0131 Loto yar\u0131\u015fmalar\u0131ndan birine kat\u0131lmak istediyseniz, art\u0131k ister yerel ister uluslararas\u0131 olsun, istedi\u011finiz Lotoyu \u00e7evrimi\u00e7i oynama se\u00e7ene\u011finiz var. Bu, daha fazla \u00e7e\u015fitlilik ve evinizin rahatl\u0131\u011f\u0131nda b\u00fcy\u00fck paralar kazanma \u015fans\u0131n\u0131z anlam\u0131na gelir. Yerel ve ulusal \u00e7ekili\u015flerle s\u0131n\u0131rl\u0131 oldu\u011funuz yerel bir ma\u011fazadan Loto bileti sat\u0131n almakla kar\u015f\u0131la\u015ft\u0131r\u0131ld\u0131\u011f\u0131nda, yaln\u0131zca [&hellip;]\" \/>\n<meta property=\"og:url\" content=\"http:\/\/giocarelottoonline.it\/tr\/\" \/>\n<meta property=\"og:site_name\" content=\"Giocare lotto online\" \/>\n<meta name=\"twitter:card\" content=\"summary_large_image\" \/>\n<meta name=\"twitter:label1\" content=\"Tahmini okuma s\u00fcresi\" \/>\n\t<meta name=\"twitter:data1\" content=\"3 dakika\" \/>\n<script type=\"application\/ld+json\" class=\"yoast-schema-graph\">{\"@context\":\"https:\\\/\\\/schema.org\",\"@graph\":[{\"@type\":\"WebPage\",\"@id\":\"http:\\\/\\\/giocarelottoonline.it\\\/tr\\\/\",\"url\":\"http:\\\/\\\/giocarelottoonline.it\\\/tr\\\/\",\"name\":\"\u00c7evrimi\u00e7i Loto Oynama\",\"isPartOf\":{\"@id\":\"https:\\\/\\\/giocarelottoonline.it\\\/tr\\\/#website\"},\"datePublished\":\"2025-07-15T15:51:07+00:00\",\"breadcrumb\":{\"@id\":\"http:\\\/\\\/giocarelottoonline.it\\\/tr\\\/#breadcrumb\"},\"inLanguage\":\"tr\",\"potentialAction\":[{\"@type\":\"ReadAction\",\"target\":[\"http:\\\/\\\/giocarelottoonline.it\\\/tr\\\/\"]}]},{\"@type\":\"BreadcrumbList\",\"@id\":\"http:\\\/\\\/giocarelottoonline.it\\\/tr\\\/#breadcrumb\",\"itemListElement\":[{\"@type\":\"ListItem\",\"position\":1,\"name\":\"Home\",\"item\":\"https:\\\/\\\/giocarelottoonline.it\\\/tr\\\/\"},{\"@type\":\"ListItem\",\"position\":2,\"name\":\"Anasayfa\"}]},{\"@type\":\"WebSite\",\"@id\":\"https:\\\/\\\/giocarelottoonline.it\\\/tr\\\/#website\",\"url\":\"https:\\\/\\\/giocarelottoonline.it\\\/tr\\\/\",\"name\":\"Giocare lotto online\",\"description\":\"Just another WordPress site\",\"potentialAction\":[{\"@type\":\"SearchAction\",\"target\":{\"@type\":\"EntryPoint\",\"urlTemplate\":\"https:\\\/\\\/giocarelottoonline.it\\\/tr\\\/?s={search_term_string}\"},\"query-input\":{\"@type\":\"PropertyValueSpecification\",\"valueRequired\":true,\"valueName\":\"search_term_string\"}}],\"inLanguage\":\"tr\"}]}<\/script>\n<!-- \/ Yoast SEO plugin. -->","yoast_head_json":{"title":"\u00c7evrimi\u00e7i Loto Oynama","robots":{"index":"index","follow":"follow","max-snippet":"max-snippet:-1","max-image-preview":"max-image-preview:large","max-video-preview":"max-video-preview:-1"},"canonical":"http:\/\/giocarelottoonline.it\/tr\/","og_locale":"tr_TR","og_type":"article","og_title":"\u00c7evrimi\u00e7i Loto Oynama","og_description":"\u00c7evrimi\u00e7i Loto oynamak g\u00fcvenli ve kolayd\u0131r Her zaman b\u00fcy\u00fck uluslararas\u0131 Loto yar\u0131\u015fmalar\u0131ndan birine kat\u0131lmak istediyseniz, art\u0131k ister yerel ister uluslararas\u0131 olsun, istedi\u011finiz Lotoyu \u00e7evrimi\u00e7i oynama se\u00e7ene\u011finiz var. Bu, daha fazla \u00e7e\u015fitlilik ve evinizin rahatl\u0131\u011f\u0131nda b\u00fcy\u00fck paralar kazanma \u015fans\u0131n\u0131z anlam\u0131na gelir. Yerel ve ulusal \u00e7ekili\u015flerle s\u0131n\u0131rl\u0131 oldu\u011funuz yerel bir ma\u011fazadan Loto bileti sat\u0131n almakla kar\u015f\u0131la\u015ft\u0131r\u0131ld\u0131\u011f\u0131nda, yaln\u0131zca [&hellip;]","og_url":"http:\/\/giocarelottoonline.it\/tr\/","og_site_name":"Giocare lotto online","twitter_card":"summary_large_image","twitter_misc":{"Tahmini okuma s\u00fcresi":"3 dakika"},"schema":{"@context":"https:\/\/schema.org","@graph":[{"@type":"WebPage","@id":"http:\/\/giocarelottoonline.it\/tr\/","url":"http:\/\/giocarelottoonline.it\/tr\/","name":"\u00c7evrimi\u00e7i Loto Oynama","isPartOf":{"@id":"https:\/\/giocarelottoonline.it\/tr\/#website"},"datePublished":"2025-07-15T15:51:07+00:00","breadcrumb":{"@id":"http:\/\/giocarelottoonline.it\/tr\/#breadcrumb"},"inLanguage":"tr","potentialAction":[{"@type":"ReadAction","target":["http:\/\/giocarelottoonline.it\/tr\/"]}]},{"@type":"BreadcrumbList","@id":"http:\/\/giocarelottoonline.it\/tr\/#breadcrumb","itemListElement":[{"@type":"ListItem","position":1,"name":"Home","item":"https:\/\/giocarelottoonline.it\/tr\/"},{"@type":"ListItem","position":2,"name":"Anasayfa"}]},{"@type":"WebSite","@id":"https:\/\/giocarelottoonline.it\/tr\/#website","url":"https:\/\/giocarelottoonline.it\/tr\/","name":"Giocare lotto online","description":"Just another WordPress site","potentialAction":[{"@type":"SearchAction","target":{"@type":"EntryPoint","urlTemplate":"https:\/\/giocarelottoonline.it\/tr\/?s={search_term_string}"},"query-input":{"@type":"PropertyValueSpecification","valueRequired":true,"valueName":"search_term_string"}}],"inLanguage":"tr"}]}},"_links":{"self":[{"href":"http:\/\/giocarelottoonline.it\/tr\/wp-json\/wp\/v2\/pages\/137","targetHints":{"allow":["GET"]}}],"collection":[{"href":"http:\/\/giocarelottoonline.it\/tr\/wp-json\/wp\/v2\/pages"}],"about":[{"href":"http:\/\/giocarelottoonline.it\/tr\/wp-json\/wp\/v2\/types\/page"}],"author":[{"embeddable":true,"href":"http:\/\/giocarelottoonline.it\/tr\/wp-json\/wp\/v2\/users\/1"}],"replies":[{"embeddable":true,"href":"http:\/\/giocarelottoonline.it\/tr\/wp-json\/wp\/v2\/comments?post=137"}],"version-history":[{"count":0,"href":"http:\/\/giocarelottoonline.it\/tr\/wp-json\/wp\/v2\/pages\/137\/revisions"}],"wp:attachment":[{"href":"http:\/\/giocarelottoonline.it\/tr\/wp-json\/wp\/v2\/media?parent=137"}],"curies":[{"name":"wp","href":"https:\/\/api.w.org\/{rel}","templated":true}]}}