{"id":136,"date":"2025-07-15T15:51:07","date_gmt":"2025-07-15T15:51:07","guid":{"rendered":"http:\/\/giocarelottoonline.it\/hem\/"},"modified":"2025-07-15T15:51:07","modified_gmt":"2025-07-15T15:51:07","slug":"hem","status":"publish","type":"page","link":"http:\/\/giocarelottoonline.it\/sv\/","title":{"rendered":"Hem"},"content":{"rendered":"<h2>Att spela Lotto online \u00e4r s\u00e4kert och enkelt<\/h2>\n<p>Om du alltid velat delta i en av de stora internationella lottot\u00e4vlingarna har du nu m\u00f6jlighet att spela vilket lotto som helst online, oavsett om det \u00e4r en lokal eller internationell lottot\u00e4vling.<\/p>\n<p>Detta inneb\u00e4r mer variation och en st\u00f6rre chans att vinna stora pengar direkt hemifr\u00e5n. J\u00e4mf\u00f6rt med att k\u00f6pa en lott i en lokal butik, d\u00e4r du \u00e4r begr\u00e4nsad till lokala och nationella dragningar, har du inte bara begr\u00e4nsade valm\u00f6jligheter, utan risken att f\u00f6rlora din lott (och dina chanser att vinna den d\u00e4r prisbel\u00f6nta jackpotten) \u00e4r st\u00f6rre \u00e4n med en online-lott som finns kvar p\u00e5 ditt konto eller i din e-post s\u00e5 l\u00e4nge du vill.<\/p>\n<p>Dessutom sparar du dig besv\u00e4ret med att beh\u00f6va v\u00e4nta i en l\u00e5ng k\u00f6 bara f\u00f6r att f\u00e5 din lott. Med bara n\u00e5gra f\u00e5 klick kan du k\u00f6pa en lott och f\u00e5 chansen att vinna lotteriet online, var du \u00e4n \u00e4r. Alla online jackpotlotterier finns tillg\u00e4ngliga online p\u00e5 <a href=\"https:\/\/www.jackpotlotteryonline.com\">www.jackpotlotteryonline.com<\/a>.<\/p>\n<p>V\u00e5r webbplats erbjuder inte bara ett brett utbud, fr\u00e5n amerikanska till europeiska och australiska lotterier, utan det \u00e4r ocks\u00e5 det enklaste s\u00e4ttet att vinna p\u00e5 lotteriet online. F\u00f6rst erbjuder vi de senaste lotteri-recensionerna f\u00f6r att hj\u00e4lpa dig att best\u00e4mma vilken dragning du ska v\u00e4lja. De flesta webbplatser, \u00e5 andra sidan, ger dig inte svar om legitimiteten hos ett internationellt lotteri eller en lotterisajt.<\/p>\n<p>Och det finns ingen gr\u00e4ns f\u00f6r antalet t\u00e4vlingar eller lotterier du kan satsa p\u00e5. V\u00e4lj bland \u00f6ver 25 av v\u00e4rldens st\u00f6rsta jackpottar, alla tillg\u00e4ngliga online. Och du beh\u00f6ver inte vara bosatt i det land som h\u00e5ller Lotto. Genom att best\u00e4lla en lott minst 24 timmar f\u00f6re dragningsdatumet har du chansen att vinna en <a href=\"https:\/\/lottoonline365.com\/it\" target=\"_blank\" rel=\"noopener\">Lottojackpott p\u00e5 flera miljoner dollar fr\u00e5n vilken internationell organisation som helst<\/a>.<\/p>\n<h2>Hur kan du f\u00e5 chansen att vinna p\u00e5 lotteriet eller ett online-lotteri?<\/h2>\n<p>Det \u00e4r enkelt. F\u00f6r att spela Lotto online klickar du bara p\u00e5 l\u00e4nkarna till v\u00e4nster och h\u00f6ger om det lotto du har valt och v\u00e4ljer dina nummer. Om du har problem med att best\u00e4mma vilket nummer du ska v\u00e4lja kan du anv\u00e4nda v\u00e5r slumptalsgenerator. Valet \u00e4r helt ditt. N\u00e4r du har valt dina nummer m\u00e5ste du registrera dig p\u00e5 RedFoxLotto.<\/p>\n<p>RedFoxLotto \u00e4r en s\u00e4ker och p\u00e5litlig onlinetj\u00e4nst som l\u00e5ter dig enkelt k\u00f6pa lotter online till alla lottospel. F\u00f6retaget k\u00f6per lotten \u00e5t dig fr\u00e5n lotteriet efter att du har lagt din insats och skickar dig en skannad kopia av lotten med ditt namn p\u00e5. De kan ocks\u00e5 meddela dig n\u00e4r du har vunnit och hj\u00e4lpa dig att h\u00e4mta dina pengar.<\/p>\n<p>V\u00e4lj sedan en av de betalningsmetoder som erbjuds. Du kan v\u00e4lja mellan kreditkort, Ukash, bank\u00f6verf\u00f6ring, Western Union, Moneybookers och ClickandBuy, alla s\u00e4kra och giltiga betalningsmetoder. N\u00e4r du har gjort betalningen kan du slappna av och v\u00e4nta p\u00e5 e-postmeddelandet som meddelar din lotterivinst.<\/p>\n<p>Du b\u00f6r dock komma ih\u00e5g att oddsen f\u00f6r att vinna, eller storleken p\u00e5 ditt pris, beror p\u00e5 m\u00e5nga faktorer, s\u00e5som andelen personer som satsar p\u00e5 samma nummer, eller andelen av det totala beloppet som lotteriet betalar ut som vinst. Det \u00e4r d\u00e4rf\u00f6r det \u00e4r viktigt att leta efter den h\u00f6gsta jackpotten innan du best\u00e4mmer dig f\u00f6r vilket onlinelotteri eller lotto du ska spela, s\u00e5 att du kan v\u00e4lja det med b\u00e4st odds f\u00f6r att vinna.<\/p>\n","protected":false},"excerpt":{"rendered":"<p>Att spela Lotto online \u00e4r s\u00e4kert och enkelt Om du alltid velat delta i en av de stora internationella lottot\u00e4vlingarna har du nu m\u00f6jlighet att spela vilket lotto som helst online, oavsett om det \u00e4r en lokal eller internationell lottot\u00e4vling. Detta inneb\u00e4r mer variation och en st\u00f6rre chans att vinna stora pengar direkt hemifr\u00e5n. J\u00e4mf\u00f6rt [&hellip;]<\/p>\n","protected":false},"author":1,"featured_media":0,"parent":0,"menu_order":0,"comment_status":"closed","ping_status":"closed","template":"","meta":{"footnotes":""},"class_list":["post-136","page","type-page","status-publish","hentry"],"yoast_head":"<!-- This site is optimized with the Yoast SEO plugin v27.3 - https:\/\/yoast.com\/product\/yoast-seo-wordpress\/ -->\n<title>Spela Lotto Online<\/title>\n<meta name=\"robots\" content=\"index, follow, max-snippet:-1, max-image-preview:large, max-video-preview:-1\" \/>\n<link rel=\"canonical\" href=\"http:\/\/giocarelottoonline.it\/sv\/\" \/>\n<meta property=\"og:locale\" content=\"sv_SE\" \/>\n<meta property=\"og:type\" content=\"article\" \/>\n<meta property=\"og:title\" content=\"Spela Lotto Online\" \/>\n<meta property=\"og:description\" content=\"Att spela Lotto online \u00e4r s\u00e4kert och enkelt Om du alltid velat delta i en av de stora internationella lottot\u00e4vlingarna har du nu m\u00f6jlighet att spela vilket lotto som helst online, oavsett om det \u00e4r en lokal eller internationell lottot\u00e4vling. Detta inneb\u00e4r mer variation och en st\u00f6rre chans att vinna stora pengar direkt hemifr\u00e5n. J\u00e4mf\u00f6rt [&hellip;]\" \/>\n<meta property=\"og:url\" content=\"http:\/\/giocarelottoonline.it\/sv\/\" \/>\n<meta property=\"og:site_name\" content=\"Giocare lotto online\" \/>\n<meta name=\"twitter:card\" content=\"summary_large_image\" \/>\n<meta name=\"twitter:label1\" content=\"Ber\u00e4knad l\u00e4stid\" \/>\n\t<meta name=\"twitter:data1\" content=\"3 minuter\" \/>\n<script type=\"application\/ld+json\" class=\"yoast-schema-graph\">{\"@context\":\"https:\\\/\\\/schema.org\",\"@graph\":[{\"@type\":\"WebPage\",\"@id\":\"http:\\\/\\\/giocarelottoonline.it\\\/sv\\\/\",\"url\":\"http:\\\/\\\/giocarelottoonline.it\\\/sv\\\/\",\"name\":\"Spela Lotto Online\",\"isPartOf\":{\"@id\":\"https:\\\/\\\/giocarelottoonline.it\\\/sv\\\/#website\"},\"datePublished\":\"2025-07-15T15:51:07+00:00\",\"breadcrumb\":{\"@id\":\"http:\\\/\\\/giocarelottoonline.it\\\/sv\\\/#breadcrumb\"},\"inLanguage\":\"sv-SE\",\"potentialAction\":[{\"@type\":\"ReadAction\",\"target\":[\"http:\\\/\\\/giocarelottoonline.it\\\/sv\\\/\"]}]},{\"@type\":\"BreadcrumbList\",\"@id\":\"http:\\\/\\\/giocarelottoonline.it\\\/sv\\\/#breadcrumb\",\"itemListElement\":[{\"@type\":\"ListItem\",\"position\":1,\"name\":\"Home\",\"item\":\"http:\\\/\\\/giocarelottoonline.it\\\/sv\\\/\"},{\"@type\":\"ListItem\",\"position\":2,\"name\":\"Hem\"}]},{\"@type\":\"WebSite\",\"@id\":\"https:\\\/\\\/giocarelottoonline.it\\\/sv\\\/#website\",\"url\":\"https:\\\/\\\/giocarelottoonline.it\\\/sv\\\/\",\"name\":\"Giocare lotto online\",\"description\":\"Just another WordPress site\",\"potentialAction\":[{\"@type\":\"SearchAction\",\"target\":{\"@type\":\"EntryPoint\",\"urlTemplate\":\"https:\\\/\\\/giocarelottoonline.it\\\/sv\\\/?s={search_term_string}\"},\"query-input\":{\"@type\":\"PropertyValueSpecification\",\"valueRequired\":true,\"valueName\":\"search_term_string\"}}],\"inLanguage\":\"sv-SE\"}]}<\/script>\n<!-- \/ Yoast SEO plugin. -->","yoast_head_json":{"title":"Spela Lotto Online","robots":{"index":"index","follow":"follow","max-snippet":"max-snippet:-1","max-image-preview":"max-image-preview:large","max-video-preview":"max-video-preview:-1"},"canonical":"http:\/\/giocarelottoonline.it\/sv\/","og_locale":"sv_SE","og_type":"article","og_title":"Spela Lotto Online","og_description":"Att spela Lotto online \u00e4r s\u00e4kert och enkelt Om du alltid velat delta i en av de stora internationella lottot\u00e4vlingarna har du nu m\u00f6jlighet att spela vilket lotto som helst online, oavsett om det \u00e4r en lokal eller internationell lottot\u00e4vling. Detta inneb\u00e4r mer variation och en st\u00f6rre chans att vinna stora pengar direkt hemifr\u00e5n. J\u00e4mf\u00f6rt [&hellip;]","og_url":"http:\/\/giocarelottoonline.it\/sv\/","og_site_name":"Giocare lotto online","twitter_card":"summary_large_image","twitter_misc":{"Ber\u00e4knad l\u00e4stid":"3 minuter"},"schema":{"@context":"https:\/\/schema.org","@graph":[{"@type":"WebPage","@id":"http:\/\/giocarelottoonline.it\/sv\/","url":"http:\/\/giocarelottoonline.it\/sv\/","name":"Spela Lotto Online","isPartOf":{"@id":"https:\/\/giocarelottoonline.it\/sv\/#website"},"datePublished":"2025-07-15T15:51:07+00:00","breadcrumb":{"@id":"http:\/\/giocarelottoonline.it\/sv\/#breadcrumb"},"inLanguage":"sv-SE","potentialAction":[{"@type":"ReadAction","target":["http:\/\/giocarelottoonline.it\/sv\/"]}]},{"@type":"BreadcrumbList","@id":"http:\/\/giocarelottoonline.it\/sv\/#breadcrumb","itemListElement":[{"@type":"ListItem","position":1,"name":"Home","item":"http:\/\/giocarelottoonline.it\/sv\/"},{"@type":"ListItem","position":2,"name":"Hem"}]},{"@type":"WebSite","@id":"https:\/\/giocarelottoonline.it\/sv\/#website","url":"https:\/\/giocarelottoonline.it\/sv\/","name":"Giocare lotto online","description":"Just another WordPress site","potentialAction":[{"@type":"SearchAction","target":{"@type":"EntryPoint","urlTemplate":"https:\/\/giocarelottoonline.it\/sv\/?s={search_term_string}"},"query-input":{"@type":"PropertyValueSpecification","valueRequired":true,"valueName":"search_term_string"}}],"inLanguage":"sv-SE"}]}},"_links":{"self":[{"href":"http:\/\/giocarelottoonline.it\/sv\/wp-json\/wp\/v2\/pages\/136","targetHints":{"allow":["GET"]}}],"collection":[{"href":"http:\/\/giocarelottoonline.it\/sv\/wp-json\/wp\/v2\/pages"}],"about":[{"href":"http:\/\/giocarelottoonline.it\/sv\/wp-json\/wp\/v2\/types\/page"}],"author":[{"embeddable":true,"href":"http:\/\/giocarelottoonline.it\/sv\/wp-json\/wp\/v2\/users\/1"}],"replies":[{"embeddable":true,"href":"http:\/\/giocarelottoonline.it\/sv\/wp-json\/wp\/v2\/comments?post=136"}],"version-history":[{"count":0,"href":"http:\/\/giocarelottoonline.it\/sv\/wp-json\/wp\/v2\/pages\/136\/revisions"}],"wp:attachment":[{"href":"http:\/\/giocarelottoonline.it\/sv\/wp-json\/wp\/v2\/media?parent=136"}],"curies":[{"name":"wp","href":"https:\/\/api.w.org\/{rel}","templated":true}]}}