{"id":135,"date":"2025-07-15T15:51:07","date_gmt":"2025-07-15T15:51:07","guid":{"rendered":"http:\/\/giocarelottoonline.it\/domov\/"},"modified":"2025-07-15T15:51:07","modified_gmt":"2025-07-15T15:51:07","slug":"domov","status":"publish","type":"page","link":"http:\/\/giocarelottoonline.it\/sl\/","title":{"rendered":"Domov"},"content":{"rendered":"<h2>Igranje lota na spletu je varno in enostavno<\/h2>\n<p>\u010ce ste si vedno \u017eeleli sodelovati v enem od ve\u010djih mednarodnih loto tekmovanj, imate zdaj mo\u017enost igrati kateri koli loto na spletu, pa naj bo to lokalno ali mednarodno loto tekmovanje.<\/p>\n<p>To pomeni ve\u010djo raznolikost in ve\u010djo mo\u017enost za osvojitev velikega denarja kar iz udobja svojega doma. V primerjavi z nakupom loto sre\u010dke v lokalni trgovini, kjer ste omejeni na lokalna in nacionalna \u017erebanja, ne boste imeli le omejene izbire, ampak je tudi tveganje, da izgubite sre\u010dko (in mo\u017enosti za osvojitev dragocenega jackpota), ve\u010dje kot pri spletni sre\u010dki, ki ostane na va\u0161em ra\u010dunu ali e-po\u0161ti tako dolgo, kot \u017eelite.<\/p>\n<p>Poleg tega si prihranite te\u017eave s \u010dakanjem v dolgi vrsti samo za svojo sre\u010dko. Z le nekaj kliki lahko kupite sre\u010dko in imate prilo\u017enost osvojiti loterijo na spletu, kjer koli \u017ee ste. Vse spletne loterije z jackpotom so na voljo na spletu na <a href=\"https:\/\/www.jackpotlotteryonline.com\">www.jackpotlotteryonline.com<\/a>.<\/p>\n<p>Na\u0161e spletno mesto ne ponuja le \u0161iroke izbire, od ameri\u0161kih do evropskih in avstralskih loterij, temve\u010d je tudi najla\u017eji na\u010din za osvojitev loterije na spletu. Najprej ponujamo najnovej\u0161e ocene loterij, ki vam bodo pomagale pri odlo\u010ditvi, katero \u017erebanje izbrati. Ve\u010dina spletnih mest pa vam ne da odgovorov o legitimnosti mednarodne loterije ali spletnega mesta z loterijo.<\/p>\n<p>In ni omejitve glede \u0161tevila tekmovanj ali loterij, na katere lahko stavite. Izbirate lahko med ve\u010d kot 25 najve\u010djimi jackpoti na svetu, ki so vsi na voljo na spletu. In ni vam treba biti prebivalec dr\u017eave, ki gosti loto. Z naro\u010dilom sre\u010dke vsaj 24 ur pred datumom \u017erebanja boste imeli mo\u017enost osvojiti <a href=\"https:\/\/lottoonline365.com\/it\" target=\"_blank\" rel=\"noopener\">ve\u010dmilijonski jackpot lota pri kateri koli mednarodni organizaciji<\/a>.<\/p>\n<h2>Kako lahko dobite prilo\u017enost za zmago na loteriji ali spletni loteriji?<\/h2>\n<p>Preprosto je. \u010ce \u017eelite igrati loto na spletu, preprosto kliknite na povezave levo in desno od izbrane loterije in izberite \u0161tevilke. \u010ce imate te\u017eave z odlo\u010ditvijo, katero \u0161tevilko izbrati, lahko uporabite na\u0161 generator naklju\u010dnih \u0161tevil. Izbira je povsem va\u0161a. Ko izberete \u0161tevilke, se boste morali registrirati na RedFoxLotto.<\/p>\n<p>RedFoxLotto je varna in zanesljiva spletna storitev, ki vam omogo\u010da enostaven spletni nakup sre\u010dk za katero koli igro lota. Podjetje kupi sre\u010dko za vas od loterije, ko oddate stavo, in vam po\u0161lje skenirano kopijo sre\u010dke z va\u0161im imenom. Prav tako vas lahko obvestijo, ko zadenete, in vam pomagajo prevzeti denar.<\/p>\n<p>Nato izberite enega od ponujenih na\u010dinov pla\u010dila. Izbirate lahko med kreditnimi karticami, Ukashom, ban\u010dnim nakazilom, Western Unionom, Moneybookersom in ClickandBuyom, vsemi varnimi in veljavnimi na\u010dini pla\u010dila. Po pla\u010dilu se lahko sprostite in po\u010dakate na e-po\u0161to z obvestilom o va\u0161i loterijski zmagi.<\/p>\n<p>Vendar ne pozabite, da bodo mo\u017enosti za zmago oziroma velikost va\u0161e nagrade odvisne od \u0161tevilnih dejavnikov, kot je odstotek ljudi, ki so stavili na isto \u0161tevilko, ali odstotek skupnega zneska, ki ga bo loterija izpla\u010dala kot dobitek. Zato je pomembno, da preden se odlo\u010dite, katero spletno loterijo ali loto boste igrali, poi\u0161\u010dete najvi\u0161ji jackpot, da lahko izberete tisto z najbolj\u0161imi mo\u017enostmi za zmago.<\/p>\n","protected":false},"excerpt":{"rendered":"<p>Igranje lota na spletu je varno in enostavno \u010ce ste si vedno \u017eeleli sodelovati v enem od ve\u010djih mednarodnih loto tekmovanj, imate zdaj mo\u017enost igrati kateri koli loto na spletu, pa naj bo to lokalno ali mednarodno loto tekmovanje. To pomeni ve\u010djo raznolikost in ve\u010djo mo\u017enost za osvojitev velikega denarja kar iz udobja svojega doma. [&hellip;]<\/p>\n","protected":false},"author":1,"featured_media":0,"parent":0,"menu_order":0,"comment_status":"closed","ping_status":"closed","template":"","meta":{"footnotes":""},"class_list":["post-135","page","type-page","status-publish","hentry"],"yoast_head":"<!-- This site is optimized with the Yoast SEO plugin v27.3 - https:\/\/yoast.com\/product\/yoast-seo-wordpress\/ -->\n<title>Igranje lota na spletu<\/title>\n<meta name=\"robots\" content=\"index, follow, max-snippet:-1, max-image-preview:large, max-video-preview:-1\" \/>\n<link rel=\"canonical\" href=\"http:\/\/giocarelottoonline.it\/sl\/\" \/>\n<meta property=\"og:locale\" content=\"sl_SI\" \/>\n<meta property=\"og:type\" content=\"article\" \/>\n<meta property=\"og:title\" content=\"Igranje lota na spletu\" \/>\n<meta property=\"og:description\" content=\"Igranje lota na spletu je varno in enostavno \u010ce ste si vedno \u017eeleli sodelovati v enem od ve\u010djih mednarodnih loto tekmovanj, imate zdaj mo\u017enost igrati kateri koli loto na spletu, pa naj bo to lokalno ali mednarodno loto tekmovanje. To pomeni ve\u010djo raznolikost in ve\u010djo mo\u017enost za osvojitev velikega denarja kar iz udobja svojega doma. [&hellip;]\" \/>\n<meta property=\"og:url\" content=\"http:\/\/giocarelottoonline.it\/sl\/\" \/>\n<meta property=\"og:site_name\" content=\"Giocare lotto online\" \/>\n<meta name=\"twitter:card\" content=\"summary_large_image\" \/>\n<meta name=\"twitter:label1\" content=\"Est. reading time\" \/>\n\t<meta name=\"twitter:data1\" content=\"3 minute\" \/>\n<script type=\"application\/ld+json\" class=\"yoast-schema-graph\">{\"@context\":\"https:\\\/\\\/schema.org\",\"@graph\":[{\"@type\":\"WebPage\",\"@id\":\"http:\\\/\\\/giocarelottoonline.it\\\/sl\\\/\",\"url\":\"http:\\\/\\\/giocarelottoonline.it\\\/sl\\\/\",\"name\":\"Igranje lota na spletu\",\"isPartOf\":{\"@id\":\"http:\\\/\\\/giocarelottoonline.it\\\/sl\\\/#website\"},\"datePublished\":\"2025-07-15T15:51:07+00:00\",\"breadcrumb\":{\"@id\":\"http:\\\/\\\/giocarelottoonline.it\\\/sl\\\/#breadcrumb\"},\"inLanguage\":\"sl-SI\",\"potentialAction\":[{\"@type\":\"ReadAction\",\"target\":[\"http:\\\/\\\/giocarelottoonline.it\\\/sl\\\/\"]}]},{\"@type\":\"BreadcrumbList\",\"@id\":\"http:\\\/\\\/giocarelottoonline.it\\\/sl\\\/#breadcrumb\",\"itemListElement\":[{\"@type\":\"ListItem\",\"position\":1,\"name\":\"Home\",\"item\":\"http:\\\/\\\/giocarelottoonline.it\\\/sl\\\/\"},{\"@type\":\"ListItem\",\"position\":2,\"name\":\"Domov\"}]},{\"@type\":\"WebSite\",\"@id\":\"http:\\\/\\\/giocarelottoonline.it\\\/sl\\\/#website\",\"url\":\"http:\\\/\\\/giocarelottoonline.it\\\/sl\\\/\",\"name\":\"Giocare lotto online\",\"description\":\"Just another WordPress site\",\"potentialAction\":[{\"@type\":\"SearchAction\",\"target\":{\"@type\":\"EntryPoint\",\"urlTemplate\":\"http:\\\/\\\/giocarelottoonline.it\\\/sl\\\/?s={search_term_string}\"},\"query-input\":{\"@type\":\"PropertyValueSpecification\",\"valueRequired\":true,\"valueName\":\"search_term_string\"}}],\"inLanguage\":\"sl-SI\"}]}<\/script>\n<!-- \/ Yoast SEO plugin. -->","yoast_head_json":{"title":"Igranje lota na spletu","robots":{"index":"index","follow":"follow","max-snippet":"max-snippet:-1","max-image-preview":"max-image-preview:large","max-video-preview":"max-video-preview:-1"},"canonical":"http:\/\/giocarelottoonline.it\/sl\/","og_locale":"sl_SI","og_type":"article","og_title":"Igranje lota na spletu","og_description":"Igranje lota na spletu je varno in enostavno \u010ce ste si vedno \u017eeleli sodelovati v enem od ve\u010djih mednarodnih loto tekmovanj, imate zdaj mo\u017enost igrati kateri koli loto na spletu, pa naj bo to lokalno ali mednarodno loto tekmovanje. To pomeni ve\u010djo raznolikost in ve\u010djo mo\u017enost za osvojitev velikega denarja kar iz udobja svojega doma. [&hellip;]","og_url":"http:\/\/giocarelottoonline.it\/sl\/","og_site_name":"Giocare lotto online","twitter_card":"summary_large_image","twitter_misc":{"Est. reading time":"3 minute"},"schema":{"@context":"https:\/\/schema.org","@graph":[{"@type":"WebPage","@id":"http:\/\/giocarelottoonline.it\/sl\/","url":"http:\/\/giocarelottoonline.it\/sl\/","name":"Igranje lota na spletu","isPartOf":{"@id":"http:\/\/giocarelottoonline.it\/sl\/#website"},"datePublished":"2025-07-15T15:51:07+00:00","breadcrumb":{"@id":"http:\/\/giocarelottoonline.it\/sl\/#breadcrumb"},"inLanguage":"sl-SI","potentialAction":[{"@type":"ReadAction","target":["http:\/\/giocarelottoonline.it\/sl\/"]}]},{"@type":"BreadcrumbList","@id":"http:\/\/giocarelottoonline.it\/sl\/#breadcrumb","itemListElement":[{"@type":"ListItem","position":1,"name":"Home","item":"http:\/\/giocarelottoonline.it\/sl\/"},{"@type":"ListItem","position":2,"name":"Domov"}]},{"@type":"WebSite","@id":"http:\/\/giocarelottoonline.it\/sl\/#website","url":"http:\/\/giocarelottoonline.it\/sl\/","name":"Giocare lotto online","description":"Just another WordPress site","potentialAction":[{"@type":"SearchAction","target":{"@type":"EntryPoint","urlTemplate":"http:\/\/giocarelottoonline.it\/sl\/?s={search_term_string}"},"query-input":{"@type":"PropertyValueSpecification","valueRequired":true,"valueName":"search_term_string"}}],"inLanguage":"sl-SI"}]}},"_links":{"self":[{"href":"http:\/\/giocarelottoonline.it\/sl\/wp-json\/wp\/v2\/pages\/135","targetHints":{"allow":["GET"]}}],"collection":[{"href":"http:\/\/giocarelottoonline.it\/sl\/wp-json\/wp\/v2\/pages"}],"about":[{"href":"http:\/\/giocarelottoonline.it\/sl\/wp-json\/wp\/v2\/types\/page"}],"author":[{"embeddable":true,"href":"http:\/\/giocarelottoonline.it\/sl\/wp-json\/wp\/v2\/users\/1"}],"replies":[{"embeddable":true,"href":"http:\/\/giocarelottoonline.it\/sl\/wp-json\/wp\/v2\/comments?post=135"}],"version-history":[{"count":0,"href":"http:\/\/giocarelottoonline.it\/sl\/wp-json\/wp\/v2\/pages\/135\/revisions"}],"wp:attachment":[{"href":"http:\/\/giocarelottoonline.it\/sl\/wp-json\/wp\/v2\/media?parent=135"}],"curies":[{"name":"wp","href":"https:\/\/api.w.org\/{rel}","templated":true}]}}