{"id":134,"date":"2025-07-15T15:51:07","date_gmt":"2025-07-15T15:51:07","guid":{"rendered":"http:\/\/giocarelottoonline.it\/domov\/"},"modified":"2025-07-15T15:51:07","modified_gmt":"2025-07-15T15:51:07","slug":"domov","status":"publish","type":"page","link":"http:\/\/giocarelottoonline.it\/sk\/","title":{"rendered":"Domov"},"content":{"rendered":"<h2>Hranie lot\u00e9rie online je bezpe\u010dn\u00e9 a jednoduch\u00e9<\/h2>\n<p>Ak ste sa v\u017edy chceli z\u00fa\u010dastni\u0165 jednej z hlavn\u00fdch medzin\u00e1rodn\u00fdch lot\u00e9riov\u00fdch s\u00fa\u0165a\u017e\u00ed, teraz m\u00e1te mo\u017enos\u0165 hra\u0165 ak\u00fako\u013evek lot\u00e9riu online, \u010di u\u017e ide o miestnu alebo medzin\u00e1rodn\u00fa lot\u00e9riov\u00fa s\u00fa\u0165a\u017e.<\/p>\n<p>To znamen\u00e1 v\u00e4\u010d\u0161iu rozmanitos\u0165 a v\u00e4\u010d\u0161iu \u0161ancu vyhra\u0165 ve\u013ek\u00e9 peniaze priamo z pohodlia domova. V porovnan\u00ed s k\u00fapou lot\u00e9riov\u00e9ho tiketu v miestnom obchode, kde ste obmedzen\u00ed na miestne a n\u00e1rodn\u00e9 \u017erebovania, budete ma\u0165 nielen obmedzen\u00fd v\u00fdber, ale riziko straty tiketu (a \u0161ance na v\u00fdhru cenn\u00e9ho jackpotu) je v\u00e4\u010d\u0161ie ako pri online tikete, ktor\u00fd zost\u00e1va na va\u0161om \u00fa\u010dte alebo v e-maile tak dlho, ako chcete.<\/p>\n<p>Navy\u0161e si u\u0161etr\u00edte starosti s \u010dakan\u00edm v dlhom rade len na to, aby ste si tiket zaobstarali. Len nieko\u013ek\u00fdmi kliknutiami si m\u00f4\u017eete k\u00fapi\u0165 tiket a ma\u0165 \u0161ancu vyhra\u0165 lot\u00e9riu online, nech ste kdeko\u013evek. V\u0161etky online jackpotov\u00e9 lot\u00e9rie s\u00fa dostupn\u00e9 online na <a href=\"https:\/\/www.jackpotlotteryonline.com\">www.jackpotlotteryonline.com<\/a>.<\/p>\n<p>Na\u0161a str\u00e1nka pon\u00faka nielen \u0161irok\u00fd v\u00fdber, od americk\u00fdch a\u017e po eur\u00f3pske a austr\u00e1lske lot\u00e9rie, ale je to aj najjednoduch\u0161\u00ed sp\u00f4sob, ako vyhra\u0165 v lot\u00e9rii online. Po prv\u00e9, pon\u00fakame najnov\u0161ie recenzie lot\u00e9ri\u00ed, ktor\u00e9 v\u00e1m pom\u00f4\u017eu rozhodn\u00fa\u0165 sa, ktor\u00e9 \u017erebovanie si vybra\u0165. V\u00e4\u010d\u0161ina webov\u00fdch str\u00e1nok v\u00e1m na druhej strane neposkytne odpovede na ot\u00e1zky o legit\u00edmnosti medzin\u00e1rodnej lot\u00e9rie alebo lot\u00e9riovej str\u00e1nky.<\/p>\n<p>A po\u010det s\u00fa\u0165a\u017e\u00ed alebo lot\u00e9ri\u00ed, na ktor\u00e9 m\u00f4\u017eete stavi\u0165, nie je obmedzen\u00fd. Vyberte si z viac ako 25 najv\u00e4\u010d\u0161\u00edch jackpotov na svete, v\u0161etky dostupn\u00e9 online. A nemus\u00edte by\u0165 obyvate\u013eom krajiny, ktor\u00e1 lot\u00e9riu organizuje. Objednan\u00edm tiketu najmenej 24 hod\u00edn pred d\u00e1tumom \u017erebovania budete ma\u0165 \u0161ancu vyhra\u0165 <a href=\"https:\/\/lottoonline365.com\/it\" target=\"_blank\" rel=\"noopener\">multimili\u00f3nov\u00fd jackpot Lotto od akejko\u013evek medzin\u00e1rodnej organiz\u00e1cie<\/a>.<\/p>\n<h2>Ako m\u00f4\u017eete z\u00edska\u0165 \u0161ancu vyhra\u0165 v lot\u00e9rii alebo online lot\u00e9rii?<\/h2>\n<p>Je to jednoduch\u00e9. Ak chcete hra\u0165 Lotto online, sta\u010d\u00ed klikn\u00fa\u0165 na odkazy na\u013eavo a napravo od Lotto, ktor\u00e9 ste si vybrali, a vybra\u0165 si \u010d\u00edsla. Ak m\u00e1te probl\u00e9m s rozhodnut\u00edm, ktor\u00e9 \u010d\u00edslo si vybra\u0165, m\u00f4\u017eete pou\u017ei\u0165 n\u00e1\u0161 gener\u00e1tor n\u00e1hodn\u00fdch \u010d\u00edsel. V\u00fdber je \u00faplne na v\u00e1s. Po v\u00fdbere \u010d\u00edsel sa budete musie\u0165 zaregistrova\u0165 na RedFoxLotto.<\/p>\n<p>RedFoxLotto je bezpe\u010dn\u00e1 a spo\u013eahliv\u00e1 online slu\u017eba, ktor\u00e1 v\u00e1m umo\u017e\u0148uje jednoducho zak\u00fapi\u0165 tikety online na ak\u00fako\u013evek hru Lotto. Spolo\u010dnos\u0165 zak\u00fapi tiket za v\u00e1s z lot\u00e9rie po tom, \u010do pod\u00e1te st\u00e1vku, a po\u0161le v\u00e1m naskenovan\u00fa k\u00f3piu tiketu s va\u0161\u00edm menom. M\u00f4\u017eu v\u00e1s tie\u017e upozorni\u0165 na v\u00fdhru a pom\u00f4c\u0165 v\u00e1m s vyzdvihnut\u00edm pe\u0148az\u00ed.<\/p>\n<p>Potom si vyberte jednu z pon\u00fakan\u00fdch platobn\u00fdch met\u00f3d. M\u00f4\u017eete si vybra\u0165 z kreditn\u00fdch kariet, Ukash, bankov\u00e9ho prevodu, Western Union, Moneybookers a ClickandBuy, \u010do s\u00fa v\u0161etky bezpe\u010dn\u00e9 a platn\u00e9 platobn\u00e9 met\u00f3dy. Po vykonan\u00ed platby si m\u00f4\u017eete odd\u00fdchnu\u0165 a \u010daka\u0165 na e-mail s ozn\u00e1men\u00edm o va\u0161ej v\u00fdhre v lot\u00e9rii.<\/p>\n<p>Mali by ste si v\u0161ak uvedomi\u0165, \u017ee \u0161anca na v\u00fdhru alebo v\u00fd\u0161ka va\u0161ej ceny bude z\u00e1visie\u0165 od mnoh\u00fdch faktorov, ako je percento \u013eud\u00ed, ktor\u00ed stavili na rovnak\u00e9 \u010d\u00edslo, alebo percento z celkovej sumy, ktor\u00e9 lot\u00e9ria vyplat\u00ed ako v\u00fdhru. Preto je d\u00f4le\u017eit\u00e9 h\u013eada\u0165 najvy\u0161\u0161\u00ed jackpot predt\u00fdm, ako sa rozhodnete, ktor\u00fa online lot\u00e9riu alebo lot\u00e9riu budete hra\u0165, aby ste si mohli vybra\u0165 t\u00fa s najlep\u0161ou \u0161ancou na v\u00fdhru.<\/p>\n","protected":false},"excerpt":{"rendered":"<p>Hranie lot\u00e9rie online je bezpe\u010dn\u00e9 a jednoduch\u00e9 Ak ste sa v\u017edy chceli z\u00fa\u010dastni\u0165 jednej z hlavn\u00fdch medzin\u00e1rodn\u00fdch lot\u00e9riov\u00fdch s\u00fa\u0165a\u017e\u00ed, teraz m\u00e1te mo\u017enos\u0165 hra\u0165 ak\u00fako\u013evek lot\u00e9riu online, \u010di u\u017e ide o miestnu alebo medzin\u00e1rodn\u00fa lot\u00e9riov\u00fa s\u00fa\u0165a\u017e. To znamen\u00e1 v\u00e4\u010d\u0161iu rozmanitos\u0165 a v\u00e4\u010d\u0161iu \u0161ancu vyhra\u0165 ve\u013ek\u00e9 peniaze priamo z pohodlia domova. V porovnan\u00ed s k\u00fapou lot\u00e9riov\u00e9ho tiketu [&hellip;]<\/p>\n","protected":false},"author":1,"featured_media":0,"parent":0,"menu_order":0,"comment_status":"closed","ping_status":"closed","template":"","meta":{"footnotes":""},"class_list":["post-134","page","type-page","status-publish","hentry"],"yoast_head":"<!-- This site is optimized with the Yoast SEO plugin v27.3 - https:\/\/yoast.com\/product\/yoast-seo-wordpress\/ -->\n<title>Hranie lot\u00e9rie online<\/title>\n<meta name=\"robots\" content=\"index, follow, max-snippet:-1, max-image-preview:large, max-video-preview:-1\" \/>\n<link rel=\"canonical\" href=\"http:\/\/giocarelottoonline.it\/sk\/\" \/>\n<meta property=\"og:locale\" content=\"sk_SK\" \/>\n<meta property=\"og:type\" content=\"article\" \/>\n<meta property=\"og:title\" content=\"Hranie lot\u00e9rie online\" \/>\n<meta property=\"og:description\" content=\"Hranie lot\u00e9rie online je bezpe\u010dn\u00e9 a jednoduch\u00e9 Ak ste sa v\u017edy chceli z\u00fa\u010dastni\u0165 jednej z hlavn\u00fdch medzin\u00e1rodn\u00fdch lot\u00e9riov\u00fdch s\u00fa\u0165a\u017e\u00ed, teraz m\u00e1te mo\u017enos\u0165 hra\u0165 ak\u00fako\u013evek lot\u00e9riu online, \u010di u\u017e ide o miestnu alebo medzin\u00e1rodn\u00fa lot\u00e9riov\u00fa s\u00fa\u0165a\u017e. To znamen\u00e1 v\u00e4\u010d\u0161iu rozmanitos\u0165 a v\u00e4\u010d\u0161iu \u0161ancu vyhra\u0165 ve\u013ek\u00e9 peniaze priamo z pohodlia domova. V porovnan\u00ed s k\u00fapou lot\u00e9riov\u00e9ho tiketu [&hellip;]\" \/>\n<meta property=\"og:url\" content=\"http:\/\/giocarelottoonline.it\/sk\/\" \/>\n<meta property=\"og:site_name\" content=\"Giocare lotto online\" \/>\n<meta name=\"twitter:card\" content=\"summary_large_image\" \/>\n<meta name=\"twitter:label1\" content=\"Predpokladan\u00fd \u010das \u010d\u00edtania\" \/>\n\t<meta name=\"twitter:data1\" content=\"3 min\u00faty\" \/>\n<script type=\"application\/ld+json\" class=\"yoast-schema-graph\">{\"@context\":\"https:\\\/\\\/schema.org\",\"@graph\":[{\"@type\":\"WebPage\",\"@id\":\"http:\\\/\\\/giocarelottoonline.it\\\/sk\\\/\",\"url\":\"http:\\\/\\\/giocarelottoonline.it\\\/sk\\\/\",\"name\":\"Hranie lot\u00e9rie online\",\"isPartOf\":{\"@id\":\"https:\\\/\\\/giocarelottoonline.it\\\/sk\\\/#website\"},\"datePublished\":\"2025-07-15T15:51:07+00:00\",\"breadcrumb\":{\"@id\":\"http:\\\/\\\/giocarelottoonline.it\\\/sk\\\/#breadcrumb\"},\"inLanguage\":\"sk-SK\",\"potentialAction\":[{\"@type\":\"ReadAction\",\"target\":[\"http:\\\/\\\/giocarelottoonline.it\\\/sk\\\/\"]}]},{\"@type\":\"BreadcrumbList\",\"@id\":\"http:\\\/\\\/giocarelottoonline.it\\\/sk\\\/#breadcrumb\",\"itemListElement\":[{\"@type\":\"ListItem\",\"position\":1,\"name\":\"Home\",\"item\":\"http:\\\/\\\/giocarelottoonline.it\\\/sk\\\/\"},{\"@type\":\"ListItem\",\"position\":2,\"name\":\"Domov\"}]},{\"@type\":\"WebSite\",\"@id\":\"https:\\\/\\\/giocarelottoonline.it\\\/sk\\\/#website\",\"url\":\"https:\\\/\\\/giocarelottoonline.it\\\/sk\\\/\",\"name\":\"Giocare lotto online\",\"description\":\"Just another WordPress site\",\"potentialAction\":[{\"@type\":\"SearchAction\",\"target\":{\"@type\":\"EntryPoint\",\"urlTemplate\":\"https:\\\/\\\/giocarelottoonline.it\\\/sk\\\/?s={search_term_string}\"},\"query-input\":{\"@type\":\"PropertyValueSpecification\",\"valueRequired\":true,\"valueName\":\"search_term_string\"}}],\"inLanguage\":\"sk-SK\"}]}<\/script>\n<!-- \/ Yoast SEO plugin. -->","yoast_head_json":{"title":"Hranie lot\u00e9rie online","robots":{"index":"index","follow":"follow","max-snippet":"max-snippet:-1","max-image-preview":"max-image-preview:large","max-video-preview":"max-video-preview:-1"},"canonical":"http:\/\/giocarelottoonline.it\/sk\/","og_locale":"sk_SK","og_type":"article","og_title":"Hranie lot\u00e9rie online","og_description":"Hranie lot\u00e9rie online je bezpe\u010dn\u00e9 a jednoduch\u00e9 Ak ste sa v\u017edy chceli z\u00fa\u010dastni\u0165 jednej z hlavn\u00fdch medzin\u00e1rodn\u00fdch lot\u00e9riov\u00fdch s\u00fa\u0165a\u017e\u00ed, teraz m\u00e1te mo\u017enos\u0165 hra\u0165 ak\u00fako\u013evek lot\u00e9riu online, \u010di u\u017e ide o miestnu alebo medzin\u00e1rodn\u00fa lot\u00e9riov\u00fa s\u00fa\u0165a\u017e. To znamen\u00e1 v\u00e4\u010d\u0161iu rozmanitos\u0165 a v\u00e4\u010d\u0161iu \u0161ancu vyhra\u0165 ve\u013ek\u00e9 peniaze priamo z pohodlia domova. V porovnan\u00ed s k\u00fapou lot\u00e9riov\u00e9ho tiketu [&hellip;]","og_url":"http:\/\/giocarelottoonline.it\/sk\/","og_site_name":"Giocare lotto online","twitter_card":"summary_large_image","twitter_misc":{"Predpokladan\u00fd \u010das \u010d\u00edtania":"3 min\u00faty"},"schema":{"@context":"https:\/\/schema.org","@graph":[{"@type":"WebPage","@id":"http:\/\/giocarelottoonline.it\/sk\/","url":"http:\/\/giocarelottoonline.it\/sk\/","name":"Hranie lot\u00e9rie online","isPartOf":{"@id":"https:\/\/giocarelottoonline.it\/sk\/#website"},"datePublished":"2025-07-15T15:51:07+00:00","breadcrumb":{"@id":"http:\/\/giocarelottoonline.it\/sk\/#breadcrumb"},"inLanguage":"sk-SK","potentialAction":[{"@type":"ReadAction","target":["http:\/\/giocarelottoonline.it\/sk\/"]}]},{"@type":"BreadcrumbList","@id":"http:\/\/giocarelottoonline.it\/sk\/#breadcrumb","itemListElement":[{"@type":"ListItem","position":1,"name":"Home","item":"http:\/\/giocarelottoonline.it\/sk\/"},{"@type":"ListItem","position":2,"name":"Domov"}]},{"@type":"WebSite","@id":"https:\/\/giocarelottoonline.it\/sk\/#website","url":"https:\/\/giocarelottoonline.it\/sk\/","name":"Giocare lotto online","description":"Just another WordPress site","potentialAction":[{"@type":"SearchAction","target":{"@type":"EntryPoint","urlTemplate":"https:\/\/giocarelottoonline.it\/sk\/?s={search_term_string}"},"query-input":{"@type":"PropertyValueSpecification","valueRequired":true,"valueName":"search_term_string"}}],"inLanguage":"sk-SK"}]}},"_links":{"self":[{"href":"http:\/\/giocarelottoonline.it\/sk\/wp-json\/wp\/v2\/pages\/134","targetHints":{"allow":["GET"]}}],"collection":[{"href":"http:\/\/giocarelottoonline.it\/sk\/wp-json\/wp\/v2\/pages"}],"about":[{"href":"http:\/\/giocarelottoonline.it\/sk\/wp-json\/wp\/v2\/types\/page"}],"author":[{"embeddable":true,"href":"http:\/\/giocarelottoonline.it\/sk\/wp-json\/wp\/v2\/users\/1"}],"replies":[{"embeddable":true,"href":"http:\/\/giocarelottoonline.it\/sk\/wp-json\/wp\/v2\/comments?post=134"}],"version-history":[{"count":0,"href":"http:\/\/giocarelottoonline.it\/sk\/wp-json\/wp\/v2\/pages\/134\/revisions"}],"wp:attachment":[{"href":"http:\/\/giocarelottoonline.it\/sk\/wp-json\/wp\/v2\/media?parent=134"}],"curies":[{"name":"wp","href":"https:\/\/api.w.org\/{rel}","templated":true}]}}