{"id":131,"date":"2025-07-15T15:51:07","date_gmt":"2025-07-15T15:51:07","guid":{"rendered":"http:\/\/giocarelottoonline.it\/acasa\/"},"modified":"2025-07-15T15:51:07","modified_gmt":"2025-07-15T15:51:07","slug":"acasa","status":"publish","type":"page","link":"http:\/\/giocarelottoonline.it\/ro\/","title":{"rendered":"Acas\u0103"},"content":{"rendered":"<h2>Jocul la Loto online este sigur \u0219i u\u0219or<\/h2>\n<p>Dac\u0103 a\u021bi dorit dintotdeauna s\u0103 participa\u021bi la una dintre cele mai importante competi\u021bii interna\u021bionale de Loto, acum ave\u021bi op\u021biunea de a juca orice Loto online, fie c\u0103 este vorba de o competi\u021bie local\u0103 sau interna\u021bional\u0103.<\/p>\n<p>Aceasta \u00eenseamn\u0103 mai mult\u0103 varietate \u0219i o \u0219ans\u0103 mai mare de a c\u00e2\u0219tiga sume mari de bani direct din confortul casei dumneavoastr\u0103. Comparativ cu cump\u0103rarea unui bilet de Loto de la un magazin local, unde sunte\u021bi limitat la extrageri locale \u0219i na\u021bionale, nu numai c\u0103 ve\u021bi avea op\u021biuni limitate, dar riscul de a pierde biletul (\u0219i \u0219ansele de a c\u00e2\u0219tiga jackpotul) este mai mare dec\u00e2t \u00een \u200b\u200bcazul unui bilet online care r\u0103m\u00e2ne \u00een contul sau e-mailul dumneavoastr\u0103 c\u00e2t timp dori\u021bi.<\/p>\n<p>\u00cen plus, v\u0103 scuti\u021bi de b\u0103taia de cap de a a\u0219tepta la o coad\u0103 lung\u0103 doar pentru a v\u0103 lua biletul. \u00cen doar c\u00e2teva clicuri, pute\u021bi cump\u0103ra un bilet \u0219i ave\u021bi \u0219ansa de a c\u00e2\u0219tiga la loterie online, oriunde v-a\u021bi afla. Toate loteriile online cu jackpot sunt disponibile online la <a href=\"https:\/\/www.jackpotlotteronline.com\">www.jackpotlotteronline.com<\/a>.<\/p>\n<p>Site-ul nostru nu numai c\u0103 ofer\u0103 o selec\u021bie larg\u0103, de la loterii americane la loterii europene \u0219i australiene, dar este \u0219i cea mai u\u0219oar\u0103 modalitate de a c\u00e2\u0219tiga la loterie online. \u00cen primul r\u00e2nd, oferim cele mai recente recenzii ale loteriei pentru a v\u0103 ajuta s\u0103 decide\u021bi ce extragere s\u0103 alege\u021bi. Majoritatea site-urilor web, pe de alt\u0103 parte, nu v\u0103 ofer\u0103 r\u0103spunsuri despre legitimitatea unei loterii interna\u021bionale sau a unui site de loterie.<\/p>\n<p>\u0218i nu exist\u0103 nicio limit\u0103 la num\u0103rul de concursuri sau loterii pe care v\u0103 pute\u021bi plasa pariurile. Alege\u021bi dintre peste 25 dintre cele mai mari jackpoturi din lume, toate disponibile online. \u0218i nu trebuie s\u0103 fi\u021bi rezident al \u021b\u0103rii care de\u021bine loteria. Comand\u00e2nd un bilet cu cel pu\u021bin 24 de ore \u00eenainte de data extragerii, ve\u021bi avea \u0219ansa de a c\u00e2\u0219tiga un <a href=\"https:\/\/lottoonline365.com\/it\" target=\"_blank\" rel=\"noopener\">jackpot loto de milioane de dolari de la orice organiza\u021bie interna\u021bional\u0103<\/a>.<\/p>\n<h2>Cum pute\u021bi avea \u0219ansa de a c\u00e2\u0219tiga la loterie sau la o loterie online?<\/h2>\n<p>Este simplu. Pentru a juca Loto online, trebuie doar s\u0103 da\u021bi clic pe linkurile din st\u00e2nga \u0219i din dreapta num\u0103rului de Loto ales \u0219i s\u0103 alege\u021bi numerele. Dac\u0103 \u00eent\u00e2mpina\u021bi dificult\u0103\u021bi \u00een a v\u0103 decide ce num\u0103r s\u0103 alege\u021bi, pute\u021bi utiliza generatorul nostru de numere aleatorii. Alegerea v\u0103 apar\u021bine \u00een \u00eentregime. Dup\u0103 ce a\u021bi ales numerele, va trebui s\u0103 v\u0103 \u00eenregistra\u021bi pe RedFoxLotto.<\/p>\n<p>RedFoxLotto este un serviciu online sigur \u0219i fiabil care v\u0103 permite s\u0103 achizi\u021biona\u021bi cu u\u0219urin\u021b\u0103 bilete online pentru orice joc de Loto. Compania cump\u0103r\u0103 biletul pentru dvs. de la loterie dup\u0103 ce plasa\u021bi pariul \u0219i v\u0103 trimite o copie scanat\u0103 a biletului cu numele dvs. pe ea. De asemenea, v\u0103 pot notifica c\u00e2nd a\u021bi c\u00e2\u0219tigat \u0219i v\u0103 pot ajuta s\u0103 v\u0103 \u00eencasa\u021bi banii.<\/p>\n<p>Apoi, alege\u021bi una dintre metodele de plat\u0103 oferite. Pute\u021bi alege dintre carduri de credit, Ukash, transfer bancar, Western Union, Moneybookers \u0219i ClickandBuy, toate metode de plat\u0103 sigure \u0219i valide. Dup\u0103 efectuarea pl\u0103\u021bii, v\u0103 pute\u021bi relaxa \u0219i a\u0219tepta e-mailul care v\u0103 anun\u021b\u0103 c\u00e2\u0219tigul la loterie.<\/p>\n<p>Totu\u0219i, trebuie s\u0103 re\u021bine\u021bi c\u0103 \u0219ansele de c\u00e2\u0219tig sau m\u0103rimea premiului dvs. vor depinde de mul\u021bi factori, cum ar fi procentul de persoane care pariaz\u0103 pe acela\u0219i num\u0103r sau procentul din totalul pe care loteria \u00eel va pl\u0103ti drept c\u00e2\u0219tig. De aceea, este important s\u0103 c\u0103uta\u021bi cel mai mare jackpot \u00eenainte de a decide la ce loterie sau loterie online s\u0103 juca\u021bi, astfel \u00eenc\u00e2t s\u0103 o pute\u021bi alege pe cea cu cele mai bune \u0219anse de c\u00e2\u0219tig.<\/p>\n","protected":false},"excerpt":{"rendered":"<p>Jocul la Loto online este sigur \u0219i u\u0219or Dac\u0103 a\u021bi dorit dintotdeauna s\u0103 participa\u021bi la una dintre cele mai importante competi\u021bii interna\u021bionale de Loto, acum ave\u021bi op\u021biunea de a juca orice Loto online, fie c\u0103 este vorba de o competi\u021bie local\u0103 sau interna\u021bional\u0103. Aceasta \u00eenseamn\u0103 mai mult\u0103 varietate \u0219i o \u0219ans\u0103 mai mare de a [&hellip;]<\/p>\n","protected":false},"author":1,"featured_media":0,"parent":0,"menu_order":0,"comment_status":"closed","ping_status":"closed","template":"","meta":{"footnotes":""},"class_list":["post-131","page","type-page","status-publish","hentry"],"yoast_head":"<!-- This site is optimized with the Yoast SEO plugin v27.3 - https:\/\/yoast.com\/product\/yoast-seo-wordpress\/ -->\n<title>Jocurile la loto online<\/title>\n<meta name=\"robots\" content=\"index, follow, max-snippet:-1, max-image-preview:large, max-video-preview:-1\" \/>\n<link rel=\"canonical\" href=\"http:\/\/giocarelottoonline.it\/ro\/\" \/>\n<meta property=\"og:locale\" content=\"ro_RO\" \/>\n<meta property=\"og:type\" content=\"article\" \/>\n<meta property=\"og:title\" content=\"Jocurile la loto online\" \/>\n<meta property=\"og:description\" content=\"Jocul la Loto online este sigur \u0219i u\u0219or Dac\u0103 a\u021bi dorit dintotdeauna s\u0103 participa\u021bi la una dintre cele mai importante competi\u021bii interna\u021bionale de Loto, acum ave\u021bi op\u021biunea de a juca orice Loto online, fie c\u0103 este vorba de o competi\u021bie local\u0103 sau interna\u021bional\u0103. Aceasta \u00eenseamn\u0103 mai mult\u0103 varietate \u0219i o \u0219ans\u0103 mai mare de a [&hellip;]\" \/>\n<meta property=\"og:url\" content=\"http:\/\/giocarelottoonline.it\/ro\/\" \/>\n<meta property=\"og:site_name\" content=\"Giocare lotto online\" \/>\n<meta name=\"twitter:card\" content=\"summary_large_image\" \/>\n<meta name=\"twitter:label1\" content=\"Timp estimat pentru citire\" \/>\n\t<meta name=\"twitter:data1\" content=\"3 minute\" \/>\n<script type=\"application\/ld+json\" class=\"yoast-schema-graph\">{\"@context\":\"https:\\\/\\\/schema.org\",\"@graph\":[{\"@type\":\"WebPage\",\"@id\":\"http:\\\/\\\/giocarelottoonline.it\\\/ro\\\/\",\"url\":\"http:\\\/\\\/giocarelottoonline.it\\\/ro\\\/\",\"name\":\"Jocurile la loto online\",\"isPartOf\":{\"@id\":\"https:\\\/\\\/giocarelottoonline.it\\\/ro\\\/#website\"},\"datePublished\":\"2025-07-15T15:51:07+00:00\",\"breadcrumb\":{\"@id\":\"http:\\\/\\\/giocarelottoonline.it\\\/ro\\\/#breadcrumb\"},\"inLanguage\":\"ro-RO\",\"potentialAction\":[{\"@type\":\"ReadAction\",\"target\":[\"http:\\\/\\\/giocarelottoonline.it\\\/ro\\\/\"]}]},{\"@type\":\"BreadcrumbList\",\"@id\":\"http:\\\/\\\/giocarelottoonline.it\\\/ro\\\/#breadcrumb\",\"itemListElement\":[{\"@type\":\"ListItem\",\"position\":1,\"name\":\"Home\",\"item\":\"https:\\\/\\\/giocarelottoonline.it\\\/ro\\\/\"},{\"@type\":\"ListItem\",\"position\":2,\"name\":\"Acas\u0103\"}]},{\"@type\":\"WebSite\",\"@id\":\"https:\\\/\\\/giocarelottoonline.it\\\/ro\\\/#website\",\"url\":\"https:\\\/\\\/giocarelottoonline.it\\\/ro\\\/\",\"name\":\"Giocare lotto online\",\"description\":\"Just another WordPress site\",\"potentialAction\":[{\"@type\":\"SearchAction\",\"target\":{\"@type\":\"EntryPoint\",\"urlTemplate\":\"https:\\\/\\\/giocarelottoonline.it\\\/ro\\\/?s={search_term_string}\"},\"query-input\":{\"@type\":\"PropertyValueSpecification\",\"valueRequired\":true,\"valueName\":\"search_term_string\"}}],\"inLanguage\":\"ro-RO\"}]}<\/script>\n<!-- \/ Yoast SEO plugin. -->","yoast_head_json":{"title":"Jocurile la loto online","robots":{"index":"index","follow":"follow","max-snippet":"max-snippet:-1","max-image-preview":"max-image-preview:large","max-video-preview":"max-video-preview:-1"},"canonical":"http:\/\/giocarelottoonline.it\/ro\/","og_locale":"ro_RO","og_type":"article","og_title":"Jocurile la loto online","og_description":"Jocul la Loto online este sigur \u0219i u\u0219or Dac\u0103 a\u021bi dorit dintotdeauna s\u0103 participa\u021bi la una dintre cele mai importante competi\u021bii interna\u021bionale de Loto, acum ave\u021bi op\u021biunea de a juca orice Loto online, fie c\u0103 este vorba de o competi\u021bie local\u0103 sau interna\u021bional\u0103. Aceasta \u00eenseamn\u0103 mai mult\u0103 varietate \u0219i o \u0219ans\u0103 mai mare de a [&hellip;]","og_url":"http:\/\/giocarelottoonline.it\/ro\/","og_site_name":"Giocare lotto online","twitter_card":"summary_large_image","twitter_misc":{"Timp estimat pentru citire":"3 minute"},"schema":{"@context":"https:\/\/schema.org","@graph":[{"@type":"WebPage","@id":"http:\/\/giocarelottoonline.it\/ro\/","url":"http:\/\/giocarelottoonline.it\/ro\/","name":"Jocurile la loto online","isPartOf":{"@id":"https:\/\/giocarelottoonline.it\/ro\/#website"},"datePublished":"2025-07-15T15:51:07+00:00","breadcrumb":{"@id":"http:\/\/giocarelottoonline.it\/ro\/#breadcrumb"},"inLanguage":"ro-RO","potentialAction":[{"@type":"ReadAction","target":["http:\/\/giocarelottoonline.it\/ro\/"]}]},{"@type":"BreadcrumbList","@id":"http:\/\/giocarelottoonline.it\/ro\/#breadcrumb","itemListElement":[{"@type":"ListItem","position":1,"name":"Home","item":"https:\/\/giocarelottoonline.it\/ro\/"},{"@type":"ListItem","position":2,"name":"Acas\u0103"}]},{"@type":"WebSite","@id":"https:\/\/giocarelottoonline.it\/ro\/#website","url":"https:\/\/giocarelottoonline.it\/ro\/","name":"Giocare lotto online","description":"Just another WordPress site","potentialAction":[{"@type":"SearchAction","target":{"@type":"EntryPoint","urlTemplate":"https:\/\/giocarelottoonline.it\/ro\/?s={search_term_string}"},"query-input":{"@type":"PropertyValueSpecification","valueRequired":true,"valueName":"search_term_string"}}],"inLanguage":"ro-RO"}]}},"_links":{"self":[{"href":"http:\/\/giocarelottoonline.it\/ro\/wp-json\/wp\/v2\/pages\/131","targetHints":{"allow":["GET"]}}],"collection":[{"href":"http:\/\/giocarelottoonline.it\/ro\/wp-json\/wp\/v2\/pages"}],"about":[{"href":"http:\/\/giocarelottoonline.it\/ro\/wp-json\/wp\/v2\/types\/page"}],"author":[{"embeddable":true,"href":"http:\/\/giocarelottoonline.it\/ro\/wp-json\/wp\/v2\/users\/1"}],"replies":[{"embeddable":true,"href":"http:\/\/giocarelottoonline.it\/ro\/wp-json\/wp\/v2\/comments?post=131"}],"version-history":[{"count":0,"href":"http:\/\/giocarelottoonline.it\/ro\/wp-json\/wp\/v2\/pages\/131\/revisions"}],"wp:attachment":[{"href":"http:\/\/giocarelottoonline.it\/ro\/wp-json\/wp\/v2\/media?parent=131"}],"curies":[{"name":"wp","href":"https:\/\/api.w.org\/{rel}","templated":true}]}}