{"id":130,"date":"2025-07-15T15:51:07","date_gmt":"2025-07-15T15:51:07","guid":{"rendered":"http:\/\/giocarelottoonline.it\/inicio\/"},"modified":"2025-07-15T15:51:07","modified_gmt":"2025-07-15T15:51:07","slug":"inicio","status":"publish","type":"page","link":"http:\/\/giocarelottoonline.it\/pt-pt\/","title":{"rendered":"In\u00edcio"},"content":{"rendered":"<h2>Jogar na Lotaria online \u00e9 seguro e f\u00e1cil<\/h2>\n<p>Se sempre quis participar numa das principais competi\u00e7\u00f5es internacionais de Lotarias, agora tem a op\u00e7\u00e3o de jogar em qualquer Lotaria online, seja uma competi\u00e7\u00e3o local ou internacional.<\/p>\n<p>Isto significa mais variedade e uma maior probabilidade de ganhar muito dinheiro no conforto da sua casa. Em compara\u00e7\u00e3o com a compra de um bilhete de Lotaria numa loja local, onde est\u00e1 limitado a sorteios locais e nacionais, n\u00e3o s\u00f3 ter\u00e1 op\u00e7\u00f5es limitadas, como o risco de perder o seu bilhete (e as suas hip\u00f3teses de ganhar esse pr\u00e9mio) \u00e9 maior do que com um bilhete online que permanece na sua conta ou e-mail durante o tempo que desejar.<\/p>\n<p>Al\u00e9m disso, evita o inc\u00f3modo de ter de esperar numa longa fila s\u00f3 para levantar o seu bilhete. Com apenas alguns cliques, pode comprar um bilhete e ter a oportunidade de ganhar a lotaria online, onde quer que esteja. Todas as lotarias com jackpot online est\u00e3o dispon\u00edveis em <a href=\"https:\/\/www.jackpotlotteryonline.com\">www.jackpotlotteryonline.com<\/a>.<\/p>\n<p>O nosso site n\u00e3o s\u00f3 oferece uma vasta sele\u00e7\u00e3o, desde lotarias americanas a europeias e australianas, como tamb\u00e9m \u00e9 a forma mais f\u00e1cil de ganhar na lotaria online. Primeiro, oferecemos as avalia\u00e7\u00f5es mais recentes de lotarias para o ajudar a decidir qual o sorteio a escolher. A maioria dos sites, por outro lado, n\u00e3o fornece respostas sobre a legitimidade de uma lotaria internacional ou de um site de lotaria.<\/p>\n<p>E n\u00e3o h\u00e1 limite para o n\u00famero de concursos ou lotarias em que pode apostar. Escolha entre mais de 25 dos maiores jackpots do mundo, todos dispon\u00edveis online. E n\u00e3o precisa de ser residente do pa\u00eds que realiza a Lotaria. Ao comprar um bilhete com pelo menos 24 horas de anteced\u00eancia da data do sorteio, ter\u00e1 a possibilidade de ganhar um <a href=\"https:\/\/lottoonline365.com\/it\" target=\"_blank\" rel=\"noopener\">pr\u00e9mio multimilion\u00e1rio da Lotaria de qualquer organiza\u00e7\u00e3o internacional<\/a>.<\/p>\n<h2>Como pode ter a hip\u00f3tese de ganhar na lotaria ou numa lotaria online?<\/h2>\n<p>\u00c9 simples. Para jogar na Lotaria online, basta clicar nos links \u00e0 esquerda e \u00e0 direita da Lotaria que escolheu e escolher os seus n\u00fameros. Se estiver com dificuldades em decidir qual o n\u00famero a escolher, pode utilizar o nosso gerador de n\u00fameros aleat\u00f3rios. A escolha \u00e9 inteiramente sua. Ap\u00f3s escolher os seus n\u00fameros, ter\u00e1 de se registar no RedFoxLotto.<\/p>\n<p>O RedFoxLotto \u00e9 um servi\u00e7o online seguro e fi\u00e1vel que lhe permite comprar bilhetes online facilmente para qualquer jogo de Lotaria. A empresa compra-lhe o bilhete na lotaria depois de fazer a sua aposta e envia uma c\u00f3pia digitalizada do bilhete com o seu nome. Tamb\u00e9m podem notific\u00e1-lo quando ganhar e ajud\u00e1-lo a receber o seu dinheiro.<\/p>\n<p>De seguida, escolha um dos m\u00e9todos de pagamento oferecidos. Pode escolher entre cart\u00f5es de cr\u00e9dito, Ukash, transfer\u00eancia banc\u00e1ria, Western Union, Moneybookers e ClickandBuy, todos m\u00e9todos de pagamento seguros e v\u00e1lidos. Ap\u00f3s efetuar o pagamento, pode relaxar e aguardar pelo e-mail que anuncia o seu ganho na lotaria.<\/p>\n<p>No entanto, lembre-se que as probabilidades de ganhar, ou o valor do seu pr\u00e9mio, depender\u00e3o de muitos fatores, como a percentagem de pessoas que apostam no mesmo n\u00famero ou a percentagem do total que a lotaria pagar\u00e1 como pr\u00e9mio. \u00c9 por isso que \u00e9 importante procurar o pr\u00e9mio mais alto antes de decidir em que lotaria ou lotaria online jogar, para que possa escolher aquela com as melhores hip\u00f3teses de ganhar.<\/p>\n","protected":false},"excerpt":{"rendered":"<p>Jogar na Lotaria online \u00e9 seguro e f\u00e1cil Se sempre quis participar numa das principais competi\u00e7\u00f5es internacionais de Lotarias, agora tem a op\u00e7\u00e3o de jogar em qualquer Lotaria online, seja uma competi\u00e7\u00e3o local ou internacional. Isto significa mais variedade e uma maior probabilidade de ganhar muito dinheiro no conforto da sua casa. Em compara\u00e7\u00e3o com [&hellip;]<\/p>\n","protected":false},"author":1,"featured_media":0,"parent":0,"menu_order":0,"comment_status":"closed","ping_status":"closed","template":"","meta":{"footnotes":""},"class_list":["post-130","page","type-page","status-publish","hentry"],"yoast_head":"<!-- This site is optimized with the Yoast SEO plugin v27.3 - https:\/\/yoast.com\/product\/yoast-seo-wordpress\/ -->\n<title>Jogar na Loteria Online<\/title>\n<meta name=\"robots\" content=\"index, follow, max-snippet:-1, max-image-preview:large, max-video-preview:-1\" \/>\n<link rel=\"canonical\" href=\"http:\/\/giocarelottoonline.it\/pt-pt\/\" \/>\n<meta property=\"og:locale\" content=\"pt_PT\" \/>\n<meta property=\"og:type\" content=\"article\" \/>\n<meta property=\"og:title\" content=\"Jogar na Loteria Online\" \/>\n<meta property=\"og:description\" content=\"Jogar na Lotaria online \u00e9 seguro e f\u00e1cil Se sempre quis participar numa das principais competi\u00e7\u00f5es internacionais de Lotarias, agora tem a op\u00e7\u00e3o de jogar em qualquer Lotaria online, seja uma competi\u00e7\u00e3o local ou internacional. Isto significa mais variedade e uma maior probabilidade de ganhar muito dinheiro no conforto da sua casa. Em compara\u00e7\u00e3o com [&hellip;]\" \/>\n<meta property=\"og:url\" content=\"http:\/\/giocarelottoonline.it\/pt-pt\/\" \/>\n<meta property=\"og:site_name\" content=\"Giocare lotto online\" \/>\n<meta name=\"twitter:card\" content=\"summary_large_image\" \/>\n<meta name=\"twitter:label1\" content=\"Tempo estimado de leitura\" \/>\n\t<meta name=\"twitter:data1\" content=\"3 minutos\" \/>\n<script type=\"application\/ld+json\" class=\"yoast-schema-graph\">{\"@context\":\"https:\\\/\\\/schema.org\",\"@graph\":[{\"@type\":\"WebPage\",\"@id\":\"http:\\\/\\\/giocarelottoonline.it\\\/pt-pt\\\/\",\"url\":\"http:\\\/\\\/giocarelottoonline.it\\\/pt-pt\\\/\",\"name\":\"Jogar na Loteria Online\",\"isPartOf\":{\"@id\":\"https:\\\/\\\/giocarelottoonline.it\\\/pt-pt\\\/#website\"},\"datePublished\":\"2025-07-15T15:51:07+00:00\",\"breadcrumb\":{\"@id\":\"http:\\\/\\\/giocarelottoonline.it\\\/pt-pt\\\/#breadcrumb\"},\"inLanguage\":\"pt-PT\",\"potentialAction\":[{\"@type\":\"ReadAction\",\"target\":[\"http:\\\/\\\/giocarelottoonline.it\\\/pt-pt\\\/\"]}]},{\"@type\":\"BreadcrumbList\",\"@id\":\"http:\\\/\\\/giocarelottoonline.it\\\/pt-pt\\\/#breadcrumb\",\"itemListElement\":[{\"@type\":\"ListItem\",\"position\":1,\"name\":\"Home\",\"item\":\"https:\\\/\\\/giocarelottoonline.it\\\/pt-pt\\\/\"},{\"@type\":\"ListItem\",\"position\":2,\"name\":\"In\u00edcio\"}]},{\"@type\":\"WebSite\",\"@id\":\"https:\\\/\\\/giocarelottoonline.it\\\/pt-pt\\\/#website\",\"url\":\"https:\\\/\\\/giocarelottoonline.it\\\/pt-pt\\\/\",\"name\":\"Giocare lotto online\",\"description\":\"Just another WordPress site\",\"potentialAction\":[{\"@type\":\"SearchAction\",\"target\":{\"@type\":\"EntryPoint\",\"urlTemplate\":\"https:\\\/\\\/giocarelottoonline.it\\\/pt-pt\\\/?s={search_term_string}\"},\"query-input\":{\"@type\":\"PropertyValueSpecification\",\"valueRequired\":true,\"valueName\":\"search_term_string\"}}],\"inLanguage\":\"pt-PT\"}]}<\/script>\n<!-- \/ Yoast SEO plugin. -->","yoast_head_json":{"title":"Jogar na Loteria Online","robots":{"index":"index","follow":"follow","max-snippet":"max-snippet:-1","max-image-preview":"max-image-preview:large","max-video-preview":"max-video-preview:-1"},"canonical":"http:\/\/giocarelottoonline.it\/pt-pt\/","og_locale":"pt_PT","og_type":"article","og_title":"Jogar na Loteria Online","og_description":"Jogar na Lotaria online \u00e9 seguro e f\u00e1cil Se sempre quis participar numa das principais competi\u00e7\u00f5es internacionais de Lotarias, agora tem a op\u00e7\u00e3o de jogar em qualquer Lotaria online, seja uma competi\u00e7\u00e3o local ou internacional. Isto significa mais variedade e uma maior probabilidade de ganhar muito dinheiro no conforto da sua casa. Em compara\u00e7\u00e3o com [&hellip;]","og_url":"http:\/\/giocarelottoonline.it\/pt-pt\/","og_site_name":"Giocare lotto online","twitter_card":"summary_large_image","twitter_misc":{"Tempo estimado de leitura":"3 minutos"},"schema":{"@context":"https:\/\/schema.org","@graph":[{"@type":"WebPage","@id":"http:\/\/giocarelottoonline.it\/pt-pt\/","url":"http:\/\/giocarelottoonline.it\/pt-pt\/","name":"Jogar na Loteria Online","isPartOf":{"@id":"https:\/\/giocarelottoonline.it\/pt-pt\/#website"},"datePublished":"2025-07-15T15:51:07+00:00","breadcrumb":{"@id":"http:\/\/giocarelottoonline.it\/pt-pt\/#breadcrumb"},"inLanguage":"pt-PT","potentialAction":[{"@type":"ReadAction","target":["http:\/\/giocarelottoonline.it\/pt-pt\/"]}]},{"@type":"BreadcrumbList","@id":"http:\/\/giocarelottoonline.it\/pt-pt\/#breadcrumb","itemListElement":[{"@type":"ListItem","position":1,"name":"Home","item":"https:\/\/giocarelottoonline.it\/pt-pt\/"},{"@type":"ListItem","position":2,"name":"In\u00edcio"}]},{"@type":"WebSite","@id":"https:\/\/giocarelottoonline.it\/pt-pt\/#website","url":"https:\/\/giocarelottoonline.it\/pt-pt\/","name":"Giocare lotto online","description":"Just another WordPress site","potentialAction":[{"@type":"SearchAction","target":{"@type":"EntryPoint","urlTemplate":"https:\/\/giocarelottoonline.it\/pt-pt\/?s={search_term_string}"},"query-input":{"@type":"PropertyValueSpecification","valueRequired":true,"valueName":"search_term_string"}}],"inLanguage":"pt-PT"}]}},"_links":{"self":[{"href":"http:\/\/giocarelottoonline.it\/pt-pt\/wp-json\/wp\/v2\/pages\/130","targetHints":{"allow":["GET"]}}],"collection":[{"href":"http:\/\/giocarelottoonline.it\/pt-pt\/wp-json\/wp\/v2\/pages"}],"about":[{"href":"http:\/\/giocarelottoonline.it\/pt-pt\/wp-json\/wp\/v2\/types\/page"}],"author":[{"embeddable":true,"href":"http:\/\/giocarelottoonline.it\/pt-pt\/wp-json\/wp\/v2\/users\/1"}],"replies":[{"embeddable":true,"href":"http:\/\/giocarelottoonline.it\/pt-pt\/wp-json\/wp\/v2\/comments?post=130"}],"version-history":[{"count":0,"href":"http:\/\/giocarelottoonline.it\/pt-pt\/wp-json\/wp\/v2\/pages\/130\/revisions"}],"wp:attachment":[{"href":"http:\/\/giocarelottoonline.it\/pt-pt\/wp-json\/wp\/v2\/media?parent=130"}],"curies":[{"name":"wp","href":"https:\/\/api.w.org\/{rel}","templated":true}]}}