{"id":129,"date":"2025-07-15T15:51:07","date_gmt":"2025-07-15T15:51:07","guid":{"rendered":"http:\/\/giocarelottoonline.it\/strona-glowna\/"},"modified":"2025-07-15T15:51:07","modified_gmt":"2025-07-15T15:51:07","slug":"strona-glowna","status":"publish","type":"page","link":"http:\/\/giocarelottoonline.it\/pl\/","title":{"rendered":"Strona g\u0142\u00f3wna"},"content":{"rendered":"<h2>Granie w Lotto online jest bezpieczne i \u0142atwe<\/h2>\n<p>Je\u015bli zawsze marzy\u0142e\u015b o wzi\u0119ciu udzia\u0142u w jednym z najwi\u0119kszych mi\u0119dzynarodowych konkurs\u00f3w Lotto, teraz masz mo\u017cliwo\u015b\u0107 gry w dowolne Lotto online, niezale\u017cnie od tego, czy jest to konkurs lokalny, czy mi\u0119dzynarodowy.<\/p>\n<p>Oznacza to wi\u0119ksz\u0105 r\u00f3\u017cnorodno\u015b\u0107 i wi\u0119ksze szanse na wygranie du\u017cych pieni\u0119dzy w zaciszu w\u0142asnego domu. W por\u00f3wnaniu z zakupem losu Lotto w lokalnym sklepie, gdzie jeste\u015b ograniczony do losowa\u0144 lokalnych i krajowych, nie tylko b\u0119dziesz mia\u0142 ograniczony wyb\u00f3r, ale ryzyko utraty losu (i szans na wygranie g\u0142\u00f3wnej nagrody) jest wi\u0119ksze ni\u017c w przypadku losu online, kt\u00f3ry pozostaje na Twoim koncie lub w skrzynce e-mail tak d\u0142ugo, jak chcesz.<\/p>\n<p>Poza tym oszcz\u0119dzasz sobie k\u0142opot\u00f3w zwi\u0105zanych z czekaniem w d\u0142ugiej kolejce, aby odebra\u0107 sw\u00f3j los. Wystarczy kilka klikni\u0119\u0107, aby kupi\u0107 los i mie\u0107 szans\u0119 na wygran\u0105 w loterii online, gdziekolwiek jeste\u015b. Wszystkie internetowe loterie z jackpotem s\u0105 dost\u0119pne online na <a href=\"https:\/\/www.jackpotlotteryonline.com\">www.jackpotlotteryonline.com<\/a>.<\/p>\n<p>Nasza strona oferuje nie tylko szeroki wyb\u00f3r, od loterii ameryka\u0144skich, przez europejskie, po australijskie, ale tak\u017ce naj\u0142atwiejszy spos\u00f3b na wygran\u0105 online. Po pierwsze, oferujemy najnowsze recenzje loterii, kt\u00f3re pomog\u0105 Ci wybra\u0107 odpowiednie losowanie. Z drugiej strony, wi\u0119kszo\u015b\u0107 stron internetowych nie udziela odpowiedzi na temat legalno\u015bci mi\u0119dzynarodowej loterii lub witryny oferuj\u0105cej loterie.<\/p>\n<p>Nie ma ogranicze\u0144 co do liczby konkurs\u00f3w i loterii, w kt\u00f3rych mo\u017cesz obstawia\u0107. Wybierz spo\u015br\u00f3d ponad 25 najwi\u0119kszych jackpot\u00f3w na \u015bwiecie, dost\u0119pnych online. I nie musisz by\u0107 mieszka\u0144cem kraju, w kt\u00f3rym odbywa si\u0119 Lotto. Zamawiaj\u0105c los co najmniej 24 godziny przed dat\u0105 losowania, masz szans\u0119 wygra\u0107 <a href=\"https:\/\/lottoonline365.com\/it\" target=\"_blank\" rel=\"noopener\">wielomilionow\u0105 kumulacj\u0119 w Lotto od dowolnej mi\u0119dzynarodowej organizacji<\/a>.<\/p>\n<h2>Jak zdoby\u0107 szans\u0119 na wygran\u0105 w loterii lub loterii online?<\/h2>\n<p>To proste. Aby zagra\u0107 w Lotto online, wystarczy klikn\u0105\u0107 linki po lewej i prawej stronie wybranego Lotto i wybra\u0107 liczby. Je\u015bli masz problem z wyborem, mo\u017cesz skorzysta\u0107 z naszego generatora liczb losowych. Wyb\u00f3r nale\u017cy wy\u0142\u0105cznie do Ciebie. Po wybraniu liczb musisz zarejestrowa\u0107 si\u0119 w RedFoxLotto.<\/p>\n<p>RedFoxLotto to bezpieczna i niezawodna us\u0142uga online, kt\u00f3ra umo\u017cliwia \u0142atwy zakup los\u00f3w online na dowoln\u0105 gr\u0119 Lotto. Firma zakupi dla Ciebie los na loterii po postawieniu zak\u0142adu i wy\u015ble \u200b\u200bCi zeskanowany egzemplarz losu z Twoim imieniem i nazwiskiem. Mo\u017ce r\u00f3wnie\u017c powiadomi\u0107 Ci\u0119 o wygranej i pom\u00f3c Ci odebra\u0107 pieni\u0105dze.<\/p>\n<p>Nast\u0119pnie wybierz jedn\u0105 z oferowanych metod p\u0142atno\u015bci. Mo\u017cesz wybiera\u0107 spo\u015br\u00f3d kart kredytowych, Ukash, przelewu bankowego, Western Union, Moneybookers i ClickandBuy \u2013 wszystkie te metody s\u0105 bezpieczne i legalne. Po dokonaniu p\u0142atno\u015bci mo\u017cesz si\u0119 zrelaksowa\u0107 i poczeka\u0107 na wiadomo\u015b\u0107 e-mail z informacj\u0105 o wygranej.<\/p>\n<p>Pami\u0119taj jednak, \u017ce szanse na wygran\u0105, czyli wysoko\u015b\u0107 nagrody, zale\u017c\u0105 od wielu czynnik\u00f3w, takich jak odsetek os\u00f3b obstawiaj\u0105cych ten sam numer lub procent ca\u0142kowitej wygranej, jak\u0105 loteria wyp\u0142aci. Dlatego wa\u017cne jest, aby przed podj\u0119ciem decyzji, w kt\u00f3r\u0105 loteri\u0119 online lub lotto zagra\u0107, sprawdzi\u0107, czy jest najwy\u017csza kumulacja, aby wybra\u0107 t\u0119 z najwi\u0119kszymi szansami na wygran\u0105.<\/p>\n","protected":false},"excerpt":{"rendered":"<p>Granie w Lotto online jest bezpieczne i \u0142atwe Je\u015bli zawsze marzy\u0142e\u015b o wzi\u0119ciu udzia\u0142u w jednym z najwi\u0119kszych mi\u0119dzynarodowych konkurs\u00f3w Lotto, teraz masz mo\u017cliwo\u015b\u0107 gry w dowolne Lotto online, niezale\u017cnie od tego, czy jest to konkurs lokalny, czy mi\u0119dzynarodowy. Oznacza to wi\u0119ksz\u0105 r\u00f3\u017cnorodno\u015b\u0107 i wi\u0119ksze szanse na wygranie du\u017cych pieni\u0119dzy w zaciszu w\u0142asnego domu. W [&hellip;]<\/p>\n","protected":false},"author":1,"featured_media":0,"parent":0,"menu_order":0,"comment_status":"closed","ping_status":"closed","template":"","meta":{"footnotes":""},"class_list":["post-129","page","type-page","status-publish","hentry"],"yoast_head":"<!-- This site is optimized with the Yoast SEO plugin v27.3 - https:\/\/yoast.com\/product\/yoast-seo-wordpress\/ -->\n<title>Gra w Lotto Online<\/title>\n<meta name=\"robots\" content=\"index, follow, max-snippet:-1, max-image-preview:large, max-video-preview:-1\" \/>\n<link rel=\"canonical\" href=\"http:\/\/giocarelottoonline.it\/pl\/\" \/>\n<meta property=\"og:locale\" content=\"pl_PL\" \/>\n<meta property=\"og:type\" content=\"article\" \/>\n<meta property=\"og:title\" content=\"Gra w Lotto Online\" \/>\n<meta property=\"og:description\" content=\"Granie w Lotto online jest bezpieczne i \u0142atwe Je\u015bli zawsze marzy\u0142e\u015b o wzi\u0119ciu udzia\u0142u w jednym z najwi\u0119kszych mi\u0119dzynarodowych konkurs\u00f3w Lotto, teraz masz mo\u017cliwo\u015b\u0107 gry w dowolne Lotto online, niezale\u017cnie od tego, czy jest to konkurs lokalny, czy mi\u0119dzynarodowy. Oznacza to wi\u0119ksz\u0105 r\u00f3\u017cnorodno\u015b\u0107 i wi\u0119ksze szanse na wygranie du\u017cych pieni\u0119dzy w zaciszu w\u0142asnego domu. W [&hellip;]\" \/>\n<meta property=\"og:url\" content=\"http:\/\/giocarelottoonline.it\/pl\/\" \/>\n<meta property=\"og:site_name\" content=\"Giocare lotto online\" \/>\n<meta name=\"twitter:card\" content=\"summary_large_image\" \/>\n<meta name=\"twitter:label1\" content=\"Szacowany czas czytania\" \/>\n\t<meta name=\"twitter:data1\" content=\"3 minuty\" \/>\n<script type=\"application\/ld+json\" class=\"yoast-schema-graph\">{\"@context\":\"https:\\\/\\\/schema.org\",\"@graph\":[{\"@type\":\"WebPage\",\"@id\":\"http:\\\/\\\/giocarelottoonline.it\\\/pl\\\/\",\"url\":\"http:\\\/\\\/giocarelottoonline.it\\\/pl\\\/\",\"name\":\"Gra w Lotto Online\",\"isPartOf\":{\"@id\":\"https:\\\/\\\/giocarelottoonline.it\\\/pl\\\/#website\"},\"datePublished\":\"2025-07-15T15:51:07+00:00\",\"breadcrumb\":{\"@id\":\"http:\\\/\\\/giocarelottoonline.it\\\/pl\\\/#breadcrumb\"},\"inLanguage\":\"pl-PL\",\"potentialAction\":[{\"@type\":\"ReadAction\",\"target\":[\"http:\\\/\\\/giocarelottoonline.it\\\/pl\\\/\"]}]},{\"@type\":\"BreadcrumbList\",\"@id\":\"http:\\\/\\\/giocarelottoonline.it\\\/pl\\\/#breadcrumb\",\"itemListElement\":[{\"@type\":\"ListItem\",\"position\":1,\"name\":\"Home\",\"item\":\"http:\\\/\\\/giocarelottoonline.it\\\/pl\\\/\"},{\"@type\":\"ListItem\",\"position\":2,\"name\":\"Strona g\u0142\u00f3wna\"}]},{\"@type\":\"WebSite\",\"@id\":\"https:\\\/\\\/giocarelottoonline.it\\\/pl\\\/#website\",\"url\":\"https:\\\/\\\/giocarelottoonline.it\\\/pl\\\/\",\"name\":\"Giocare lotto online\",\"description\":\"Just another WordPress site\",\"potentialAction\":[{\"@type\":\"SearchAction\",\"target\":{\"@type\":\"EntryPoint\",\"urlTemplate\":\"https:\\\/\\\/giocarelottoonline.it\\\/pl\\\/?s={search_term_string}\"},\"query-input\":{\"@type\":\"PropertyValueSpecification\",\"valueRequired\":true,\"valueName\":\"search_term_string\"}}],\"inLanguage\":\"pl-PL\"}]}<\/script>\n<!-- \/ Yoast SEO plugin. -->","yoast_head_json":{"title":"Gra w Lotto Online","robots":{"index":"index","follow":"follow","max-snippet":"max-snippet:-1","max-image-preview":"max-image-preview:large","max-video-preview":"max-video-preview:-1"},"canonical":"http:\/\/giocarelottoonline.it\/pl\/","og_locale":"pl_PL","og_type":"article","og_title":"Gra w Lotto Online","og_description":"Granie w Lotto online jest bezpieczne i \u0142atwe Je\u015bli zawsze marzy\u0142e\u015b o wzi\u0119ciu udzia\u0142u w jednym z najwi\u0119kszych mi\u0119dzynarodowych konkurs\u00f3w Lotto, teraz masz mo\u017cliwo\u015b\u0107 gry w dowolne Lotto online, niezale\u017cnie od tego, czy jest to konkurs lokalny, czy mi\u0119dzynarodowy. Oznacza to wi\u0119ksz\u0105 r\u00f3\u017cnorodno\u015b\u0107 i wi\u0119ksze szanse na wygranie du\u017cych pieni\u0119dzy w zaciszu w\u0142asnego domu. W [&hellip;]","og_url":"http:\/\/giocarelottoonline.it\/pl\/","og_site_name":"Giocare lotto online","twitter_card":"summary_large_image","twitter_misc":{"Szacowany czas czytania":"3 minuty"},"schema":{"@context":"https:\/\/schema.org","@graph":[{"@type":"WebPage","@id":"http:\/\/giocarelottoonline.it\/pl\/","url":"http:\/\/giocarelottoonline.it\/pl\/","name":"Gra w Lotto Online","isPartOf":{"@id":"https:\/\/giocarelottoonline.it\/pl\/#website"},"datePublished":"2025-07-15T15:51:07+00:00","breadcrumb":{"@id":"http:\/\/giocarelottoonline.it\/pl\/#breadcrumb"},"inLanguage":"pl-PL","potentialAction":[{"@type":"ReadAction","target":["http:\/\/giocarelottoonline.it\/pl\/"]}]},{"@type":"BreadcrumbList","@id":"http:\/\/giocarelottoonline.it\/pl\/#breadcrumb","itemListElement":[{"@type":"ListItem","position":1,"name":"Home","item":"http:\/\/giocarelottoonline.it\/pl\/"},{"@type":"ListItem","position":2,"name":"Strona g\u0142\u00f3wna"}]},{"@type":"WebSite","@id":"https:\/\/giocarelottoonline.it\/pl\/#website","url":"https:\/\/giocarelottoonline.it\/pl\/","name":"Giocare lotto online","description":"Just another WordPress site","potentialAction":[{"@type":"SearchAction","target":{"@type":"EntryPoint","urlTemplate":"https:\/\/giocarelottoonline.it\/pl\/?s={search_term_string}"},"query-input":{"@type":"PropertyValueSpecification","valueRequired":true,"valueName":"search_term_string"}}],"inLanguage":"pl-PL"}]}},"_links":{"self":[{"href":"http:\/\/giocarelottoonline.it\/pl\/wp-json\/wp\/v2\/pages\/129","targetHints":{"allow":["GET"]}}],"collection":[{"href":"http:\/\/giocarelottoonline.it\/pl\/wp-json\/wp\/v2\/pages"}],"about":[{"href":"http:\/\/giocarelottoonline.it\/pl\/wp-json\/wp\/v2\/types\/page"}],"author":[{"embeddable":true,"href":"http:\/\/giocarelottoonline.it\/pl\/wp-json\/wp\/v2\/users\/1"}],"replies":[{"embeddable":true,"href":"http:\/\/giocarelottoonline.it\/pl\/wp-json\/wp\/v2\/comments?post=129"}],"version-history":[{"count":0,"href":"http:\/\/giocarelottoonline.it\/pl\/wp-json\/wp\/v2\/pages\/129\/revisions"}],"wp:attachment":[{"href":"http:\/\/giocarelottoonline.it\/pl\/wp-json\/wp\/v2\/media?parent=129"}],"curies":[{"name":"wp","href":"https:\/\/api.w.org\/{rel}","templated":true}]}}