{"id":128,"date":"2025-07-15T15:51:07","date_gmt":"2025-07-15T15:51:07","guid":{"rendered":"http:\/\/giocarelottoonline.it\/hjem\/"},"modified":"2025-07-15T15:51:07","modified_gmt":"2025-07-15T15:51:07","slug":"hjem","status":"publish","type":"page","link":"http:\/\/giocarelottoonline.it\/no\/","title":{"rendered":"Hjem"},"content":{"rendered":"<h2>Det er trygt og enkelt \u00e5 spille lotto p\u00e5 nett<\/h2>\n<p>Hvis du alltid har \u00f8nsket \u00e5 delta i en av de store internasjonale lottokonkurransene, har du n\u00e5 muligheten til \u00e5 spille hvilken som helst lotto p\u00e5 nett, enten det er en lokal eller internasjonal lottokonkurranse.<\/p>\n<p>Dette betyr mer variasjon og st\u00f8rre sjanse til \u00e5 vinne store penger rett fra komforten av ditt eget hjem. Sammenlignet med \u00e5 kj\u00f8pe en lottokupong i en lokal butikk, hvor du er begrenset til lokale og nasjonale trekninger, vil du ikke bare ha begrensede valg, men risikoen for \u00e5 miste kupongen din (og sjansene dine for \u00e5 vinne den premiepotten) er st\u00f8rre enn med en online-kupong som forblir p\u00e5 kontoen eller e-posten din s\u00e5 lenge du vil.<\/p>\n<p>I tillegg sparer du deg selv bryet med \u00e5 m\u00e5tte vente i lang k\u00f8 bare for \u00e5 f\u00e5 kupongen din. Med bare noen f\u00e5 klikk kan du kj\u00f8pe en billett og f\u00e5 sjansen til \u00e5 vinne lotteriet p\u00e5 nett, uansett hvor du er. Alle online jackpotlotterier er tilgjengelige p\u00e5 nett p\u00e5 <a href=\"https:\/\/www.jackpotlotteryonline.com\">www.jackpotlotteryonline.com<\/a>.<\/p>\n<p>Nettstedet v\u00e5rt tilbyr ikke bare et bredt utvalg, fra amerikanske til europeiske og australske lotterier, men det er ogs\u00e5 den enkleste m\u00e5ten \u00e5 vinne i lotto p\u00e5 nett. F\u00f8rst tilbyr vi de nyeste lotteri-anmeldelsene for \u00e5 hjelpe deg med \u00e5 bestemme hvilken trekning du skal velge. De fleste nettsteder gir deg derimot ikke svar p\u00e5 legitimiteten til et internasjonalt lotteri eller lotterinettsted.<\/p>\n<p>Og det er ingen grense for antall konkurranser eller lotterier du kan plassere innsatsene dine p\u00e5. Velg mellom over 25 av verdens st\u00f8rste jackpoter, alle tilgjengelige p\u00e5 nett. Og du trenger ikke \u00e5 v\u00e6re bosatt i landet som holder lotto. Ved \u00e5 bestille en billett minst 24 timer f\u00f8r trekningsdatoen, har du sjansen til \u00e5 vinne en <a href=\"https:\/\/lottoonline365.com\/it\" target=\"_blank\" rel=\"noopener\">Lotto-jackpot p\u00e5 flere millioner dollar fra enhver internasjonal organisasjon<\/a>.<\/p>\n<h2>Hvordan kan du f\u00e5 en sjanse til \u00e5 vinne i lotto eller et online lotteri?<\/h2>\n<p>Det er enkelt. For \u00e5 spille Lotto p\u00e5 nett, klikker du bare p\u00e5 lenkene til venstre og h\u00f8yre for lottoen du har valgt, og velger tallene dine. Hvis du har problemer med \u00e5 bestemme deg for hvilket tall du skal velge, kan du bruke v\u00e5r tilfeldige tallgenerator. Valget er helt ditt. Etter at du har valgt tallene dine, m\u00e5 du registrere deg p\u00e5 RedFoxLotto.<\/p>\n<p>RedFoxLotto er en trygg og p\u00e5litelig nettjeneste som lar deg enkelt kj\u00f8pe lodd p\u00e5 nett til ethvert lottospill. Selskapet kj\u00f8per loddet for deg fra lotteriet etter at du har plassert innsatsen din, og sender deg en skannet kopi av loddet med navnet ditt p\u00e5. De kan ogs\u00e5 varsle deg n\u00e5r du har vunnet og hjelpe deg med \u00e5 hente pengene dine.<\/p>\n<p>Deretter velger du en av betalingsmetodene som tilbys. Du kan velge mellom kredittkort, Ukash, bankoverf\u00f8ring, Western Union, Moneybookers og ClickandBuy, alle sikre og gyldige betalingsmetoder. Etter at du har foretatt betalingen, kan du slappe av og vente p\u00e5 e-posten som kunngj\u00f8r lottogevinsten din.<\/p>\n<p>Du b\u00f8r imidlertid huske at vinnersjansene, eller st\u00f8rrelsen p\u00e5 premien din, vil avhenge av mange faktorer, for eksempel prosentandelen av personer som satser p\u00e5 samme tall, eller prosentandelen av totalen som lotteriet vil utbetale som gevinst. Derfor er det viktig \u00e5 se etter den h\u00f8yeste jackpotten f\u00f8r du bestemmer deg for hvilket online lotto eller lotto du skal spille, slik at du kan velge det med best vinnersjanse.<\/p>\n","protected":false},"excerpt":{"rendered":"<p>Det er trygt og enkelt \u00e5 spille lotto p\u00e5 nett Hvis du alltid har \u00f8nsket \u00e5 delta i en av de store internasjonale lottokonkurransene, har du n\u00e5 muligheten til \u00e5 spille hvilken som helst lotto p\u00e5 nett, enten det er en lokal eller internasjonal lottokonkurranse. Dette betyr mer variasjon og st\u00f8rre sjanse til \u00e5 vinne [&hellip;]<\/p>\n","protected":false},"author":1,"featured_media":0,"parent":0,"menu_order":0,"comment_status":"closed","ping_status":"closed","template":"","meta":{"footnotes":""},"class_list":["post-128","page","type-page","status-publish","hentry"],"yoast_head":"<!-- This site is optimized with the Yoast SEO plugin v27.3 - https:\/\/yoast.com\/product\/yoast-seo-wordpress\/ -->\n<title>Spille lotto p\u00e5 nett<\/title>\n<meta name=\"robots\" content=\"index, follow, max-snippet:-1, max-image-preview:large, max-video-preview:-1\" \/>\n<link rel=\"canonical\" href=\"http:\/\/giocarelottoonline.it\/no\/\" \/>\n<meta property=\"og:locale\" content=\"nb_NO\" \/>\n<meta property=\"og:type\" content=\"article\" \/>\n<meta property=\"og:title\" content=\"Spille lotto p\u00e5 nett\" \/>\n<meta property=\"og:description\" content=\"Det er trygt og enkelt \u00e5 spille lotto p\u00e5 nett Hvis du alltid har \u00f8nsket \u00e5 delta i en av de store internasjonale lottokonkurransene, har du n\u00e5 muligheten til \u00e5 spille hvilken som helst lotto p\u00e5 nett, enten det er en lokal eller internasjonal lottokonkurranse. Dette betyr mer variasjon og st\u00f8rre sjanse til \u00e5 vinne [&hellip;]\" \/>\n<meta property=\"og:url\" content=\"http:\/\/giocarelottoonline.it\/no\/\" \/>\n<meta property=\"og:site_name\" content=\"Giocare lotto online\" \/>\n<meta name=\"twitter:card\" content=\"summary_large_image\" \/>\n<meta name=\"twitter:label1\" content=\"Ansl. lesetid\" \/>\n\t<meta name=\"twitter:data1\" content=\"3 minutter\" \/>\n<script type=\"application\/ld+json\" class=\"yoast-schema-graph\">{\"@context\":\"https:\\\/\\\/schema.org\",\"@graph\":[{\"@type\":\"WebPage\",\"@id\":\"http:\\\/\\\/giocarelottoonline.it\\\/no\\\/\",\"url\":\"http:\\\/\\\/giocarelottoonline.it\\\/no\\\/\",\"name\":\"Spille lotto p\u00e5 nett\",\"isPartOf\":{\"@id\":\"https:\\\/\\\/giocarelottoonline.it\\\/no\\\/#website\"},\"datePublished\":\"2025-07-15T15:51:07+00:00\",\"breadcrumb\":{\"@id\":\"http:\\\/\\\/giocarelottoonline.it\\\/no\\\/#breadcrumb\"},\"inLanguage\":\"nb-NO\",\"potentialAction\":[{\"@type\":\"ReadAction\",\"target\":[\"http:\\\/\\\/giocarelottoonline.it\\\/no\\\/\"]}]},{\"@type\":\"BreadcrumbList\",\"@id\":\"http:\\\/\\\/giocarelottoonline.it\\\/no\\\/#breadcrumb\",\"itemListElement\":[{\"@type\":\"ListItem\",\"position\":1,\"name\":\"Home\",\"item\":\"http:\\\/\\\/giocarelottoonline.it\\\/no\\\/\"},{\"@type\":\"ListItem\",\"position\":2,\"name\":\"Hjem\"}]},{\"@type\":\"WebSite\",\"@id\":\"https:\\\/\\\/giocarelottoonline.it\\\/no\\\/#website\",\"url\":\"https:\\\/\\\/giocarelottoonline.it\\\/no\\\/\",\"name\":\"Giocare lotto online\",\"description\":\"Just another WordPress site\",\"potentialAction\":[{\"@type\":\"SearchAction\",\"target\":{\"@type\":\"EntryPoint\",\"urlTemplate\":\"https:\\\/\\\/giocarelottoonline.it\\\/no\\\/?s={search_term_string}\"},\"query-input\":{\"@type\":\"PropertyValueSpecification\",\"valueRequired\":true,\"valueName\":\"search_term_string\"}}],\"inLanguage\":\"nb-NO\"}]}<\/script>\n<!-- \/ Yoast SEO plugin. -->","yoast_head_json":{"title":"Spille lotto p\u00e5 nett","robots":{"index":"index","follow":"follow","max-snippet":"max-snippet:-1","max-image-preview":"max-image-preview:large","max-video-preview":"max-video-preview:-1"},"canonical":"http:\/\/giocarelottoonline.it\/no\/","og_locale":"nb_NO","og_type":"article","og_title":"Spille lotto p\u00e5 nett","og_description":"Det er trygt og enkelt \u00e5 spille lotto p\u00e5 nett Hvis du alltid har \u00f8nsket \u00e5 delta i en av de store internasjonale lottokonkurransene, har du n\u00e5 muligheten til \u00e5 spille hvilken som helst lotto p\u00e5 nett, enten det er en lokal eller internasjonal lottokonkurranse. Dette betyr mer variasjon og st\u00f8rre sjanse til \u00e5 vinne [&hellip;]","og_url":"http:\/\/giocarelottoonline.it\/no\/","og_site_name":"Giocare lotto online","twitter_card":"summary_large_image","twitter_misc":{"Ansl. lesetid":"3 minutter"},"schema":{"@context":"https:\/\/schema.org","@graph":[{"@type":"WebPage","@id":"http:\/\/giocarelottoonline.it\/no\/","url":"http:\/\/giocarelottoonline.it\/no\/","name":"Spille lotto p\u00e5 nett","isPartOf":{"@id":"https:\/\/giocarelottoonline.it\/no\/#website"},"datePublished":"2025-07-15T15:51:07+00:00","breadcrumb":{"@id":"http:\/\/giocarelottoonline.it\/no\/#breadcrumb"},"inLanguage":"nb-NO","potentialAction":[{"@type":"ReadAction","target":["http:\/\/giocarelottoonline.it\/no\/"]}]},{"@type":"BreadcrumbList","@id":"http:\/\/giocarelottoonline.it\/no\/#breadcrumb","itemListElement":[{"@type":"ListItem","position":1,"name":"Home","item":"http:\/\/giocarelottoonline.it\/no\/"},{"@type":"ListItem","position":2,"name":"Hjem"}]},{"@type":"WebSite","@id":"https:\/\/giocarelottoonline.it\/no\/#website","url":"https:\/\/giocarelottoonline.it\/no\/","name":"Giocare lotto online","description":"Just another WordPress site","potentialAction":[{"@type":"SearchAction","target":{"@type":"EntryPoint","urlTemplate":"https:\/\/giocarelottoonline.it\/no\/?s={search_term_string}"},"query-input":{"@type":"PropertyValueSpecification","valueRequired":true,"valueName":"search_term_string"}}],"inLanguage":"nb-NO"}]}},"_links":{"self":[{"href":"http:\/\/giocarelottoonline.it\/no\/wp-json\/wp\/v2\/pages\/128","targetHints":{"allow":["GET"]}}],"collection":[{"href":"http:\/\/giocarelottoonline.it\/no\/wp-json\/wp\/v2\/pages"}],"about":[{"href":"http:\/\/giocarelottoonline.it\/no\/wp-json\/wp\/v2\/types\/page"}],"author":[{"embeddable":true,"href":"http:\/\/giocarelottoonline.it\/no\/wp-json\/wp\/v2\/users\/1"}],"replies":[{"embeddable":true,"href":"http:\/\/giocarelottoonline.it\/no\/wp-json\/wp\/v2\/comments?post=128"}],"version-history":[{"count":0,"href":"http:\/\/giocarelottoonline.it\/no\/wp-json\/wp\/v2\/pages\/128\/revisions"}],"wp:attachment":[{"href":"http:\/\/giocarelottoonline.it\/no\/wp-json\/wp\/v2\/media?parent=128"}],"curies":[{"name":"wp","href":"https:\/\/api.w.org\/{rel}","templated":true}]}}