{"id":125,"date":"2025-07-15T15:51:07","date_gmt":"2025-07-15T15:51:07","guid":{"rendered":"http:\/\/giocarelottoonline.it\/sakums\/"},"modified":"2025-07-15T15:51:07","modified_gmt":"2025-07-15T15:51:07","slug":"sakums","status":"publish","type":"page","link":"http:\/\/giocarelottoonline.it\/lv\/","title":{"rendered":"S\u0101kums"},"content":{"rendered":"<h2>Lotto sp\u0113l\u0113\u0161ana tie\u0161saist\u0113 ir dro\u0161a un vienk\u0101r\u0161a<\/h2>\n<p>Ja vienm\u0113r esat v\u0113l\u0113jies piedal\u012bties k\u0101d\u0101 no liel\u0101kajiem starptautiskajiem Lotto konkursiem, tagad jums ir iesp\u0113ja sp\u0113l\u0113t jebkuru Lotto tie\u0161saist\u0113 neatkar\u012bgi no t\u0101, vai t\u0101 ir viet\u0113j\u0101 vai starptautisk\u0101 Lotto sacens\u012bba.<\/p>\n<p>Tas noz\u012bm\u0113 liel\u0101ku da\u017e\u0101d\u012bbu un liel\u0101kas iesp\u0113jas laim\u0113t lielu naudu tie\u0161i no m\u0101j\u0101m. Sal\u012bdzinot ar Lotto bi\u013cetes ieg\u0101di viet\u0113j\u0101 veikal\u0101, kur j\u016bs varat piedal\u012bties tikai viet\u0113j\u0101s un nacion\u0101l\u0101s izloz\u0113s, jums b\u016bs ne tikai ierobe\u017eotas izv\u0113les iesp\u0113jas, bet ar\u012b risks pazaud\u0113t bi\u013ceti (un j\u016bsu izredzes laim\u0113t v\u0113rt\u012bgo d\u017eekpotu) ir liel\u0101ks nek\u0101 ar tie\u0161saistes bi\u013ceti, kas paliek j\u016bsu kont\u0101 vai e-past\u0101 tik ilgi, cik v\u0113laties.<\/p>\n<p>Turkl\u0101t j\u016bs ietaup\u0101t sev laiku, gaidot gar\u0101 rind\u0101, lai sa\u0146emtu savu bi\u013ceti. Tikai ar da\u017eiem klik\u0161\u0137iem j\u016bs varat ieg\u0101d\u0101ties bi\u013ceti un ieg\u016bt iesp\u0113ju laim\u0113t loterij\u0101 tie\u0161saist\u0113, lai kur j\u016bs atrastos. Visas tie\u0161saistes d\u017eekpota loterijas ir pieejamas tie\u0161saist\u0113 vietn\u0113 <a href=\"https:\/\/www.jackpotlotteryonline.com\">www.jackpotlotteryonline.com<\/a>.<\/p>\n<p>M\u016bsu vietne pied\u0101v\u0101 ne tikai pla\u0161u izv\u0113li, s\u0101kot no ASV l\u012bdz Eiropas un Austr\u0101lijas loterij\u0101m, bet tas ir ar\u012b vienk\u0101r\u0161\u0101kais veids, k\u0101 laim\u0113t loterij\u0101 tie\u0161saist\u0113. Pirmk\u0101rt, m\u0113s pied\u0101v\u0101jam jaun\u0101k\u0101s loteriju atsauksmes, lai pal\u012bdz\u0113tu jums izlemt, kuru izlozi izv\u0113l\u0113ties. No otras puses, liel\u0101k\u0101 da\u013ca viet\u0146u nesniedz atbildes par starptautiskas loterijas vai loterijas vietnes le\u0123itimit\u0101ti.<\/p>\n<p>Un nav ierobe\u017eojumu konkursu vai loteriju skaitam, uz kuriem varat veikt likmes. Izv\u0113lieties no vair\u0101k nek\u0101 25 no pasaules liel\u0101kajiem d\u017eekpotiem, kas visi ir pieejami tie\u0161saist\u0113. Un jums nav j\u0101b\u016bt t\u0101s valsts iedz\u012bvot\u0101jam, kur\u0101 notiek loterija. Pas\u016btot bi\u013ceti vismaz 24 stundas pirms izlozes datuma, jums b\u016bs iesp\u0113ja laim\u0113t <a href=\"https:\/\/lottoonline365.com\/it\" target=\"_blank\" rel=\"noopener\">vair\u0101ku miljonu dol\u0101ru Lotto d\u017eekpotu no jebkuras starptautiskas organiz\u0101cijas<\/a>.<\/p>\n<h2>K\u0101 j\u016bs varat ieg\u016bt iesp\u0113ju laim\u0113t loterij\u0101 vai tie\u0161saistes loterij\u0101?<\/h2>\n<p>Tas ir vienk\u0101r\u0161i. Lai sp\u0113l\u0113tu Lotto tie\u0161saist\u0113, vienk\u0101r\u0161i noklik\u0161\u0137iniet uz sait\u0113m izv\u0113l\u0113t\u0101s Lotto kreisaj\u0101 un labaj\u0101 pus\u0113 un izv\u0113lieties savus skait\u013cus. Ja jums ir gr\u016bt\u012bbas izlemt, kuru skaitli izv\u0113l\u0113ties, varat izmantot m\u016bsu nejau\u0161o skait\u013cu \u0123eneratoru. Izv\u0113le ir piln\u012bb\u0101 j\u016bsu zi\u0146\u0101. P\u0113c skait\u013cu izv\u0113les jums b\u016bs j\u0101re\u0123istr\u0113jas RedFoxLotto.<\/p>\n<p>RedFoxLotto ir dro\u0161s un uzticams tie\u0161saistes pakalpojums, kas \u013cauj \u0113rti ieg\u0101d\u0101ties bi\u013cetes tie\u0161saist\u0113 jebkurai Lotto sp\u0113lei. Uz\u0146\u0113mums ieg\u0101d\u0101jas jums loterijas bi\u013ceti p\u0113c tam, kad esat veicis likmi, un nos\u016bta jums sken\u0113tu bi\u013cetes kopiju ar j\u016bsu v\u0101rdu. Vi\u0146i var ar\u012b pazi\u0146ot jums, kad esat laim\u0113jis, un pal\u012bdz\u0113t sa\u0146emt naudu.<\/p>\n<p>P\u0113c tam izv\u0113lieties vienu no pied\u0101v\u0101taj\u0101m maks\u0101juma metod\u0113m. Varat izv\u0113l\u0113ties kred\u012btkartes, Ukash, bankas p\u0101rskait\u012bjumu, Western Union, Moneybookers un ClickandBuy, kas visas ir dro\u0161as un der\u012bgas maks\u0101juma metodes. P\u0113c maks\u0101juma veik\u0161anas varat atp\u016bsties un gaid\u012bt e-pastu ar pazi\u0146ojumu par j\u016bsu loterijas laimestu.<\/p>\n<p>Tom\u0113r j\u0101atceras, ka laimesta izredzes jeb balvas lielums b\u016bs atkar\u012bgs no daudziem faktoriem, piem\u0113ram, no cilv\u0113ku procentu\u0101l\u0101s da\u013cas, kuri liku\u0161i likmi uz vienu un to pa\u0161u skaitli, vai no kop\u0113j\u0101s summas procentu\u0101l\u0101s da\u013cas, ko loterija izmaks\u0101s k\u0101 laimestu. T\u0101p\u0113c ir svar\u012bgi mekl\u0113t liel\u0101ko d\u017eekpotu, pirms izlemjat, kuru tie\u0161saistes loteriju vai lotto sp\u0113l\u0113t, lai j\u016bs var\u0113tu izv\u0113l\u0113ties to, kurai ir vislab\u0101k\u0101s laimesta izredzes.<\/p>\n","protected":false},"excerpt":{"rendered":"<p>Lotto sp\u0113l\u0113\u0161ana tie\u0161saist\u0113 ir dro\u0161a un vienk\u0101r\u0161a Ja vienm\u0113r esat v\u0113l\u0113jies piedal\u012bties k\u0101d\u0101 no liel\u0101kajiem starptautiskajiem Lotto konkursiem, tagad jums ir iesp\u0113ja sp\u0113l\u0113t jebkuru Lotto tie\u0161saist\u0113 neatkar\u012bgi no t\u0101, vai t\u0101 ir viet\u0113j\u0101 vai starptautisk\u0101 Lotto sacens\u012bba. Tas noz\u012bm\u0113 liel\u0101ku da\u017e\u0101d\u012bbu un liel\u0101kas iesp\u0113jas laim\u0113t lielu naudu tie\u0161i no m\u0101j\u0101m. Sal\u012bdzinot ar Lotto bi\u013cetes ieg\u0101di [&hellip;]<\/p>\n","protected":false},"author":1,"featured_media":0,"parent":0,"menu_order":0,"comment_status":"closed","ping_status":"closed","template":"","meta":{"footnotes":""},"class_list":["post-125","page","type-page","status-publish","hentry"],"yoast_head":"<!-- This site is optimized with the Yoast SEO plugin v27.3 - https:\/\/yoast.com\/product\/yoast-seo-wordpress\/ -->\n<title>Lotto sp\u0113l\u0113\u0161ana tie\u0161saist\u0113<\/title>\n<meta name=\"robots\" content=\"index, follow, max-snippet:-1, max-image-preview:large, max-video-preview:-1\" \/>\n<link rel=\"canonical\" href=\"http:\/\/giocarelottoonline.it\/lv\/\" \/>\n<meta property=\"og:locale\" content=\"lv_LV\" \/>\n<meta property=\"og:type\" content=\"article\" \/>\n<meta property=\"og:title\" content=\"Lotto sp\u0113l\u0113\u0161ana tie\u0161saist\u0113\" \/>\n<meta property=\"og:description\" content=\"Lotto sp\u0113l\u0113\u0161ana tie\u0161saist\u0113 ir dro\u0161a un vienk\u0101r\u0161a Ja vienm\u0113r esat v\u0113l\u0113jies piedal\u012bties k\u0101d\u0101 no liel\u0101kajiem starptautiskajiem Lotto konkursiem, tagad jums ir iesp\u0113ja sp\u0113l\u0113t jebkuru Lotto tie\u0161saist\u0113 neatkar\u012bgi no t\u0101, vai t\u0101 ir viet\u0113j\u0101 vai starptautisk\u0101 Lotto sacens\u012bba. Tas noz\u012bm\u0113 liel\u0101ku da\u017e\u0101d\u012bbu un liel\u0101kas iesp\u0113jas laim\u0113t lielu naudu tie\u0161i no m\u0101j\u0101m. Sal\u012bdzinot ar Lotto bi\u013cetes ieg\u0101di [&hellip;]\" \/>\n<meta property=\"og:url\" content=\"http:\/\/giocarelottoonline.it\/lv\/\" \/>\n<meta property=\"og:site_name\" content=\"Giocare lotto online\" \/>\n<meta name=\"twitter:card\" content=\"summary_large_image\" \/>\n<meta name=\"twitter:label1\" content=\"Est. reading time\" \/>\n\t<meta name=\"twitter:data1\" content=\"3 minutes\" \/>\n<script type=\"application\/ld+json\" class=\"yoast-schema-graph\">{\"@context\":\"https:\\\/\\\/schema.org\",\"@graph\":[{\"@type\":\"WebPage\",\"@id\":\"http:\\\/\\\/giocarelottoonline.it\\\/lv\\\/\",\"url\":\"http:\\\/\\\/giocarelottoonline.it\\\/lv\\\/\",\"name\":\"Lotto sp\u0113l\u0113\u0161ana tie\u0161saist\u0113\",\"isPartOf\":{\"@id\":\"https:\\\/\\\/giocarelottoonline.it\\\/lv\\\/#website\"},\"datePublished\":\"2025-07-15T15:51:07+00:00\",\"breadcrumb\":{\"@id\":\"http:\\\/\\\/giocarelottoonline.it\\\/lv\\\/#breadcrumb\"},\"inLanguage\":\"lv-LV\",\"potentialAction\":[{\"@type\":\"ReadAction\",\"target\":[\"http:\\\/\\\/giocarelottoonline.it\\\/lv\\\/\"]}]},{\"@type\":\"BreadcrumbList\",\"@id\":\"http:\\\/\\\/giocarelottoonline.it\\\/lv\\\/#breadcrumb\",\"itemListElement\":[{\"@type\":\"ListItem\",\"position\":1,\"name\":\"Home\",\"item\":\"http:\\\/\\\/giocarelottoonline.it\\\/lv\\\/\"},{\"@type\":\"ListItem\",\"position\":2,\"name\":\"S\u0101kums\"}]},{\"@type\":\"WebSite\",\"@id\":\"https:\\\/\\\/giocarelottoonline.it\\\/lv\\\/#website\",\"url\":\"https:\\\/\\\/giocarelottoonline.it\\\/lv\\\/\",\"name\":\"Giocare lotto online\",\"description\":\"Just another WordPress site\",\"potentialAction\":[{\"@type\":\"SearchAction\",\"target\":{\"@type\":\"EntryPoint\",\"urlTemplate\":\"https:\\\/\\\/giocarelottoonline.it\\\/lv\\\/?s={search_term_string}\"},\"query-input\":{\"@type\":\"PropertyValueSpecification\",\"valueRequired\":true,\"valueName\":\"search_term_string\"}}],\"inLanguage\":\"lv-LV\"}]}<\/script>\n<!-- \/ Yoast SEO plugin. -->","yoast_head_json":{"title":"Lotto sp\u0113l\u0113\u0161ana tie\u0161saist\u0113","robots":{"index":"index","follow":"follow","max-snippet":"max-snippet:-1","max-image-preview":"max-image-preview:large","max-video-preview":"max-video-preview:-1"},"canonical":"http:\/\/giocarelottoonline.it\/lv\/","og_locale":"lv_LV","og_type":"article","og_title":"Lotto sp\u0113l\u0113\u0161ana tie\u0161saist\u0113","og_description":"Lotto sp\u0113l\u0113\u0161ana tie\u0161saist\u0113 ir dro\u0161a un vienk\u0101r\u0161a Ja vienm\u0113r esat v\u0113l\u0113jies piedal\u012bties k\u0101d\u0101 no liel\u0101kajiem starptautiskajiem Lotto konkursiem, tagad jums ir iesp\u0113ja sp\u0113l\u0113t jebkuru Lotto tie\u0161saist\u0113 neatkar\u012bgi no t\u0101, vai t\u0101 ir viet\u0113j\u0101 vai starptautisk\u0101 Lotto sacens\u012bba. Tas noz\u012bm\u0113 liel\u0101ku da\u017e\u0101d\u012bbu un liel\u0101kas iesp\u0113jas laim\u0113t lielu naudu tie\u0161i no m\u0101j\u0101m. Sal\u012bdzinot ar Lotto bi\u013cetes ieg\u0101di [&hellip;]","og_url":"http:\/\/giocarelottoonline.it\/lv\/","og_site_name":"Giocare lotto online","twitter_card":"summary_large_image","twitter_misc":{"Est. reading time":"3 minutes"},"schema":{"@context":"https:\/\/schema.org","@graph":[{"@type":"WebPage","@id":"http:\/\/giocarelottoonline.it\/lv\/","url":"http:\/\/giocarelottoonline.it\/lv\/","name":"Lotto sp\u0113l\u0113\u0161ana tie\u0161saist\u0113","isPartOf":{"@id":"https:\/\/giocarelottoonline.it\/lv\/#website"},"datePublished":"2025-07-15T15:51:07+00:00","breadcrumb":{"@id":"http:\/\/giocarelottoonline.it\/lv\/#breadcrumb"},"inLanguage":"lv-LV","potentialAction":[{"@type":"ReadAction","target":["http:\/\/giocarelottoonline.it\/lv\/"]}]},{"@type":"BreadcrumbList","@id":"http:\/\/giocarelottoonline.it\/lv\/#breadcrumb","itemListElement":[{"@type":"ListItem","position":1,"name":"Home","item":"http:\/\/giocarelottoonline.it\/lv\/"},{"@type":"ListItem","position":2,"name":"S\u0101kums"}]},{"@type":"WebSite","@id":"https:\/\/giocarelottoonline.it\/lv\/#website","url":"https:\/\/giocarelottoonline.it\/lv\/","name":"Giocare lotto online","description":"Just another WordPress site","potentialAction":[{"@type":"SearchAction","target":{"@type":"EntryPoint","urlTemplate":"https:\/\/giocarelottoonline.it\/lv\/?s={search_term_string}"},"query-input":{"@type":"PropertyValueSpecification","valueRequired":true,"valueName":"search_term_string"}}],"inLanguage":"lv-LV"}]}},"_links":{"self":[{"href":"http:\/\/giocarelottoonline.it\/lv\/wp-json\/wp\/v2\/pages\/125","targetHints":{"allow":["GET"]}}],"collection":[{"href":"http:\/\/giocarelottoonline.it\/lv\/wp-json\/wp\/v2\/pages"}],"about":[{"href":"http:\/\/giocarelottoonline.it\/lv\/wp-json\/wp\/v2\/types\/page"}],"author":[{"embeddable":true,"href":"http:\/\/giocarelottoonline.it\/lv\/wp-json\/wp\/v2\/users\/1"}],"replies":[{"embeddable":true,"href":"http:\/\/giocarelottoonline.it\/lv\/wp-json\/wp\/v2\/comments?post=125"}],"version-history":[{"count":0,"href":"http:\/\/giocarelottoonline.it\/lv\/wp-json\/wp\/v2\/pages\/125\/revisions"}],"wp:attachment":[{"href":"http:\/\/giocarelottoonline.it\/lv\/wp-json\/wp\/v2\/media?parent=125"}],"curies":[{"name":"wp","href":"https:\/\/api.w.org\/{rel}","templated":true}]}}