{"id":126,"date":"2025-07-15T15:51:07","date_gmt":"2025-07-15T15:51:07","guid":{"rendered":"http:\/\/giocarelottoonline.it\/pradzia\/"},"modified":"2025-07-15T15:51:07","modified_gmt":"2025-07-15T15:51:07","slug":"pradzia","status":"publish","type":"page","link":"http:\/\/giocarelottoonline.it\/lt\/","title":{"rendered":"Prad\u017eia"},"content":{"rendered":"<h2>\u017daisti loterij\u0105 internetu yra saugu ir paprasta<\/h2>\n<p>Jei visada nor\u0117jote dalyvauti viename i\u0161 did\u017eiausi\u0173 tarptautini\u0173 loterijos var\u017eyb\u0173, dabar turite galimyb\u0119 \u017eaisti bet kuri\u0105 loterij\u0105 internetu, nesvarbu, ar tai vietin\u0117s, ar tarptautin\u0117s loterijos var\u017eybos.<\/p>\n<p>Tai rei\u0161kia didesn\u0119 \u012fvairov\u0119 ir didesn\u0119 tikimyb\u0119 laim\u0117ti didelius pinigus patogiai i\u0161 nam\u0173. Palyginti su loterijos bilieto pirkimu vietin\u0117je parduotuv\u0117je, kur galite dalyvauti tik vietiniuose ir nacionaliniuose lo\u0161imuose, ne tik tur\u0117site ribot\u0105 pasirinkim\u0105, bet ir rizika prarasti biliet\u0105 (ir j\u016bs\u0173 \u0161ansai laim\u0117ti t\u0105 brang\u0173 pagrindin\u012f priz\u0105) yra didesn\u0117 nei su internetiniu bilietu, kuris j\u016bs\u0173 paskyroje ar el. pa\u0161te lieka tiek, kiek norite.<\/p>\n<p>Be to, sutaupysite sau r\u016bpes\u010di\u0173, kuriuos kelia laukimas ilgoje eil\u0117je, kad gautum\u0117te biliet\u0105. Vos keliais paspaudimais galite nusipirkti biliet\u0105 ir tur\u0117ti galimyb\u0119 laim\u0117ti loterij\u0105 internetu, kad ir kur b\u016btum\u0117te. Visos internetin\u0117s pagrindinio prizo loterijos yra prieinamos internete adresu <a href=\"https:\/\/www.jackpotlotteryonline.com\">www.jackpotlotteryonline.com<\/a>.<\/p>\n<p>M\u016bs\u0173 svetain\u0117 si\u016blo ne tik plat\u0173 pasirinkim\u0105 \u2013 nuo \u200b\u200bJAV iki Europos ir Australijos loterij\u0173, bet ir lengviausias b\u016bdas laim\u0117ti loterijoje internetu. Pirma, pateikiame naujausias loterij\u0173 ap\u017evalgas, kurios pad\u0117s jums nuspr\u0119sti, kur\u012f traukim\u0105 pasirinkti. Kita vertus, dauguma svetaini\u0173 nepateikia atsakym\u0173 apie tarptautin\u0117s loterijos ar loterijos svetain\u0117s teis\u0117tum\u0105.<\/p>\n<p>Ir n\u0117ra joki\u0173 konkurs\u0173 ar loterij\u0173, kuriose galite statyti, skai\u010di\u0173 apribojim\u0173. Rinkit\u0117s i\u0161 daugiau nei 25 did\u017eiausi\u0173 pasaulyje kaupiam\u0173 priz\u0173, visi prieinami internetu. Jums nereikia b\u016bti \u0161alies, kurioje vyksta loterija, gyventoju. U\u017esisak\u0119 biliet\u0105 bent 24 valandas prie\u0161 traukimo dat\u0105, tur\u0117site galimyb\u0119 laim\u0117ti <a href=\"https:\/\/lottoonline365.com\/it\" target=\"_blank\" rel=\"noopener\">keli\u0173 milijon\u0173 doleri\u0173 Lotto kaupiam\u0105j\u012f priz\u0105 i\u0161 bet kurios tarptautin\u0117s organizacijos<\/a>.<\/p>\n<h2>Kaip galite gauti galimyb\u0119 laim\u0117ti loterijoje ar internetin\u0117je loterijoje?<\/h2>\n<p>Tai paprasta. Nor\u0117dami \u017eaisti loterij\u0105 internetu, tiesiog spustel\u0117kite nuorodas kair\u0117je ir de\u0161in\u0117je nuo pasirinktos loterijos ir pasirinkite skai\u010dius. Jei kyla problem\u0173 d\u0117l skai\u010diaus pasirinkimo, galite naudoti m\u016bs\u0173 atsitiktini\u0173 skai\u010di\u0173 generatori\u0173. Pasirinkimas yra visi\u0161kai j\u016bs\u0173. Pasirink\u0119 skai\u010dius, tur\u0117site u\u017esiregistruoti \u201eRedFoxLotto\u201c.<\/p>\n<p>\u201eRedFoxLotto\u201c yra saugi ir patikima internetin\u0117 paslauga, leid\u017eianti lengvai internetu \u012fsigyti bilietus \u012f bet kur\u012f loterijos \u017eaidim\u0105. Bendrov\u0117 nuperka jums loterijos biliet\u0105, kai atliekate statym\u0105, ir atsiun\u010dia jums nuskaityt\u0105 bilieto kopij\u0105 su j\u016bs\u0173 vardu. Jie taip pat gali prane\u0161ti jums, kai laim\u0117site, ir pad\u0117ti atsiimti pinigus.<\/p>\n<p>Tada pasirinkite vien\u0105 i\u0161 si\u016blom\u0173 mok\u0117jimo b\u016bd\u0173. Galite rinktis i\u0161 kreditini\u0173 korteli\u0173, \u201eUkash\u201c, banko pavedimo, \u201eWestern Union\u201c, \u201eMoneybookers\u201c ir \u201eClickandBuy\u201c \u2013 visi \u0161ie mok\u0117jimo b\u016bdai yra saug\u016bs ir galiojantys. Atlik\u0119 mok\u0117jim\u0105, galite atsipalaiduoti ir laukti el. lai\u0161ko, kuriame bus prane\u0161ta apie j\u016bs\u0173 loterijos laim\u0117jim\u0105.<\/p>\n<p>Ta\u010diau tur\u0117tum\u0117te nepamir\u0161ti, kad laim\u0117jimo tikimyb\u0117 arba j\u016bs\u0173 prizo dydis priklausys nuo daugelio veiksni\u0173, pavyzd\u017eiui, nuo to paties skai\u010diaus statan\u010di\u0173 \u017emoni\u0173 procento arba nuo bendros sumos procento, kur\u012f loterija i\u0161mok\u0117s kaip laim\u0117jim\u0105. \u0160tai kod\u0117l svarbu ie\u0161koti did\u017eiausio kaupiamojo prizo prie\u0161 nusprend\u017eiant, kurioje internetin\u0117je loterijoje ar loterijoje \u017eaisti, kad gal\u0117tum\u0117te pasirinkti t\u0105, kurioje laim\u0117jimo tikimyb\u0117 yra did\u017eiausia.<\/p>\n","protected":false},"excerpt":{"rendered":"<p>\u017daisti loterij\u0105 internetu yra saugu ir paprasta Jei visada nor\u0117jote dalyvauti viename i\u0161 did\u017eiausi\u0173 tarptautini\u0173 loterijos var\u017eyb\u0173, dabar turite galimyb\u0119 \u017eaisti bet kuri\u0105 loterij\u0105 internetu, nesvarbu, ar tai vietin\u0117s, ar tarptautin\u0117s loterijos var\u017eybos. Tai rei\u0161kia didesn\u0119 \u012fvairov\u0119 ir didesn\u0119 tikimyb\u0119 laim\u0117ti didelius pinigus patogiai i\u0161 nam\u0173. Palyginti su loterijos bilieto pirkimu vietin\u0117je parduotuv\u0117je, kur galite [&hellip;]<\/p>\n","protected":false},"author":1,"featured_media":0,"parent":0,"menu_order":0,"comment_status":"closed","ping_status":"closed","template":"","meta":{"footnotes":""},"class_list":["post-126","page","type-page","status-publish","hentry"],"yoast_head":"<!-- This site is optimized with the Yoast SEO plugin v27.3 - https:\/\/yoast.com\/product\/yoast-seo-wordpress\/ -->\n<title>\u017daisti loterij\u0105 internetu<\/title>\n<meta name=\"robots\" content=\"index, follow, max-snippet:-1, max-image-preview:large, max-video-preview:-1\" \/>\n<link rel=\"canonical\" href=\"http:\/\/giocarelottoonline.it\/lt\/\" \/>\n<meta property=\"og:locale\" content=\"lt_LT\" \/>\n<meta property=\"og:type\" content=\"article\" \/>\n<meta property=\"og:title\" content=\"\u017daisti loterij\u0105 internetu\" \/>\n<meta property=\"og:description\" content=\"\u017daisti loterij\u0105 internetu yra saugu ir paprasta Jei visada nor\u0117jote dalyvauti viename i\u0161 did\u017eiausi\u0173 tarptautini\u0173 loterijos var\u017eyb\u0173, dabar turite galimyb\u0119 \u017eaisti bet kuri\u0105 loterij\u0105 internetu, nesvarbu, ar tai vietin\u0117s, ar tarptautin\u0117s loterijos var\u017eybos. Tai rei\u0161kia didesn\u0119 \u012fvairov\u0119 ir didesn\u0119 tikimyb\u0119 laim\u0117ti didelius pinigus patogiai i\u0161 nam\u0173. Palyginti su loterijos bilieto pirkimu vietin\u0117je parduotuv\u0117je, kur galite [&hellip;]\" \/>\n<meta property=\"og:url\" content=\"http:\/\/giocarelottoonline.it\/lt\/\" \/>\n<meta property=\"og:site_name\" content=\"Giocare lotto online\" \/>\n<meta name=\"twitter:card\" content=\"summary_large_image\" \/>\n<meta name=\"twitter:label1\" content=\"Est. reading time\" \/>\n\t<meta name=\"twitter:data1\" content=\"3 minut\u0117s\" \/>\n<script type=\"application\/ld+json\" class=\"yoast-schema-graph\">{\"@context\":\"https:\\\/\\\/schema.org\",\"@graph\":[{\"@type\":\"WebPage\",\"@id\":\"http:\\\/\\\/giocarelottoonline.it\\\/lt\\\/\",\"url\":\"http:\\\/\\\/giocarelottoonline.it\\\/lt\\\/\",\"name\":\"\u017daisti loterij\u0105 internetu\",\"isPartOf\":{\"@id\":\"https:\\\/\\\/giocarelottoonline.it\\\/lt\\\/#website\"},\"datePublished\":\"2025-07-15T15:51:07+00:00\",\"breadcrumb\":{\"@id\":\"http:\\\/\\\/giocarelottoonline.it\\\/lt\\\/#breadcrumb\"},\"inLanguage\":\"lt-LT\",\"potentialAction\":[{\"@type\":\"ReadAction\",\"target\":[\"http:\\\/\\\/giocarelottoonline.it\\\/lt\\\/\"]}]},{\"@type\":\"BreadcrumbList\",\"@id\":\"http:\\\/\\\/giocarelottoonline.it\\\/lt\\\/#breadcrumb\",\"itemListElement\":[{\"@type\":\"ListItem\",\"position\":1,\"name\":\"Home\",\"item\":\"http:\\\/\\\/giocarelottoonline.it\\\/lt\\\/\"},{\"@type\":\"ListItem\",\"position\":2,\"name\":\"Prad\u017eia\"}]},{\"@type\":\"WebSite\",\"@id\":\"https:\\\/\\\/giocarelottoonline.it\\\/lt\\\/#website\",\"url\":\"https:\\\/\\\/giocarelottoonline.it\\\/lt\\\/\",\"name\":\"Giocare lotto online\",\"description\":\"Just another WordPress site\",\"potentialAction\":[{\"@type\":\"SearchAction\",\"target\":{\"@type\":\"EntryPoint\",\"urlTemplate\":\"https:\\\/\\\/giocarelottoonline.it\\\/lt\\\/?s={search_term_string}\"},\"query-input\":{\"@type\":\"PropertyValueSpecification\",\"valueRequired\":true,\"valueName\":\"search_term_string\"}}],\"inLanguage\":\"lt-LT\"}]}<\/script>\n<!-- \/ Yoast SEO plugin. -->","yoast_head_json":{"title":"\u017daisti loterij\u0105 internetu","robots":{"index":"index","follow":"follow","max-snippet":"max-snippet:-1","max-image-preview":"max-image-preview:large","max-video-preview":"max-video-preview:-1"},"canonical":"http:\/\/giocarelottoonline.it\/lt\/","og_locale":"lt_LT","og_type":"article","og_title":"\u017daisti loterij\u0105 internetu","og_description":"\u017daisti loterij\u0105 internetu yra saugu ir paprasta Jei visada nor\u0117jote dalyvauti viename i\u0161 did\u017eiausi\u0173 tarptautini\u0173 loterijos var\u017eyb\u0173, dabar turite galimyb\u0119 \u017eaisti bet kuri\u0105 loterij\u0105 internetu, nesvarbu, ar tai vietin\u0117s, ar tarptautin\u0117s loterijos var\u017eybos. Tai rei\u0161kia didesn\u0119 \u012fvairov\u0119 ir didesn\u0119 tikimyb\u0119 laim\u0117ti didelius pinigus patogiai i\u0161 nam\u0173. Palyginti su loterijos bilieto pirkimu vietin\u0117je parduotuv\u0117je, kur galite [&hellip;]","og_url":"http:\/\/giocarelottoonline.it\/lt\/","og_site_name":"Giocare lotto online","twitter_card":"summary_large_image","twitter_misc":{"Est. reading time":"3 minut\u0117s"},"schema":{"@context":"https:\/\/schema.org","@graph":[{"@type":"WebPage","@id":"http:\/\/giocarelottoonline.it\/lt\/","url":"http:\/\/giocarelottoonline.it\/lt\/","name":"\u017daisti loterij\u0105 internetu","isPartOf":{"@id":"https:\/\/giocarelottoonline.it\/lt\/#website"},"datePublished":"2025-07-15T15:51:07+00:00","breadcrumb":{"@id":"http:\/\/giocarelottoonline.it\/lt\/#breadcrumb"},"inLanguage":"lt-LT","potentialAction":[{"@type":"ReadAction","target":["http:\/\/giocarelottoonline.it\/lt\/"]}]},{"@type":"BreadcrumbList","@id":"http:\/\/giocarelottoonline.it\/lt\/#breadcrumb","itemListElement":[{"@type":"ListItem","position":1,"name":"Home","item":"http:\/\/giocarelottoonline.it\/lt\/"},{"@type":"ListItem","position":2,"name":"Prad\u017eia"}]},{"@type":"WebSite","@id":"https:\/\/giocarelottoonline.it\/lt\/#website","url":"https:\/\/giocarelottoonline.it\/lt\/","name":"Giocare lotto online","description":"Just another WordPress site","potentialAction":[{"@type":"SearchAction","target":{"@type":"EntryPoint","urlTemplate":"https:\/\/giocarelottoonline.it\/lt\/?s={search_term_string}"},"query-input":{"@type":"PropertyValueSpecification","valueRequired":true,"valueName":"search_term_string"}}],"inLanguage":"lt-LT"}]}},"_links":{"self":[{"href":"http:\/\/giocarelottoonline.it\/lt\/wp-json\/wp\/v2\/pages\/126","targetHints":{"allow":["GET"]}}],"collection":[{"href":"http:\/\/giocarelottoonline.it\/lt\/wp-json\/wp\/v2\/pages"}],"about":[{"href":"http:\/\/giocarelottoonline.it\/lt\/wp-json\/wp\/v2\/types\/page"}],"author":[{"embeddable":true,"href":"http:\/\/giocarelottoonline.it\/lt\/wp-json\/wp\/v2\/users\/1"}],"replies":[{"embeddable":true,"href":"http:\/\/giocarelottoonline.it\/lt\/wp-json\/wp\/v2\/comments?post=126"}],"version-history":[{"count":0,"href":"http:\/\/giocarelottoonline.it\/lt\/wp-json\/wp\/v2\/pages\/126\/revisions"}],"wp:attachment":[{"href":"http:\/\/giocarelottoonline.it\/lt\/wp-json\/wp\/v2\/media?parent=126"}],"curies":[{"name":"wp","href":"https:\/\/api.w.org\/{rel}","templated":true}]}}