{"id":121,"date":"2025-07-15T15:51:07","date_gmt":"2025-07-15T15:51:07","guid":{"rendered":"http:\/\/giocarelottoonline.it\/kezdolap\/"},"modified":"2025-07-15T15:51:07","modified_gmt":"2025-07-15T15:51:07","slug":"kezdolap","status":"publish","type":"page","link":"http:\/\/giocarelottoonline.it\/hu\/","title":{"rendered":"Kezd\u0151lap"},"content":{"rendered":"<h2>Biztons\u00e1gos \u00e9s egyszer\u0171 online lott\u00f3zni<\/h2>\n<p>Ha mindig is szeretett volna r\u00e9szt venni valamelyik nagy nemzetk\u00f6zi lott\u00f3versenyen, most lehet\u0151s\u00e9ge van b\u00e1rmelyik lott\u00f3n online j\u00e1tszani, legyen sz\u00f3 ak\u00e1r helyi, ak\u00e1r nemzetk\u00f6zi lott\u00f3versenyr\u0151l.<\/p>\n<p>Ez nagyobb v\u00e1ltozatoss\u00e1got \u00e9s nagyobb es\u00e9lyt jelent arra, hogy otthonr\u00f3l, k\u00e9nyelmesen nagy p\u00e9nzt nyerjen. A helyi \u00fczletben v\u00e1s\u00e1rolt lott\u00f3szelv\u00e9nyhez k\u00e9pest, ahol csak a helyi \u00e9s orsz\u00e1gos sorsol\u00e1sok k\u00f6z\u00fcl v\u00e1laszthat, nemcsak korl\u00e1tozottabbak a v\u00e1laszt\u00e1si lehet\u0151s\u00e9gei, hanem a szelv\u00e9ny elveszt\u00e9s\u00e9nek kock\u00e1zata (\u00e9s az \u00e9rt\u00e9kes jackpot megnyer\u00e9s\u00e9nek es\u00e9lye) is nagyobb, mint egy online szelv\u00e9ny eset\u00e9ben, amely addig marad a fi\u00f3kj\u00e1ban vagy az e-mail c\u00edm\u00e9n, ameddig csak szeretn\u00e9.<\/p>\n<p>R\u00e1ad\u00e1sul megk\u00edm\u00e9li mag\u00e1t att\u00f3l a kellemetlens\u00e9gt\u0151l, hogy hossz\u00fa sorban kelljen \u00e1llnia a szelv\u00e9ny megszerz\u00e9s\u00e9hez. N\u00e9h\u00e1ny kattint\u00e1ssal v\u00e1s\u00e1rolhat szelv\u00e9nyt, \u00e9s es\u00e9lye lesz online megnyerni a lott\u00f3t, b\u00e1rhol is legyen. Minden online jackpot lott\u00f3 online el\u00e9rhet\u0151 a <a href=\"https:\/\/www.jackpotlotteryonline.com\">www.jackpotlotteryonline.com<\/a> c\u00edmen.<\/p>\n<p>Oldalunk nemcsak sz\u00e9les v\u00e1laszt\u00e9kot k\u00edn\u00e1l, az amerikai, eur\u00f3pai \u00e9s ausztr\u00e1l lott\u00f3kt\u00f3l kezdve, hanem a legegyszer\u0171bb m\u00f3dja is a lott\u00f3 online megnyer\u00e9s\u00e9nek. El\u0151sz\u00f6r is, a legfrissebb lott\u00f3\u00e9rt\u00e9kel\u00e9seket k\u00edn\u00e1ljuk, hogy seg\u00edts\u00fcnk eld\u00f6nteni, melyik sorsol\u00e1st v\u00e1lassza. A legt\u00f6bb weboldal ezzel szemben nem ad v\u00e1laszt egy nemzetk\u00f6zi lott\u00f3 vagy lott\u00f3oldal hiteless\u00e9g\u00e9r\u0151l.<\/p>\n<p>\u00c9s nincs korl\u00e1tozva, hogy h\u00e1ny versenyre vagy lott\u00f3ra tehet fogad\u00e1st. V\u00e1lasszon a vil\u00e1g t\u00f6bb mint 25 legnagyobb jackpotja k\u00f6z\u00fcl, amelyek mindegyike online el\u00e9rhet\u0151. \u00c9s nem kell annak az orsz\u00e1gnak a lakos\u00e1nak lennie, amelyik a Lott\u00f3t \u00fczemelteti. Ha legal\u00e1bb 24 \u00f3r\u00e1val a sorsol\u00e1s d\u00e1tuma el\u0151tt rendel szelv\u00e9nyt, lehet\u0151s\u00e9ge lesz megnyerni egy <a href=\"https:\/\/lottoonline365.com\/it\" target=\"_blank\" rel=\"noopener\">t\u00f6bbmilli\u00f3 doll\u00e1ros Lotto jackpotot b\u00e1rmely nemzetk\u00f6zi szervezett\u0151l<\/a>.<\/p>\n<h2>Hogyan nyerhet lott\u00f3t vagy online lott\u00f3t?<\/h2>\n<p>Egyszer\u0171. Online lott\u00f3z\u00e1shoz csak kattints a kiv\u00e1lasztott lott\u00f3 bal \u00e9s jobb oldal\u00e1n tal\u00e1lhat\u00f3 linkekre, \u00e9s v\u00e1laszd ki a sz\u00e1maidat. Ha nehezen d\u00f6ntesz a sz\u00e1mod kiv\u00e1laszt\u00e1s\u00e1r\u00f3l, haszn\u00e1lhatod a v\u00e9letlensz\u00e1m-gener\u00e1torunkat. A v\u00e1laszt\u00e1s teljes m\u00e9rt\u00e9kben a ti\u00e9d. A sz\u00e1mok kiv\u00e1laszt\u00e1sa ut\u00e1n regisztr\u00e1lnod kell a RedFoxLotto-n.<\/p>\n<p>A RedFoxLotto egy biztons\u00e1gos \u00e9s megb\u00edzhat\u00f3 online szolg\u00e1ltat\u00e1s, amely lehet\u0151v\u00e9 teszi, hogy k\u00f6nnyed\u00e9n v\u00e1s\u00e1rolj szelv\u00e9nyeket online b\u00e1rmely lott\u00f3j\u00e1t\u00e9kra. A c\u00e9g megv\u00e1s\u00e1rolja neked a szelv\u00e9nyt a lott\u00f3t\u00f3l, miut\u00e1n megtetted a t\u00e9tedet, \u00e9s elk\u00fcldi neked a szelv\u00e9ny szkennelt m\u00e1solat\u00e1t, amelyen a neved szerepel. \u00c9rtes\u00edteni is tudnak, ha nyert\u00e9l, \u00e9s seg\u00edtenek a p\u00e9nzed felv\u00e9tel\u00e9ben.<\/p>\n<p>Ezut\u00e1n v\u00e1lassz a felk\u00edn\u00e1lt fizet\u00e9si m\u00f3dok k\u00f6z\u00fcl. V\u00e1laszthatsz hitelk\u00e1rty\u00e1k, Ukash, banki \u00e1tutal\u00e1s, Western Union, Moneybookers \u00e9s ClickandBuy k\u00f6z\u00fcl, amelyek mind biztons\u00e1gos \u00e9s \u00e9rv\u00e9nyes fizet\u00e9si m\u00f3dok. A fizet\u00e9s ut\u00e1n nyugodtan v\u00e1rhatod a lott\u00f3nyerem\u00e9nyedr\u0151l sz\u00f3l\u00f3 e-mailt.<\/p>\n<p>Azonban ne feledd, hogy a nyer\u00e9si es\u00e9lyek, vagyis a nyerem\u00e9ny nagys\u00e1ga sz\u00e1mos t\u00e9nyez\u0151t\u0151l f\u00fcgg, p\u00e9ld\u00e1ul att\u00f3l, hogy h\u00e1nyan fogadtak ugyanarra a sz\u00e1mra, vagy a lott\u00f3 teljes \u00f6sszeg\u00e9nek h\u00e1ny sz\u00e1zal\u00e9k\u00e1t fizeti ki nyerem\u00e9nyk\u00e9nt. Ez\u00e9rt fontos, hogy a legmagasabb jackpotot keresd, miel\u0151tt eld\u00f6nt\u00f6d, melyik online lott\u00f3n vagy lott\u00f3n j\u00e1tszol, hogy azt v\u00e1laszd, amelyiknek a legjobbak a nyer\u00e9si es\u00e9lyei.<\/p>\n","protected":false},"excerpt":{"rendered":"<p>Biztons\u00e1gos \u00e9s egyszer\u0171 online lott\u00f3zni Ha mindig is szeretett volna r\u00e9szt venni valamelyik nagy nemzetk\u00f6zi lott\u00f3versenyen, most lehet\u0151s\u00e9ge van b\u00e1rmelyik lott\u00f3n online j\u00e1tszani, legyen sz\u00f3 ak\u00e1r helyi, ak\u00e1r nemzetk\u00f6zi lott\u00f3versenyr\u0151l. Ez nagyobb v\u00e1ltozatoss\u00e1got \u00e9s nagyobb es\u00e9lyt jelent arra, hogy otthonr\u00f3l, k\u00e9nyelmesen nagy p\u00e9nzt nyerjen. A helyi \u00fczletben v\u00e1s\u00e1rolt lott\u00f3szelv\u00e9nyhez k\u00e9pest, ahol csak a helyi \u00e9s [&hellip;]<\/p>\n","protected":false},"author":1,"featured_media":0,"parent":0,"menu_order":0,"comment_status":"closed","ping_status":"closed","template":"","meta":{"footnotes":""},"class_list":["post-121","page","type-page","status-publish","hentry"],"yoast_head":"<!-- This site is optimized with the Yoast SEO plugin v27.4 - https:\/\/yoast.com\/product\/yoast-seo-wordpress\/ -->\n<title>Lott\u00f3z\u00e1s online<\/title>\n<meta name=\"robots\" content=\"index, follow, max-snippet:-1, max-image-preview:large, max-video-preview:-1\" \/>\n<link rel=\"canonical\" href=\"http:\/\/giocarelottoonline.it\/hu\/\" \/>\n<meta property=\"og:locale\" content=\"hu_HU\" \/>\n<meta property=\"og:type\" content=\"article\" \/>\n<meta property=\"og:title\" content=\"Lott\u00f3z\u00e1s online\" \/>\n<meta property=\"og:description\" content=\"Biztons\u00e1gos \u00e9s egyszer\u0171 online lott\u00f3zni Ha mindig is szeretett volna r\u00e9szt venni valamelyik nagy nemzetk\u00f6zi lott\u00f3versenyen, most lehet\u0151s\u00e9ge van b\u00e1rmelyik lott\u00f3n online j\u00e1tszani, legyen sz\u00f3 ak\u00e1r helyi, ak\u00e1r nemzetk\u00f6zi lott\u00f3versenyr\u0151l. Ez nagyobb v\u00e1ltozatoss\u00e1got \u00e9s nagyobb es\u00e9lyt jelent arra, hogy otthonr\u00f3l, k\u00e9nyelmesen nagy p\u00e9nzt nyerjen. A helyi \u00fczletben v\u00e1s\u00e1rolt lott\u00f3szelv\u00e9nyhez k\u00e9pest, ahol csak a helyi \u00e9s [&hellip;]\" \/>\n<meta property=\"og:url\" content=\"http:\/\/giocarelottoonline.it\/hu\/\" \/>\n<meta property=\"og:site_name\" content=\"Giocare lotto online\" \/>\n<meta name=\"twitter:card\" content=\"summary_large_image\" \/>\n<meta name=\"twitter:label1\" content=\"Becs\u00fclt olvas\u00e1si id\u0151\" \/>\n\t<meta name=\"twitter:data1\" content=\"3 perc\" \/>\n<script type=\"application\/ld+json\" class=\"yoast-schema-graph\">{\"@context\":\"https:\\\/\\\/schema.org\",\"@graph\":[{\"@type\":\"WebPage\",\"@id\":\"http:\\\/\\\/giocarelottoonline.it\\\/hu\\\/\",\"url\":\"http:\\\/\\\/giocarelottoonline.it\\\/hu\\\/\",\"name\":\"Lott\u00f3z\u00e1s online\",\"isPartOf\":{\"@id\":\"http:\\\/\\\/giocarelottoonline.it\\\/hu\\\/#website\"},\"datePublished\":\"2025-07-15T15:51:07+00:00\",\"breadcrumb\":{\"@id\":\"http:\\\/\\\/giocarelottoonline.it\\\/hu\\\/#breadcrumb\"},\"inLanguage\":\"hu\",\"potentialAction\":[{\"@type\":\"ReadAction\",\"target\":[\"http:\\\/\\\/giocarelottoonline.it\\\/hu\\\/\"]}]},{\"@type\":\"BreadcrumbList\",\"@id\":\"http:\\\/\\\/giocarelottoonline.it\\\/hu\\\/#breadcrumb\",\"itemListElement\":[{\"@type\":\"ListItem\",\"position\":1,\"name\":\"Home\",\"item\":\"https:\\\/\\\/giocarelottoonline.it\\\/hu\\\/\"},{\"@type\":\"ListItem\",\"position\":2,\"name\":\"Kezd\u0151lap\"}]},{\"@type\":\"WebSite\",\"@id\":\"http:\\\/\\\/giocarelottoonline.it\\\/hu\\\/#website\",\"url\":\"http:\\\/\\\/giocarelottoonline.it\\\/hu\\\/\",\"name\":\"Giocare lotto online\",\"description\":\"Just another WordPress site\",\"potentialAction\":[{\"@type\":\"SearchAction\",\"target\":{\"@type\":\"EntryPoint\",\"urlTemplate\":\"http:\\\/\\\/giocarelottoonline.it\\\/hu\\\/?s={search_term_string}\"},\"query-input\":{\"@type\":\"PropertyValueSpecification\",\"valueRequired\":true,\"valueName\":\"search_term_string\"}}],\"inLanguage\":\"hu\"}]}<\/script>\n<!-- \/ Yoast SEO plugin. -->","yoast_head_json":{"title":"Lott\u00f3z\u00e1s online","robots":{"index":"index","follow":"follow","max-snippet":"max-snippet:-1","max-image-preview":"max-image-preview:large","max-video-preview":"max-video-preview:-1"},"canonical":"http:\/\/giocarelottoonline.it\/hu\/","og_locale":"hu_HU","og_type":"article","og_title":"Lott\u00f3z\u00e1s online","og_description":"Biztons\u00e1gos \u00e9s egyszer\u0171 online lott\u00f3zni Ha mindig is szeretett volna r\u00e9szt venni valamelyik nagy nemzetk\u00f6zi lott\u00f3versenyen, most lehet\u0151s\u00e9ge van b\u00e1rmelyik lott\u00f3n online j\u00e1tszani, legyen sz\u00f3 ak\u00e1r helyi, ak\u00e1r nemzetk\u00f6zi lott\u00f3versenyr\u0151l. Ez nagyobb v\u00e1ltozatoss\u00e1got \u00e9s nagyobb es\u00e9lyt jelent arra, hogy otthonr\u00f3l, k\u00e9nyelmesen nagy p\u00e9nzt nyerjen. A helyi \u00fczletben v\u00e1s\u00e1rolt lott\u00f3szelv\u00e9nyhez k\u00e9pest, ahol csak a helyi \u00e9s [&hellip;]","og_url":"http:\/\/giocarelottoonline.it\/hu\/","og_site_name":"Giocare lotto online","twitter_card":"summary_large_image","twitter_misc":{"Becs\u00fclt olvas\u00e1si id\u0151":"3 perc"},"schema":{"@context":"https:\/\/schema.org","@graph":[{"@type":"WebPage","@id":"http:\/\/giocarelottoonline.it\/hu\/","url":"http:\/\/giocarelottoonline.it\/hu\/","name":"Lott\u00f3z\u00e1s online","isPartOf":{"@id":"http:\/\/giocarelottoonline.it\/hu\/#website"},"datePublished":"2025-07-15T15:51:07+00:00","breadcrumb":{"@id":"http:\/\/giocarelottoonline.it\/hu\/#breadcrumb"},"inLanguage":"hu","potentialAction":[{"@type":"ReadAction","target":["http:\/\/giocarelottoonline.it\/hu\/"]}]},{"@type":"BreadcrumbList","@id":"http:\/\/giocarelottoonline.it\/hu\/#breadcrumb","itemListElement":[{"@type":"ListItem","position":1,"name":"Home","item":"https:\/\/giocarelottoonline.it\/hu\/"},{"@type":"ListItem","position":2,"name":"Kezd\u0151lap"}]},{"@type":"WebSite","@id":"http:\/\/giocarelottoonline.it\/hu\/#website","url":"http:\/\/giocarelottoonline.it\/hu\/","name":"Giocare lotto online","description":"Just another WordPress site","potentialAction":[{"@type":"SearchAction","target":{"@type":"EntryPoint","urlTemplate":"http:\/\/giocarelottoonline.it\/hu\/?s={search_term_string}"},"query-input":{"@type":"PropertyValueSpecification","valueRequired":true,"valueName":"search_term_string"}}],"inLanguage":"hu"}]}},"_links":{"self":[{"href":"http:\/\/giocarelottoonline.it\/hu\/wp-json\/wp\/v2\/pages\/121","targetHints":{"allow":["GET"]}}],"collection":[{"href":"http:\/\/giocarelottoonline.it\/hu\/wp-json\/wp\/v2\/pages"}],"about":[{"href":"http:\/\/giocarelottoonline.it\/hu\/wp-json\/wp\/v2\/types\/page"}],"author":[{"embeddable":true,"href":"http:\/\/giocarelottoonline.it\/hu\/wp-json\/wp\/v2\/users\/1"}],"replies":[{"embeddable":true,"href":"http:\/\/giocarelottoonline.it\/hu\/wp-json\/wp\/v2\/comments?post=121"}],"version-history":[{"count":0,"href":"http:\/\/giocarelottoonline.it\/hu\/wp-json\/wp\/v2\/pages\/121\/revisions"}],"wp:attachment":[{"href":"http:\/\/giocarelottoonline.it\/hu\/wp-json\/wp\/v2\/media?parent=121"}],"curies":[{"name":"wp","href":"https:\/\/api.w.org\/{rel}","templated":true}]}}