{"id":115,"date":"2025-07-15T15:51:07","date_gmt":"2025-07-15T15:51:07","guid":{"rendered":"http:\/\/giocarelottoonline.it\/pocetna\/"},"modified":"2025-07-15T15:51:07","modified_gmt":"2025-07-15T15:51:07","slug":"pocetna","status":"publish","type":"page","link":"http:\/\/giocarelottoonline.it\/hr\/","title":{"rendered":"Po\u010detna"},"content":{"rendered":"<h2>Igranje lota online je sigurno i jednostavno<\/h2>\n<p>Ako ste oduvijek \u017eeljeli sudjelovati u jednom od glavnih me\u0111unarodnih loto natjecanja, sada imate mogu\u0107nost igrati bilo koji loto online, bilo da se radi o lokalnom ili me\u0111unarodnom loto natjecanju.<\/p>\n<p>To zna\u010di ve\u0107u raznolikost i ve\u0107u \u0161ansu za osvajanje velikog novca izravno iz udobnosti vlastitog doma. U usporedbi s kupnjom loto listi\u0107a u lokalnoj trgovini, gdje ste ograni\u010deni na lokalna i nacionalna izvla\u010denja, ne samo da \u0107ete imati ograni\u010den izbor, ve\u0107 je i rizik od gubitka listi\u0107a (i va\u0161ih \u0161ansi za osvajanje tog vrijednog jackpota) ve\u0107i nego s online listi\u0107em koji ostaje na va\u0161em ra\u010dunu ili e-po\u0161ti koliko god \u017eelite.<\/p>\n<p>Osim toga, \u0161tedite si muku \u010dekanja u dugom redu samo da biste dobili svoj listi\u0107. U samo nekoliko klikova mo\u017eete kupiti listi\u0107 i imati priliku osvojiti lutriju online, gdje god se nalazili. Sve online jackpot lutrije dostupne su na <a href=\"https:\/\/www.jackpotlotteryonline.com\">www.jackpotlotteryonline.com<\/a>.<\/p>\n<p>Na\u0161a stranica ne samo da nudi \u0161irok izbor, od ameri\u010dkih do europskih i australskih lutrija, ve\u0107 je i najlak\u0161i na\u010din za osvajanje lutrije online. Prvo, nudimo najnovije recenzije lutrije kako bismo vam pomogli da odlu\u010dite koje izvla\u010denje odabrati. Ve\u0107ina web stranica, s druge strane, ne daje vam odgovore o legitimnosti me\u0111unarodne lutrije ili stranice lutrije.<\/p>\n<p>I ne postoji ograni\u010denje u broju natjecanja ili lutrija na koje mo\u017eete kladiti. Birajte izme\u0111u preko 25 najve\u0107ih svjetskih jackpotova, svi dostupni online. I ne morate biti stanovnik zemlje koja je doma\u0107in Lota. Naru\u010divanjem listi\u0107a najmanje 24 sata prije datuma izvla\u010denja, imat \u0107ete priliku osvojiti <a href=\"https:\/\/lottoonline365.com\/it\" target=\"_blank\" rel=\"noopener\">vi\u0161emilijunski Lotto jackpot od bilo koje me\u0111unarodne organizacije<\/a>.<\/p>\n<h2>Kako mo\u017eete dobiti priliku osvojiti lutriju ili online lutriju?<\/h2>\n<p>Jednostavno je. Da biste igrali Lotto online, samo kliknite na poveznice lijevo i desno od Lotta koji ste odabrali i odaberite svoje brojeve. Ako imate problema s odlukom koji broj odabrati, mo\u017eete koristiti na\u0161 generator slu\u010dajnih brojeva. Izbor je u potpunosti va\u0161. Nakon \u0161to odaberete svoje brojeve, morat \u0107ete se registrirati na RedFoxLotto.<\/p>\n<p>RedFoxLotto je sigurna i pouzdana online usluga koja vam omogu\u0107uje jednostavnu online kupnju listi\u0107a za bilo koju Lotto igru. Tvrtka kupuje listi\u0107 za vas od lutrije nakon \u0161to se kladite i \u0161alje vam skeniranu kopiju listi\u0107a s va\u0161im imenom na njemu. Tako\u0111er vas mogu obavijestiti kada osvojite nagradu i pomo\u0107i vam da preuzmete svoj novac.<\/p>\n<p>Zatim odaberite jednu od ponu\u0111enih metoda pla\u0107anja. Mo\u017eete birati izme\u0111u kreditnih kartica, Ukasha, bankovnog transfera, Western Uniona, Moneybookersa i ClickandBuya, svih sigurnih i valjanih metoda pla\u0107anja. Nakon \u0161to izvr\u0161ite uplatu, mo\u017eete se opustiti i pri\u010dekati e-po\u0161tu s obavijesti o va\u0161em dobitku na lutriji.<\/p>\n<p>Me\u0111utim, trebali biste imati na umu da \u0107e izgledi za dobitak, odnosno veli\u010dina va\u0161e nagrade, ovisiti o mnogim \u010dimbenicima, kao \u0161to je postotak ljudi koji su se kladili na isti broj ili postotak ukupnog iznosa koji \u0107e lutrija isplatiti kao dobitak. Zato je va\u017eno potra\u017eiti najve\u0107i jackpot prije nego \u0161to odlu\u010dite koju online lutriju ili loto igrati, kako biste mogli odabrati onu s najboljim izgledima za dobitak.<\/p>\n","protected":false},"excerpt":{"rendered":"<p>Igranje lota online je sigurno i jednostavno Ako ste oduvijek \u017eeljeli sudjelovati u jednom od glavnih me\u0111unarodnih loto natjecanja, sada imate mogu\u0107nost igrati bilo koji loto online, bilo da se radi o lokalnom ili me\u0111unarodnom loto natjecanju. To zna\u010di ve\u0107u raznolikost i ve\u0107u \u0161ansu za osvajanje velikog novca izravno iz udobnosti vlastitog doma. U usporedbi [&hellip;]<\/p>\n","protected":false},"author":1,"featured_media":0,"parent":0,"menu_order":0,"comment_status":"closed","ping_status":"closed","template":"","meta":{"footnotes":""},"class_list":["post-115","page","type-page","status-publish","hentry"],"yoast_head":"<!-- This site is optimized with the Yoast SEO plugin v27.3 - https:\/\/yoast.com\/product\/yoast-seo-wordpress\/ -->\n<title>Igranje lota online<\/title>\n<meta name=\"robots\" content=\"index, follow, max-snippet:-1, max-image-preview:large, max-video-preview:-1\" \/>\n<link rel=\"canonical\" href=\"http:\/\/giocarelottoonline.it\/hr\/\" \/>\n<meta property=\"og:locale\" content=\"hr_HR\" \/>\n<meta property=\"og:type\" content=\"article\" \/>\n<meta property=\"og:title\" content=\"Igranje lota online\" \/>\n<meta property=\"og:description\" content=\"Igranje lota online je sigurno i jednostavno Ako ste oduvijek \u017eeljeli sudjelovati u jednom od glavnih me\u0111unarodnih loto natjecanja, sada imate mogu\u0107nost igrati bilo koji loto online, bilo da se radi o lokalnom ili me\u0111unarodnom loto natjecanju. To zna\u010di ve\u0107u raznolikost i ve\u0107u \u0161ansu za osvajanje velikog novca izravno iz udobnosti vlastitog doma. U usporedbi [&hellip;]\" \/>\n<meta property=\"og:url\" content=\"http:\/\/giocarelottoonline.it\/hr\/\" \/>\n<meta property=\"og:site_name\" content=\"Giocare lotto online\" \/>\n<meta name=\"twitter:card\" content=\"summary_large_image\" \/>\n<meta name=\"twitter:label1\" content=\"Procijenjeno vrijeme \u010ditanja\" \/>\n\t<meta name=\"twitter:data1\" content=\"3 minute\" \/>\n<script type=\"application\/ld+json\" class=\"yoast-schema-graph\">{\"@context\":\"https:\\\/\\\/schema.org\",\"@graph\":[{\"@type\":\"WebPage\",\"@id\":\"http:\\\/\\\/giocarelottoonline.it\\\/hr\\\/\",\"url\":\"http:\\\/\\\/giocarelottoonline.it\\\/hr\\\/\",\"name\":\"Igranje lota online\",\"isPartOf\":{\"@id\":\"https:\\\/\\\/giocarelottoonline.it\\\/hr\\\/#website\"},\"datePublished\":\"2025-07-15T15:51:07+00:00\",\"breadcrumb\":{\"@id\":\"http:\\\/\\\/giocarelottoonline.it\\\/hr\\\/#breadcrumb\"},\"inLanguage\":\"hr\",\"potentialAction\":[{\"@type\":\"ReadAction\",\"target\":[\"http:\\\/\\\/giocarelottoonline.it\\\/hr\\\/\"]}]},{\"@type\":\"BreadcrumbList\",\"@id\":\"http:\\\/\\\/giocarelottoonline.it\\\/hr\\\/#breadcrumb\",\"itemListElement\":[{\"@type\":\"ListItem\",\"position\":1,\"name\":\"Home\",\"item\":\"https:\\\/\\\/giocarelottoonline.it\\\/hr\\\/\"},{\"@type\":\"ListItem\",\"position\":2,\"name\":\"Po\u010detna\"}]},{\"@type\":\"WebSite\",\"@id\":\"https:\\\/\\\/giocarelottoonline.it\\\/hr\\\/#website\",\"url\":\"https:\\\/\\\/giocarelottoonline.it\\\/hr\\\/\",\"name\":\"Giocare lotto online\",\"description\":\"Just another WordPress site\",\"potentialAction\":[{\"@type\":\"SearchAction\",\"target\":{\"@type\":\"EntryPoint\",\"urlTemplate\":\"https:\\\/\\\/giocarelottoonline.it\\\/hr\\\/?s={search_term_string}\"},\"query-input\":{\"@type\":\"PropertyValueSpecification\",\"valueRequired\":true,\"valueName\":\"search_term_string\"}}],\"inLanguage\":\"hr\"}]}<\/script>\n<!-- \/ Yoast SEO plugin. -->","yoast_head_json":{"title":"Igranje lota online","robots":{"index":"index","follow":"follow","max-snippet":"max-snippet:-1","max-image-preview":"max-image-preview:large","max-video-preview":"max-video-preview:-1"},"canonical":"http:\/\/giocarelottoonline.it\/hr\/","og_locale":"hr_HR","og_type":"article","og_title":"Igranje lota online","og_description":"Igranje lota online je sigurno i jednostavno Ako ste oduvijek \u017eeljeli sudjelovati u jednom od glavnih me\u0111unarodnih loto natjecanja, sada imate mogu\u0107nost igrati bilo koji loto online, bilo da se radi o lokalnom ili me\u0111unarodnom loto natjecanju. To zna\u010di ve\u0107u raznolikost i ve\u0107u \u0161ansu za osvajanje velikog novca izravno iz udobnosti vlastitog doma. U usporedbi [&hellip;]","og_url":"http:\/\/giocarelottoonline.it\/hr\/","og_site_name":"Giocare lotto online","twitter_card":"summary_large_image","twitter_misc":{"Procijenjeno vrijeme \u010ditanja":"3 minute"},"schema":{"@context":"https:\/\/schema.org","@graph":[{"@type":"WebPage","@id":"http:\/\/giocarelottoonline.it\/hr\/","url":"http:\/\/giocarelottoonline.it\/hr\/","name":"Igranje lota online","isPartOf":{"@id":"https:\/\/giocarelottoonline.it\/hr\/#website"},"datePublished":"2025-07-15T15:51:07+00:00","breadcrumb":{"@id":"http:\/\/giocarelottoonline.it\/hr\/#breadcrumb"},"inLanguage":"hr","potentialAction":[{"@type":"ReadAction","target":["http:\/\/giocarelottoonline.it\/hr\/"]}]},{"@type":"BreadcrumbList","@id":"http:\/\/giocarelottoonline.it\/hr\/#breadcrumb","itemListElement":[{"@type":"ListItem","position":1,"name":"Home","item":"https:\/\/giocarelottoonline.it\/hr\/"},{"@type":"ListItem","position":2,"name":"Po\u010detna"}]},{"@type":"WebSite","@id":"https:\/\/giocarelottoonline.it\/hr\/#website","url":"https:\/\/giocarelottoonline.it\/hr\/","name":"Giocare lotto online","description":"Just another WordPress site","potentialAction":[{"@type":"SearchAction","target":{"@type":"EntryPoint","urlTemplate":"https:\/\/giocarelottoonline.it\/hr\/?s={search_term_string}"},"query-input":{"@type":"PropertyValueSpecification","valueRequired":true,"valueName":"search_term_string"}}],"inLanguage":"hr"}]}},"_links":{"self":[{"href":"http:\/\/giocarelottoonline.it\/hr\/wp-json\/wp\/v2\/pages\/115","targetHints":{"allow":["GET"]}}],"collection":[{"href":"http:\/\/giocarelottoonline.it\/hr\/wp-json\/wp\/v2\/pages"}],"about":[{"href":"http:\/\/giocarelottoonline.it\/hr\/wp-json\/wp\/v2\/types\/page"}],"author":[{"embeddable":true,"href":"http:\/\/giocarelottoonline.it\/hr\/wp-json\/wp\/v2\/users\/1"}],"replies":[{"embeddable":true,"href":"http:\/\/giocarelottoonline.it\/hr\/wp-json\/wp\/v2\/comments?post=115"}],"version-history":[{"count":0,"href":"http:\/\/giocarelottoonline.it\/hr\/wp-json\/wp\/v2\/pages\/115\/revisions"}],"wp:attachment":[{"href":"http:\/\/giocarelottoonline.it\/hr\/wp-json\/wp\/v2\/media?parent=115"}],"curies":[{"name":"wp","href":"https:\/\/api.w.org\/{rel}","templated":true}]}}