{"id":17,"date":"2025-07-15T15:51:07","date_gmt":"2025-07-15T15:51:07","guid":{"rendered":"https:\/\/giocarelottoonline.it\/maison\/"},"modified":"2025-07-15T15:51:07","modified_gmt":"2025-07-15T15:51:07","slug":"maison","status":"publish","type":"page","link":"http:\/\/giocarelottoonline.it\/fr\/","title":{"rendered":"Maison"},"content":{"rendered":"<p>Jouer au loto en ligne est simple et s\u00e9curis\u00e9.<\/p>\n<p>Si vous avez toujours r\u00eav\u00e9 de participer \u00e0 l&rsquo;une des plus grandes comp\u00e9titions internationales de loto, vous avez d\u00e9sormais la possibilit\u00e9 de jouer en ligne sur n&rsquo;importe quel lot, qu&rsquo;il s&rsquo;agisse d&rsquo;une comp\u00e9tition locale ou internationale.<\/p>\n<p>Cela signifie plus de vari\u00e9t\u00e9 et plus de chances de gagner gros depuis chez vous. Contrairement \u00e0 l&rsquo;achat d&rsquo;un ticket de loto en magasin, o\u00f9 vous \u00eates limit\u00e9 aux tirages locaux et nationaux, non seulement vous aurez un choix limit\u00e9, mais le risque de perdre votre ticket (et vos chances de remporter le jackpot) sera plus \u00e9lev\u00e9 qu&rsquo;avec un ticket en ligne qui reste sur votre compte ou dans votre bo\u00eete de r\u00e9ception aussi longtemps que vous le souhaitez.<\/p>\n<p>De plus, vous \u00e9vitez les longues files d&rsquo;attente pour obtenir votre ticket. En quelques clics, achetez un ticket et tentez de gagner \u00e0 la loterie en ligne, o\u00f9 que vous soyez. Toutes les loteries \u00e0 jackpot en ligne sont disponibles sur <a href=\"https:\/\/www.jackpotlotteryonline.com\">www.jackpotlotteryonline.com<\/a>.<\/p>\n<p>Notre site vous offre non seulement un large choix, des loteries am\u00e9ricaines aux jackpots europ\u00e9ens en passant par les loteries australiennes, mais c&rsquo;est aussi le moyen le plus simple de tenter votre chance \u00e0 la loterie en ligne. Pour commencer, nous vous proposons les derni\u00e8res analyses de loteries pour vous aider \u00e0 choisir le tirage qui vous convient. La plupart des sites web, en revanche, ne vous disent rien sur la l\u00e9gitimit\u00e9 d&rsquo;une loterie internationale ou d&rsquo;un site de loterie.<\/p>\n<p>Et il n&rsquo;y a aucune limite au nombre de loteries ou de concours sur lesquels vous pouvez parier. Choisissez parmi plus de 25 des plus gros jackpots de loterie au monde, tous disponibles en ligne. Et vous n&rsquo;avez pas besoin d&rsquo;\u00eatre r\u00e9sident du pays o\u00f9 se d\u00e9roule le loto. En commandant un ticket au moins 24 heures avant la date du tirage, vous avez une chance de gagner un jackpot de plusieurs millions de dollars offert par n&rsquo;importe quelle organisation internationale.<\/p>\n<p>Comment tenter sa chance \u00e0 la loterie ou \u00e0 la loterie en ligne\u00a0?<\/p>\n<p>C&rsquo;est simple. Pour jouer au loto en ligne, cliquez simplement sur les liens \u00e0 gauche et \u00e0 droite du loto de votre choix et choisissez vos num\u00e9ros. Si vous avez du mal \u00e0 vous d\u00e9cider, vous pouvez utiliser notre g\u00e9n\u00e9rateur de nombres al\u00e9atoires. Le choix vous appartient enti\u00e8rement. Apr\u00e8s avoir choisi vos num\u00e9ros, inscrivez-vous \u00e0 RedFoxLotto.<\/p>\n<p>RedFoxLotto est un service en ligne s\u00e9curis\u00e9 et fiable qui vous permet d&rsquo;obtenir facilement des tickets en ligne pour chaque loto. Le ticket est achet\u00e9 pour vous apr\u00e8s votre mise et vous est envoy\u00e9 par la loterie une copie num\u00e9ris\u00e9e du ticket, \u00e0 votre nom. Ils peuvent \u00e9galement vous avertir lorsque vous gagnez et vous aider \u00e0 r\u00e9cup\u00e9rer votre argent.<\/p>\n<p>Choisissez l&rsquo;un des modes de paiement propos\u00e9s. Vous avez le choix entre les cartes de cr\u00e9dit, Ukash, le virement bancaire, Western Union, Moneybookers et ClickandBuy, tous des moyens de paiement s\u00fbrs et fiables. Apr\u00e8s avoir effectu\u00e9 votre paiement, vous pouvez vous d\u00e9tendre et attendre l&rsquo;e-mail vous annon\u00e7ant que vous avez gagn\u00e9 au Loto.<\/p>\n<p>N&rsquo;oubliez pas que les chances de gagner, ou le montant de votre gain, d\u00e9pendent de nombreux facteurs, tels que le pourcentage de personnes ayant mis\u00e9 sur le m\u00eame num\u00e9ro, ou le pourcentage des gains totaux que le Loto versera sous forme de gains. C&rsquo;est pourquoi il est important de rechercher le jackpot le plus \u00e9lev\u00e9 avant de choisir un loto ou une loterie en ligne, afin de choisir celui qui offre les meilleures chances de gagner.<\/p>\n","protected":false},"excerpt":{"rendered":"<p>Jouer au loto en ligne est simple et s\u00e9curis\u00e9. Si vous avez toujours r\u00eav\u00e9 de participer \u00e0 l&rsquo;une des plus grandes comp\u00e9titions internationales de loto, vous avez d\u00e9sormais la possibilit\u00e9 de jouer en ligne sur n&rsquo;importe quel lot, qu&rsquo;il s&rsquo;agisse d&rsquo;une comp\u00e9tition locale ou internationale. Cela signifie plus de vari\u00e9t\u00e9 et plus de chances de [&hellip;]<\/p>\n","protected":false},"author":1,"featured_media":0,"parent":0,"menu_order":0,"comment_status":"closed","ping_status":"closed","template":"","meta":{"footnotes":""},"class_list":["post-17","page","type-page","status-publish","hentry"],"yoast_head":"<!-- This site is optimized with the Yoast SEO plugin v27.3 - https:\/\/yoast.com\/product\/yoast-seo-wordpress\/ -->\n<title>Maison - Giocare lotto online<\/title>\n<meta name=\"robots\" content=\"index, follow, max-snippet:-1, max-image-preview:large, max-video-preview:-1\" \/>\n<link rel=\"canonical\" href=\"http:\/\/giocarelottoonline.it\/fr\/\" \/>\n<meta property=\"og:locale\" content=\"fr_FR\" \/>\n<meta property=\"og:type\" content=\"article\" \/>\n<meta property=\"og:title\" content=\"Maison - Giocare lotto online\" \/>\n<meta property=\"og:description\" content=\"Jouer au loto en ligne est simple et s\u00e9curis\u00e9. Si vous avez toujours r\u00eav\u00e9 de participer \u00e0 l&rsquo;une des plus grandes comp\u00e9titions internationales de loto, vous avez d\u00e9sormais la possibilit\u00e9 de jouer en ligne sur n&rsquo;importe quel lot, qu&rsquo;il s&rsquo;agisse d&rsquo;une comp\u00e9tition locale ou internationale. Cela signifie plus de vari\u00e9t\u00e9 et plus de chances de [&hellip;]\" \/>\n<meta property=\"og:url\" content=\"http:\/\/giocarelottoonline.it\/fr\/\" \/>\n<meta property=\"og:site_name\" content=\"Giocare lotto online\" \/>\n<meta name=\"twitter:card\" content=\"summary_large_image\" \/>\n<meta name=\"twitter:label1\" content=\"Dur\u00e9e de lecture estim\u00e9e\" \/>\n\t<meta name=\"twitter:data1\" content=\"3 minutes\" \/>\n<script type=\"application\/ld+json\" class=\"yoast-schema-graph\">{\"@context\":\"https:\\\/\\\/schema.org\",\"@graph\":[{\"@type\":\"WebPage\",\"@id\":\"http:\\\/\\\/giocarelottoonline.it\\\/fr\\\/\",\"url\":\"http:\\\/\\\/giocarelottoonline.it\\\/fr\\\/\",\"name\":\"Maison - Giocare lotto online\",\"isPartOf\":{\"@id\":\"https:\\\/\\\/giocarelottoonline.it\\\/fr\\\/#website\"},\"datePublished\":\"2025-07-15T15:51:07+00:00\",\"breadcrumb\":{\"@id\":\"http:\\\/\\\/giocarelottoonline.it\\\/fr\\\/#breadcrumb\"},\"inLanguage\":\"fr-FR\",\"potentialAction\":[{\"@type\":\"ReadAction\",\"target\":[\"http:\\\/\\\/giocarelottoonline.it\\\/fr\\\/\"]}]},{\"@type\":\"BreadcrumbList\",\"@id\":\"http:\\\/\\\/giocarelottoonline.it\\\/fr\\\/#breadcrumb\",\"itemListElement\":[{\"@type\":\"ListItem\",\"position\":1,\"name\":\"Home\",\"item\":\"http:\\\/\\\/giocarelottoonline.it\\\/fr\\\/\"},{\"@type\":\"ListItem\",\"position\":2,\"name\":\"Maison\"}]},{\"@type\":\"WebSite\",\"@id\":\"https:\\\/\\\/giocarelottoonline.it\\\/fr\\\/#website\",\"url\":\"https:\\\/\\\/giocarelottoonline.it\\\/fr\\\/\",\"name\":\"Giocare lotto online\",\"description\":\"Just another WordPress site\",\"potentialAction\":[{\"@type\":\"SearchAction\",\"target\":{\"@type\":\"EntryPoint\",\"urlTemplate\":\"https:\\\/\\\/giocarelottoonline.it\\\/fr\\\/?s={search_term_string}\"},\"query-input\":{\"@type\":\"PropertyValueSpecification\",\"valueRequired\":true,\"valueName\":\"search_term_string\"}}],\"inLanguage\":\"fr-FR\"}]}<\/script>\n<!-- \/ Yoast SEO plugin. -->","yoast_head_json":{"title":"Maison - Giocare lotto online","robots":{"index":"index","follow":"follow","max-snippet":"max-snippet:-1","max-image-preview":"max-image-preview:large","max-video-preview":"max-video-preview:-1"},"canonical":"http:\/\/giocarelottoonline.it\/fr\/","og_locale":"fr_FR","og_type":"article","og_title":"Maison - Giocare lotto online","og_description":"Jouer au loto en ligne est simple et s\u00e9curis\u00e9. Si vous avez toujours r\u00eav\u00e9 de participer \u00e0 l&rsquo;une des plus grandes comp\u00e9titions internationales de loto, vous avez d\u00e9sormais la possibilit\u00e9 de jouer en ligne sur n&rsquo;importe quel lot, qu&rsquo;il s&rsquo;agisse d&rsquo;une comp\u00e9tition locale ou internationale. Cela signifie plus de vari\u00e9t\u00e9 et plus de chances de [&hellip;]","og_url":"http:\/\/giocarelottoonline.it\/fr\/","og_site_name":"Giocare lotto online","twitter_card":"summary_large_image","twitter_misc":{"Dur\u00e9e de lecture estim\u00e9e":"3 minutes"},"schema":{"@context":"https:\/\/schema.org","@graph":[{"@type":"WebPage","@id":"http:\/\/giocarelottoonline.it\/fr\/","url":"http:\/\/giocarelottoonline.it\/fr\/","name":"Maison - Giocare lotto online","isPartOf":{"@id":"https:\/\/giocarelottoonline.it\/fr\/#website"},"datePublished":"2025-07-15T15:51:07+00:00","breadcrumb":{"@id":"http:\/\/giocarelottoonline.it\/fr\/#breadcrumb"},"inLanguage":"fr-FR","potentialAction":[{"@type":"ReadAction","target":["http:\/\/giocarelottoonline.it\/fr\/"]}]},{"@type":"BreadcrumbList","@id":"http:\/\/giocarelottoonline.it\/fr\/#breadcrumb","itemListElement":[{"@type":"ListItem","position":1,"name":"Home","item":"http:\/\/giocarelottoonline.it\/fr\/"},{"@type":"ListItem","position":2,"name":"Maison"}]},{"@type":"WebSite","@id":"https:\/\/giocarelottoonline.it\/fr\/#website","url":"https:\/\/giocarelottoonline.it\/fr\/","name":"Giocare lotto online","description":"Just another WordPress site","potentialAction":[{"@type":"SearchAction","target":{"@type":"EntryPoint","urlTemplate":"https:\/\/giocarelottoonline.it\/fr\/?s={search_term_string}"},"query-input":{"@type":"PropertyValueSpecification","valueRequired":true,"valueName":"search_term_string"}}],"inLanguage":"fr-FR"}]}},"_links":{"self":[{"href":"http:\/\/giocarelottoonline.it\/fr\/wp-json\/wp\/v2\/pages\/17","targetHints":{"allow":["GET"]}}],"collection":[{"href":"http:\/\/giocarelottoonline.it\/fr\/wp-json\/wp\/v2\/pages"}],"about":[{"href":"http:\/\/giocarelottoonline.it\/fr\/wp-json\/wp\/v2\/types\/page"}],"author":[{"embeddable":true,"href":"http:\/\/giocarelottoonline.it\/fr\/wp-json\/wp\/v2\/users\/1"}],"replies":[{"embeddable":true,"href":"http:\/\/giocarelottoonline.it\/fr\/wp-json\/wp\/v2\/comments?post=17"}],"version-history":[{"count":0,"href":"http:\/\/giocarelottoonline.it\/fr\/wp-json\/wp\/v2\/pages\/17\/revisions"}],"wp:attachment":[{"href":"http:\/\/giocarelottoonline.it\/fr\/wp-json\/wp\/v2\/media?parent=17"}],"curies":[{"name":"wp","href":"https:\/\/api.w.org\/{rel}","templated":true}]}}