{"id":119,"date":"2025-07-15T15:51:07","date_gmt":"2025-07-15T15:51:07","guid":{"rendered":"http:\/\/giocarelottoonline.it\/etusivu\/"},"modified":"2025-07-15T15:51:07","modified_gmt":"2025-07-15T15:51:07","slug":"etusivu","status":"publish","type":"page","link":"http:\/\/giocarelottoonline.it\/fi\/","title":{"rendered":"Etusivu"},"content":{"rendered":"<h2>Lottoa netiss\u00e4 on turvallista ja helppoa<\/h2>\n<p>Jos olet aina halunnut osallistua johonkin suurimmista kansainv\u00e4lisist\u00e4 lottokilpailuista, nyt sinulla on mahdollisuus pelata mit\u00e4 tahansa lottoa netiss\u00e4, olipa kyseess\u00e4 sitten paikallinen tai kansainv\u00e4linen lottokilpailu.<\/p>\n<p>T\u00e4m\u00e4 tarkoittaa enemm\u00e4n vaihtelua ja suurempaa mahdollisuutta voittaa suuria summia suoraan kotoa k\u00e4sin. Verrattuna lottolipun ostamiseen paikallisesta myym\u00e4l\u00e4st\u00e4, jossa voit osallistua vain paikallisiin ja kansallisiin arvontaan, sinulla on paitsi rajoitetummat vaihtoehdot, my\u00f6s lipun menett\u00e4misen riski (ja mahdollisuutesi voittaa arvokas j\u00e4ttipotti) on suurempi kuin nettilipulla, joka pysyy tilill\u00e4si tai s\u00e4hk\u00f6postissasi niin kauan kuin haluat.<\/p>\n<p>Lis\u00e4ksi s\u00e4\u00e4st\u00e4t itselt\u00e4si vaivan joutua odottamaan pitk\u00e4ss\u00e4 jonossa vain saadaksesi lipun. Muutamalla napsautuksella voit ostaa lipun ja saada mahdollisuuden voittaa lotossa verkossa, miss\u00e4 ikin\u00e4 oletkin. Kaikki netin j\u00e4ttipottiarpajaiset ovat saatavilla verkossa osoitteessa <a href=\"https:\/\/www.jackpotlotteryonline.com\">www.jackpotlotteryonline.com<\/a>.<\/p>\n<p>Sivustomme ei ainoastaan \u200b\u200btarjoa laajaa valikoimaa Yhdysvaltain, Euroopan ja Australian lottopelien muodossa, vaan se on my\u00f6s helpoin tapa voittaa lotossa verkossa. Ensinn\u00e4kin tarjoamme uusimmat lottoarvostelut, jotka auttavat sinua p\u00e4\u00e4tt\u00e4m\u00e4\u00e4n, mink\u00e4 arvonnan valitset. Useimmat verkkosivustot eiv\u00e4t sit\u00e4 vastoin anna vastauksia kansainv\u00e4lisen lottopelin tai lottosivuston oikeellisuudesta.<\/p>\n<p>Eik\u00e4 kilpailujen tai lottopelien m\u00e4\u00e4r\u00e4lle ole rajoitusta, joihin voit ly\u00f6d\u00e4 vetoa. Valitse yli 25 maailman suurimmasta j\u00e4ttipotista, jotka kaikki ovat saatavilla verkossa. Sinun ei tarvitse olla lottoa j\u00e4rjest\u00e4v\u00e4n maan asukas. Tilaamalla lipun v\u00e4hint\u00e4\u00e4n 24 tuntia ennen arvontap\u00e4iv\u00e4\u00e4 sinulla on mahdollisuus voittaa <a href=\"https:\/\/lottoonline365.com\/it\" target=\"_blank\" rel=\"noopener\">useiden miljoonien dollarien lottoj\u00e4ttipotti milt\u00e4 tahansa kansainv\u00e4liselt\u00e4 organisaatiolta<\/a>.<\/p>\n<h2>Miten voit saada mahdollisuuden voittaa lotossa tai online-lottopeliss\u00e4?<\/h2>\n<p>Se on yksinkertaista. Pelataksesi lottoa verkossa, napsauta vain valitsemasi lottopelin vasemmalla ja oikealla puolella olevia linkkej\u00e4 ja valitse numerosi. Jos sinulla on vaikeuksia p\u00e4\u00e4tt\u00e4\u00e4, mink\u00e4 numeron valitset, voit k\u00e4ytt\u00e4\u00e4 satunnaislukugeneraattoriamme. Valinta on t\u00e4ysin sinun. Kun olet valinnut numerosi, sinun on rekister\u00f6idytt\u00e4v\u00e4 RedFoxLottoon.<\/p>\n<p>RedFoxLotto on turvallinen ja luotettava verkkopalvelu, jonka avulla voit helposti ostaa lippuja verkosta mihin tahansa lottopeliin. Yritys ostaa lipun puolestasi lotosta, kun olet asettanut panoksesi, ja l\u00e4hett\u00e4\u00e4 sinulle skannatun kopion lipusta, jossa on nimesi. He voivat my\u00f6s ilmoittaa sinulle, kun olet voittanut, ja auttaa sinua nostamaan rahasi.<\/p>\n<p>Valitse sitten yksi tarjotuista maksutavoista. Voit valita luottokorttien, Ukashin, pankkisiirron, Western Unionin, Moneybookersin ja ClickandBuyn v\u00e4lill\u00e4, jotka kaikki ovat turvallisia ja kelvollisia maksutapoja. Maksun suorittamisen j\u00e4lkeen voit rentoutua ja odottaa s\u00e4hk\u00f6postia, jossa ilmoitetaan lottovoitostasi.<\/p>\n<p>Sinun tulisi kuitenkin muistaa, ett\u00e4 voittotodenn\u00e4k\u00f6isyytesi eli palkintosi koko riippuu monista tekij\u00f6ist\u00e4, kuten samalle numerolle panostettujen ihmisten prosenttiosuudesta tai lottovoittojen prosenttiosuudesta kokonaissummasta. Siksi on t\u00e4rke\u00e4\u00e4 etsi\u00e4 suurin j\u00e4ttipotti ennen kuin p\u00e4\u00e4t\u00e4t, mit\u00e4 nettilottoa pelaat, jotta voit valita sen, jolla on parhaat voittotodenn\u00e4k\u00f6isyydet.<\/p>\n","protected":false},"excerpt":{"rendered":"<p>Lottoa netiss\u00e4 on turvallista ja helppoa Jos olet aina halunnut osallistua johonkin suurimmista kansainv\u00e4lisist\u00e4 lottokilpailuista, nyt sinulla on mahdollisuus pelata mit\u00e4 tahansa lottoa netiss\u00e4, olipa kyseess\u00e4 sitten paikallinen tai kansainv\u00e4linen lottokilpailu. T\u00e4m\u00e4 tarkoittaa enemm\u00e4n vaihtelua ja suurempaa mahdollisuutta voittaa suuria summia suoraan kotoa k\u00e4sin. Verrattuna lottolipun ostamiseen paikallisesta myym\u00e4l\u00e4st\u00e4, jossa voit osallistua vain paikallisiin ja [&hellip;]<\/p>\n","protected":false},"author":1,"featured_media":0,"parent":0,"menu_order":0,"comment_status":"closed","ping_status":"closed","template":"","meta":{"footnotes":""},"class_list":["post-119","page","type-page","status-publish","hentry"],"yoast_head":"<!-- This site is optimized with the Yoast SEO plugin v27.5 - https:\/\/yoast.com\/product\/yoast-seo-wordpress\/ -->\n<title>Loton pelaaminen verkossa<\/title>\n<meta name=\"robots\" content=\"index, follow, max-snippet:-1, max-image-preview:large, max-video-preview:-1\" \/>\n<link rel=\"canonical\" href=\"http:\/\/giocarelottoonline.it\/fi\/\" \/>\n<meta property=\"og:locale\" content=\"fi_FI\" \/>\n<meta property=\"og:type\" content=\"article\" \/>\n<meta property=\"og:title\" content=\"Loton pelaaminen verkossa\" \/>\n<meta property=\"og:description\" content=\"Lottoa netiss\u00e4 on turvallista ja helppoa Jos olet aina halunnut osallistua johonkin suurimmista kansainv\u00e4lisist\u00e4 lottokilpailuista, nyt sinulla on mahdollisuus pelata mit\u00e4 tahansa lottoa netiss\u00e4, olipa kyseess\u00e4 sitten paikallinen tai kansainv\u00e4linen lottokilpailu. T\u00e4m\u00e4 tarkoittaa enemm\u00e4n vaihtelua ja suurempaa mahdollisuutta voittaa suuria summia suoraan kotoa k\u00e4sin. Verrattuna lottolipun ostamiseen paikallisesta myym\u00e4l\u00e4st\u00e4, jossa voit osallistua vain paikallisiin ja [&hellip;]\" \/>\n<meta property=\"og:url\" content=\"http:\/\/giocarelottoonline.it\/fi\/\" \/>\n<meta property=\"og:site_name\" content=\"Giocare lotto online\" \/>\n<meta name=\"twitter:card\" content=\"summary_large_image\" \/>\n<meta name=\"twitter:label1\" content=\"Arvioitu lukuaika\" \/>\n\t<meta name=\"twitter:data1\" content=\"2 minuuttia\" \/>\n<script type=\"application\/ld+json\" class=\"yoast-schema-graph\">{\"@context\":\"https:\\\/\\\/schema.org\",\"@graph\":[{\"@type\":\"WebPage\",\"@id\":\"http:\\\/\\\/giocarelottoonline.it\\\/fi\\\/\",\"url\":\"http:\\\/\\\/giocarelottoonline.it\\\/fi\\\/\",\"name\":\"Loton pelaaminen verkossa\",\"isPartOf\":{\"@id\":\"http:\\\/\\\/giocarelottoonline.it\\\/fi\\\/#website\"},\"datePublished\":\"2025-07-15T15:51:07+00:00\",\"breadcrumb\":{\"@id\":\"http:\\\/\\\/giocarelottoonline.it\\\/fi\\\/#breadcrumb\"},\"inLanguage\":\"fi\",\"potentialAction\":[{\"@type\":\"ReadAction\",\"target\":[\"http:\\\/\\\/giocarelottoonline.it\\\/fi\\\/\"]}]},{\"@type\":\"BreadcrumbList\",\"@id\":\"http:\\\/\\\/giocarelottoonline.it\\\/fi\\\/#breadcrumb\",\"itemListElement\":[{\"@type\":\"ListItem\",\"position\":1,\"name\":\"Home\",\"item\":\"https:\\\/\\\/giocarelottoonline.it\\\/fi\\\/\"},{\"@type\":\"ListItem\",\"position\":2,\"name\":\"Etusivu\"}]},{\"@type\":\"WebSite\",\"@id\":\"http:\\\/\\\/giocarelottoonline.it\\\/fi\\\/#website\",\"url\":\"http:\\\/\\\/giocarelottoonline.it\\\/fi\\\/\",\"name\":\"Giocare lotto online\",\"description\":\"Just another WordPress site\",\"potentialAction\":[{\"@type\":\"SearchAction\",\"target\":{\"@type\":\"EntryPoint\",\"urlTemplate\":\"http:\\\/\\\/giocarelottoonline.it\\\/fi\\\/?s={search_term_string}\"},\"query-input\":{\"@type\":\"PropertyValueSpecification\",\"valueRequired\":true,\"valueName\":\"search_term_string\"}}],\"inLanguage\":\"fi\"}]}<\/script>\n<!-- \/ Yoast SEO plugin. -->","yoast_head_json":{"title":"Loton pelaaminen verkossa","robots":{"index":"index","follow":"follow","max-snippet":"max-snippet:-1","max-image-preview":"max-image-preview:large","max-video-preview":"max-video-preview:-1"},"canonical":"http:\/\/giocarelottoonline.it\/fi\/","og_locale":"fi_FI","og_type":"article","og_title":"Loton pelaaminen verkossa","og_description":"Lottoa netiss\u00e4 on turvallista ja helppoa Jos olet aina halunnut osallistua johonkin suurimmista kansainv\u00e4lisist\u00e4 lottokilpailuista, nyt sinulla on mahdollisuus pelata mit\u00e4 tahansa lottoa netiss\u00e4, olipa kyseess\u00e4 sitten paikallinen tai kansainv\u00e4linen lottokilpailu. T\u00e4m\u00e4 tarkoittaa enemm\u00e4n vaihtelua ja suurempaa mahdollisuutta voittaa suuria summia suoraan kotoa k\u00e4sin. Verrattuna lottolipun ostamiseen paikallisesta myym\u00e4l\u00e4st\u00e4, jossa voit osallistua vain paikallisiin ja [&hellip;]","og_url":"http:\/\/giocarelottoonline.it\/fi\/","og_site_name":"Giocare lotto online","twitter_card":"summary_large_image","twitter_misc":{"Arvioitu lukuaika":"2 minuuttia"},"schema":{"@context":"https:\/\/schema.org","@graph":[{"@type":"WebPage","@id":"http:\/\/giocarelottoonline.it\/fi\/","url":"http:\/\/giocarelottoonline.it\/fi\/","name":"Loton pelaaminen verkossa","isPartOf":{"@id":"http:\/\/giocarelottoonline.it\/fi\/#website"},"datePublished":"2025-07-15T15:51:07+00:00","breadcrumb":{"@id":"http:\/\/giocarelottoonline.it\/fi\/#breadcrumb"},"inLanguage":"fi","potentialAction":[{"@type":"ReadAction","target":["http:\/\/giocarelottoonline.it\/fi\/"]}]},{"@type":"BreadcrumbList","@id":"http:\/\/giocarelottoonline.it\/fi\/#breadcrumb","itemListElement":[{"@type":"ListItem","position":1,"name":"Home","item":"https:\/\/giocarelottoonline.it\/fi\/"},{"@type":"ListItem","position":2,"name":"Etusivu"}]},{"@type":"WebSite","@id":"http:\/\/giocarelottoonline.it\/fi\/#website","url":"http:\/\/giocarelottoonline.it\/fi\/","name":"Giocare lotto online","description":"Just another WordPress site","potentialAction":[{"@type":"SearchAction","target":{"@type":"EntryPoint","urlTemplate":"http:\/\/giocarelottoonline.it\/fi\/?s={search_term_string}"},"query-input":{"@type":"PropertyValueSpecification","valueRequired":true,"valueName":"search_term_string"}}],"inLanguage":"fi"}]}},"_links":{"self":[{"href":"http:\/\/giocarelottoonline.it\/fi\/wp-json\/wp\/v2\/pages\/119","targetHints":{"allow":["GET"]}}],"collection":[{"href":"http:\/\/giocarelottoonline.it\/fi\/wp-json\/wp\/v2\/pages"}],"about":[{"href":"http:\/\/giocarelottoonline.it\/fi\/wp-json\/wp\/v2\/types\/page"}],"author":[{"embeddable":true,"href":"http:\/\/giocarelottoonline.it\/fi\/wp-json\/wp\/v2\/users\/1"}],"replies":[{"embeddable":true,"href":"http:\/\/giocarelottoonline.it\/fi\/wp-json\/wp\/v2\/comments?post=119"}],"version-history":[{"count":0,"href":"http:\/\/giocarelottoonline.it\/fi\/wp-json\/wp\/v2\/pages\/119\/revisions"}],"wp:attachment":[{"href":"http:\/\/giocarelottoonline.it\/fi\/wp-json\/wp\/v2\/media?parent=119"}],"curies":[{"name":"wp","href":"https:\/\/api.w.org\/{rel}","templated":true}]}}