{"id":118,"date":"2025-07-15T15:51:07","date_gmt":"2025-07-15T15:51:07","guid":{"rendered":"http:\/\/giocarelottoonline.it\/avaleht\/"},"modified":"2025-07-15T15:51:07","modified_gmt":"2025-07-15T15:51:07","slug":"avaleht","status":"publish","type":"page","link":"http:\/\/giocarelottoonline.it\/et\/","title":{"rendered":"Avaleht"},"content":{"rendered":"<h2>Lotto m\u00e4ngimine veebis on turvaline ja lihtne<\/h2>\n<p>Kui olete alati tahtnud osaleda \u00fchel suuremal rahvusvahelisel lotov\u00f5istlusel, on teil n\u00fc\u00fcd v\u00f5imalus m\u00e4ngida mis tahes lotot veebis, olgu see siis kohalik v\u00f5i rahvusvaheline lotov\u00f5istlus.<\/p>\n<p>See t\u00e4hendab suuremat valikut ja suuremat v\u00f5imalust v\u00f5ita suurt raha otse oma kodust lahkumata. V\u00f5rreldes lotopileti ostmisega kohalikust poest, kus teil on piiratud v\u00f5imalused kohalike ja riiklike loosimistega, on teil mitte ainult piiratud valikud, vaid ka pileti kaotamise oht (ja teie v\u00f5imalused v\u00f5ita see auhinnatud jackpot) on suurem kui veebipileti puhul, mis j\u00e4\u00e4b teie kontole v\u00f5i e-posti aadressile nii kauaks kui soovite.<\/p>\n<p>Lisaks s\u00e4\u00e4state end vaevast, et peate pileti saamiseks pikas j\u00e4rjekorras ootama. Vaid m\u00f5ne kl\u00f5psuga saate osta pileti ja saada v\u00f5imaluse loteriil veebis v\u00f5ita, kus iganes te ka poleks. K\u00f5ik veebip\u00f5hised jackpot-loteriid on saadaval veebis aadressil <a href=\"https:\/\/www.jackpotlotteryonline.com\">www.jackpotlotteryonline.com<\/a>.<\/p>\n<p>Meie sait pakub laia valikut USA-st Euroopa ja Austraalia loteriideni ning on ka lihtsaim viis loteriil veebis v\u00f5ita. Esiteks pakume uusimaid loterii\u00fclevaateid, mis aitavad teil otsustada, millise loosimise valida. Enamik veebisaite seevastu ei anna teile vastuseid rahvusvahelise loterii v\u00f5i loteriisaidi usaldusv\u00e4\u00e4rsuse kohta.<\/p>\n<p>Ja panuste tegemiseks pole piiranguid v\u00f5istluste v\u00f5i loteriide arvule. Valige enam kui 25 maailma suurima jackpoti hulgast, mis k\u00f5ik on veebis saadaval. Ja te ei pea olema loteriid korraldava riigi elanik. Tellides pileti v\u00e4hemalt 24 tundi enne loosimise kuup\u00e4eva, on teil v\u00f5imalus v\u00f5ita <a href=\"https:\/\/lottoonline365.com\/it\" target=\"_blank\" rel=\"noopener\">mitme miljoni dollari suurune loteriijackpot mis tahes rahvusvaheliselt organisatsioonilt<\/a>.<\/p>\n<h2>Kuidas saate v\u00f5imaluse loteriil v\u00f5i veebiloteriil v\u00f5ita?<\/h2>\n<p>See on lihtne. Lotto veebis m\u00e4ngimiseks kl\u00f5psake lihtsalt valitud loto vasakul ja paremal asuvatel linkidel ning valige numbrid. Kui teil on numbri valimisega raskusi, v\u00f5ite kasutada meie juhuslike numbrite generaatorit. Valik on t\u00e4ielikult teie. P\u00e4rast numbrite valimist peate registreeruma RedFoxLottosse.<\/p>\n<p>RedFoxLotto on turvaline ja usaldusv\u00e4\u00e4rne veebiteenus, mis v\u00f5imaldab teil h\u00f5lpsalt osta pileteid veebis mis tahes lotom\u00e4ngule. Ettev\u00f5te ostab teie eest lotopileti p\u00e4rast panuse tegemist ja saadab teile skannitud koopia piletist, millel on teie nimi. Samuti saavad nad teid v\u00f5idu korral teavitada ja aidata teil raha k\u00e4tte saada.<\/p>\n<p>Seej\u00e4rel valige \u00fcks pakutavatest makseviisidest. Saate valida krediitkaartide, Ukashi, panga\u00fclekande, Western Unioni, Moneybookersi ja ClickandBuy vahel \u2013 k\u00f5ik need on turvalised ja kehtivad makseviisid. P\u00e4rast makse sooritamist v\u00f5ite l\u00f5\u00f5gastuda ja oodata e-kirja, mis teatab teie lotov\u00f5idust.<\/p>\n<p>Siiski peaksite meeles pidama, et v\u00f5iduv\u00f5imalused ehk teie auhinna suurus s\u00f5ltuvad paljudest teguritest, n\u00e4iteks sellest, kui palju inimesi panustas samale numbrile v\u00f5i kui suur osa kogusummast loterii v\u00f5itudena v\u00e4lja maksab. Seet\u00f5ttu on enne veebiloterii v\u00f5i loterii valimist oluline otsida suurimat jackpotti, et saaksite valida endale parima v\u00f5iduv\u00f5imalusega m\u00e4ngu.<\/p>\n","protected":false},"excerpt":{"rendered":"<p>Lotto m\u00e4ngimine veebis on turvaline ja lihtne Kui olete alati tahtnud osaleda \u00fchel suuremal rahvusvahelisel lotov\u00f5istlusel, on teil n\u00fc\u00fcd v\u00f5imalus m\u00e4ngida mis tahes lotot veebis, olgu see siis kohalik v\u00f5i rahvusvaheline lotov\u00f5istlus. See t\u00e4hendab suuremat valikut ja suuremat v\u00f5imalust v\u00f5ita suurt raha otse oma kodust lahkumata. V\u00f5rreldes lotopileti ostmisega kohalikust poest, kus teil on piiratud [&hellip;]<\/p>\n","protected":false},"author":1,"featured_media":0,"parent":0,"menu_order":0,"comment_status":"closed","ping_status":"closed","template":"","meta":{"footnotes":""},"class_list":["post-118","page","type-page","status-publish","hentry"],"yoast_head":"<!-- This site is optimized with the Yoast SEO plugin v27.5 - https:\/\/yoast.com\/product\/yoast-seo-wordpress\/ -->\n<title>Lotto m\u00e4ngimine veebis<\/title>\n<meta name=\"robots\" content=\"index, follow, max-snippet:-1, max-image-preview:large, max-video-preview:-1\" \/>\n<link rel=\"canonical\" href=\"http:\/\/giocarelottoonline.it\/et\/\" \/>\n<meta property=\"og:locale\" content=\"et_EE\" \/>\n<meta property=\"og:type\" content=\"article\" \/>\n<meta property=\"og:title\" content=\"Lotto m\u00e4ngimine veebis\" \/>\n<meta property=\"og:description\" content=\"Lotto m\u00e4ngimine veebis on turvaline ja lihtne Kui olete alati tahtnud osaleda \u00fchel suuremal rahvusvahelisel lotov\u00f5istlusel, on teil n\u00fc\u00fcd v\u00f5imalus m\u00e4ngida mis tahes lotot veebis, olgu see siis kohalik v\u00f5i rahvusvaheline lotov\u00f5istlus. See t\u00e4hendab suuremat valikut ja suuremat v\u00f5imalust v\u00f5ita suurt raha otse oma kodust lahkumata. V\u00f5rreldes lotopileti ostmisega kohalikust poest, kus teil on piiratud [&hellip;]\" \/>\n<meta property=\"og:url\" content=\"http:\/\/giocarelottoonline.it\/et\/\" \/>\n<meta property=\"og:site_name\" content=\"Giocare lotto online\" \/>\n<meta name=\"twitter:card\" content=\"summary_large_image\" \/>\n<meta name=\"twitter:label1\" content=\"Est. reading time\" \/>\n\t<meta name=\"twitter:data1\" content=\"2 minutit\" \/>\n<script type=\"application\/ld+json\" class=\"yoast-schema-graph\">{\"@context\":\"https:\\\/\\\/schema.org\",\"@graph\":[{\"@type\":\"WebPage\",\"@id\":\"http:\\\/\\\/giocarelottoonline.it\\\/et\\\/\",\"url\":\"http:\\\/\\\/giocarelottoonline.it\\\/et\\\/\",\"name\":\"Lotto m\u00e4ngimine veebis\",\"isPartOf\":{\"@id\":\"http:\\\/\\\/giocarelottoonline.it\\\/et\\\/#website\"},\"datePublished\":\"2025-07-15T15:51:07+00:00\",\"breadcrumb\":{\"@id\":\"http:\\\/\\\/giocarelottoonline.it\\\/et\\\/#breadcrumb\"},\"inLanguage\":\"et\",\"potentialAction\":[{\"@type\":\"ReadAction\",\"target\":[\"http:\\\/\\\/giocarelottoonline.it\\\/et\\\/\"]}]},{\"@type\":\"BreadcrumbList\",\"@id\":\"http:\\\/\\\/giocarelottoonline.it\\\/et\\\/#breadcrumb\",\"itemListElement\":[{\"@type\":\"ListItem\",\"position\":1,\"name\":\"Home\",\"item\":\"https:\\\/\\\/giocarelottoonline.it\\\/et\\\/\"},{\"@type\":\"ListItem\",\"position\":2,\"name\":\"Avaleht\"}]},{\"@type\":\"WebSite\",\"@id\":\"http:\\\/\\\/giocarelottoonline.it\\\/et\\\/#website\",\"url\":\"http:\\\/\\\/giocarelottoonline.it\\\/et\\\/\",\"name\":\"Giocare lotto online\",\"description\":\"Just another WordPress site\",\"potentialAction\":[{\"@type\":\"SearchAction\",\"target\":{\"@type\":\"EntryPoint\",\"urlTemplate\":\"http:\\\/\\\/giocarelottoonline.it\\\/et\\\/?s={search_term_string}\"},\"query-input\":{\"@type\":\"PropertyValueSpecification\",\"valueRequired\":true,\"valueName\":\"search_term_string\"}}],\"inLanguage\":\"et\"}]}<\/script>\n<!-- \/ Yoast SEO plugin. -->","yoast_head_json":{"title":"Lotto m\u00e4ngimine veebis","robots":{"index":"index","follow":"follow","max-snippet":"max-snippet:-1","max-image-preview":"max-image-preview:large","max-video-preview":"max-video-preview:-1"},"canonical":"http:\/\/giocarelottoonline.it\/et\/","og_locale":"et_EE","og_type":"article","og_title":"Lotto m\u00e4ngimine veebis","og_description":"Lotto m\u00e4ngimine veebis on turvaline ja lihtne Kui olete alati tahtnud osaleda \u00fchel suuremal rahvusvahelisel lotov\u00f5istlusel, on teil n\u00fc\u00fcd v\u00f5imalus m\u00e4ngida mis tahes lotot veebis, olgu see siis kohalik v\u00f5i rahvusvaheline lotov\u00f5istlus. See t\u00e4hendab suuremat valikut ja suuremat v\u00f5imalust v\u00f5ita suurt raha otse oma kodust lahkumata. V\u00f5rreldes lotopileti ostmisega kohalikust poest, kus teil on piiratud [&hellip;]","og_url":"http:\/\/giocarelottoonline.it\/et\/","og_site_name":"Giocare lotto online","twitter_card":"summary_large_image","twitter_misc":{"Est. reading time":"2 minutit"},"schema":{"@context":"https:\/\/schema.org","@graph":[{"@type":"WebPage","@id":"http:\/\/giocarelottoonline.it\/et\/","url":"http:\/\/giocarelottoonline.it\/et\/","name":"Lotto m\u00e4ngimine veebis","isPartOf":{"@id":"http:\/\/giocarelottoonline.it\/et\/#website"},"datePublished":"2025-07-15T15:51:07+00:00","breadcrumb":{"@id":"http:\/\/giocarelottoonline.it\/et\/#breadcrumb"},"inLanguage":"et","potentialAction":[{"@type":"ReadAction","target":["http:\/\/giocarelottoonline.it\/et\/"]}]},{"@type":"BreadcrumbList","@id":"http:\/\/giocarelottoonline.it\/et\/#breadcrumb","itemListElement":[{"@type":"ListItem","position":1,"name":"Home","item":"https:\/\/giocarelottoonline.it\/et\/"},{"@type":"ListItem","position":2,"name":"Avaleht"}]},{"@type":"WebSite","@id":"http:\/\/giocarelottoonline.it\/et\/#website","url":"http:\/\/giocarelottoonline.it\/et\/","name":"Giocare lotto online","description":"Just another WordPress site","potentialAction":[{"@type":"SearchAction","target":{"@type":"EntryPoint","urlTemplate":"http:\/\/giocarelottoonline.it\/et\/?s={search_term_string}"},"query-input":{"@type":"PropertyValueSpecification","valueRequired":true,"valueName":"search_term_string"}}],"inLanguage":"et"}]}},"_links":{"self":[{"href":"http:\/\/giocarelottoonline.it\/et\/wp-json\/wp\/v2\/pages\/118","targetHints":{"allow":["GET"]}}],"collection":[{"href":"http:\/\/giocarelottoonline.it\/et\/wp-json\/wp\/v2\/pages"}],"about":[{"href":"http:\/\/giocarelottoonline.it\/et\/wp-json\/wp\/v2\/types\/page"}],"author":[{"embeddable":true,"href":"http:\/\/giocarelottoonline.it\/et\/wp-json\/wp\/v2\/users\/1"}],"replies":[{"embeddable":true,"href":"http:\/\/giocarelottoonline.it\/et\/wp-json\/wp\/v2\/comments?post=118"}],"version-history":[{"count":0,"href":"http:\/\/giocarelottoonline.it\/et\/wp-json\/wp\/v2\/pages\/118\/revisions"}],"wp:attachment":[{"href":"http:\/\/giocarelottoonline.it\/et\/wp-json\/wp\/v2\/media?parent=118"}],"curies":[{"name":"wp","href":"https:\/\/api.w.org\/{rel}","templated":true}]}}