{"id":20,"date":"2025-07-15T15:51:07","date_gmt":"2025-07-15T15:51:07","guid":{"rendered":"https:\/\/giocarelottoonline.it\/hogar\/"},"modified":"2025-07-15T15:51:07","modified_gmt":"2025-07-15T15:51:07","slug":"hogar","status":"publish","type":"page","link":"http:\/\/giocarelottoonline.it\/es\/","title":{"rendered":"Hogar"},"content":{"rendered":"<p>Jugar a la loter\u00eda online es seguro y f\u00e1cil<\/p>\n<p>Si siempre has querido participar en uno de los grandes concursos internacionales de loter\u00eda, ahora tienes la oportunidad de jugar online en cualquier sorteo, ya sea local o internacional.<\/p>\n<p>Esto significa m\u00e1s variedad y m\u00e1s posibilidades de ganar mucho dinero desde la comodidad de tu casa. En comparaci\u00f3n con comprar un billete de loter\u00eda en tu tienda local, donde est\u00e1s limitado a sorteos locales y nacionales, no solo tendr\u00e1s menos opciones, sino que el riesgo de perder tu billete (y tus posibilidades de ganar el premio gordo) es mayor que con un billete online que permanece en tu cuenta o correo electr\u00f3nico todo el tiempo que quieras.<\/p>\n<p>Adem\u00e1s, te ahorras la molestia de tener que hacer largas colas para conseguir el billete. Con solo unos clics, puedes comprar un billete y tener la oportunidad de ganar la loter\u00eda online, est\u00e9s donde est\u00e9s. Todas las loter\u00edas con jackpot en l\u00ednea est\u00e1n disponibles en <a href=\"https:\/\/www.jackpotlotteryonline.com\">www.jackpotlotteryonline.com<\/a>.<\/p>\n<p>Nuestro sitio no solo le ofrece una amplia gama de opciones, desde loter\u00edas estadounidenses hasta loter\u00edas europeas y australianas, sino que tambi\u00e9n es la forma m\u00e1s f\u00e1cil de ganar la loter\u00eda en l\u00ednea. Para empezar, ofrecemos las \u00faltimas rese\u00f1as de loter\u00edas para ayudarle a decidir qu\u00e9 sorteo elegir. Sin embargo, la mayor\u00eda de los sitios web no ofrecen respuestas sobre la legitimidad de una loter\u00eda o sitio de loter\u00eda internacional.<\/p>\n<p>Y no hay l\u00edmite en la cantidad de concursos o loter\u00edas en las que puede apostar. Elija entre m\u00e1s de 25 de los jackpots de loter\u00eda m\u00e1s grandes del mundo, todos disponibles en l\u00ednea. Y no necesita residir en el pa\u00eds donde se realiza la loter\u00eda. Si pides un boleto al menos 24 horas antes de la fecha del sorteo, tendr\u00e1s la oportunidad de ganar un <a href=\"https:\/\/lottoonline365.com\/en\" target=\"_blank\" rel=\"noopener\">premio multimillonario de loter\u00eda de cualquier organizaci\u00f3n internacional<\/a>.<\/p>\n<p>\u00bfC\u00f3mo puedes tener la oportunidad de ganar una loter\u00eda o una loter\u00eda online?<\/p>\n<p>Sencillo. Para jugar a la loter\u00eda online, solo tienes que hacer clic en los enlaces a la izquierda y a la derecha del n\u00famero que hayas elegido y elegir tus n\u00fameros. Si tienes dificultades para decidir qu\u00e9 n\u00famero elegir, puedes usar nuestro generador de n\u00fameros aleatorios. La decisi\u00f3n es totalmente tuya. Despu\u00e9s de elegir los n\u00fameros, debes registrarte en RedFoxLotto.<\/p>\n<p>RedFoxLotto es un servicio online seguro y leg\u00edtimo que te permite comprar f\u00e1cilmente boletos online para cada loter\u00eda. Compran el boleto de la loter\u00eda por ti despu\u00e9s de realizar tu apuesta y te env\u00edan una copia escaneada con tu nombre. Tambi\u00e9n pueden avisarte cuando hayas ganado y te ayudar\u00e1n a recuperar tu dinero.<\/p>\n<p>As\u00ed que, elige uno de los m\u00e9todos de pago disponibles. Puedes elegir entre tarjetas de cr\u00e9dito, Ukash, transferencia bancaria, Western Union, Moneybookers y ClickandBuy, todos m\u00e9todos de pago seguros y v\u00e1lidos. Despu\u00e9s de enviar el pago, puedes relajarte y esperar el correo electr\u00f3nico que anuncia que has ganado la loter\u00eda.<\/p>\n<p>Pero recuerda que las probabilidades de ganar, o el monto de tu premio, depender\u00e1n de muchos factores, como el porcentaje de personas que hayan apostado al mismo n\u00famero o el porcentaje de los ingresos totales que la loter\u00eda pagar\u00e1 en forma de ganancias. Por eso es importante buscar el premio mayor m\u00e1s alto antes de decidir a qu\u00e9 loter\u00eda o loter\u00eda online jugar, para elegir la que ofrezca las mayores probabilidades de ganar.<\/p>\n","protected":false},"excerpt":{"rendered":"<p>Jugar a la loter\u00eda online es seguro y f\u00e1cil Si siempre has querido participar en uno de los grandes concursos internacionales de loter\u00eda, ahora tienes la oportunidad de jugar online en cualquier sorteo, ya sea local o internacional. Esto significa m\u00e1s variedad y m\u00e1s posibilidades de ganar mucho dinero desde la comodidad de tu casa. [&hellip;]<\/p>\n","protected":false},"author":1,"featured_media":0,"parent":0,"menu_order":0,"comment_status":"closed","ping_status":"closed","template":"","meta":{"footnotes":""},"class_list":["post-20","page","type-page","status-publish","hentry"],"yoast_head":"<!-- This site is optimized with the Yoast SEO plugin v27.3 - https:\/\/yoast.com\/product\/yoast-seo-wordpress\/ -->\n<title>Hogar - Giocare lotto online<\/title>\n<meta name=\"robots\" content=\"index, follow, max-snippet:-1, max-image-preview:large, max-video-preview:-1\" \/>\n<link rel=\"canonical\" href=\"http:\/\/giocarelottoonline.it\/es\/\" \/>\n<meta property=\"og:locale\" content=\"es_ES\" \/>\n<meta property=\"og:type\" content=\"article\" \/>\n<meta property=\"og:title\" content=\"Hogar - Giocare lotto online\" \/>\n<meta property=\"og:description\" content=\"Jugar a la loter\u00eda online es seguro y f\u00e1cil Si siempre has querido participar en uno de los grandes concursos internacionales de loter\u00eda, ahora tienes la oportunidad de jugar online en cualquier sorteo, ya sea local o internacional. Esto significa m\u00e1s variedad y m\u00e1s posibilidades de ganar mucho dinero desde la comodidad de tu casa. [&hellip;]\" \/>\n<meta property=\"og:url\" content=\"http:\/\/giocarelottoonline.it\/es\/\" \/>\n<meta property=\"og:site_name\" content=\"Giocare lotto online\" \/>\n<meta name=\"twitter:card\" content=\"summary_large_image\" \/>\n<meta name=\"twitter:label1\" content=\"Tiempo de lectura\" \/>\n\t<meta name=\"twitter:data1\" content=\"3 minutos\" \/>\n<script type=\"application\/ld+json\" class=\"yoast-schema-graph\">{\"@context\":\"https:\\\/\\\/schema.org\",\"@graph\":[{\"@type\":\"WebPage\",\"@id\":\"http:\\\/\\\/giocarelottoonline.it\\\/es\\\/\",\"url\":\"http:\\\/\\\/giocarelottoonline.it\\\/es\\\/\",\"name\":\"Hogar - Giocare lotto online\",\"isPartOf\":{\"@id\":\"https:\\\/\\\/giocarelottoonline.it\\\/es\\\/#website\"},\"datePublished\":\"2025-07-15T15:51:07+00:00\",\"breadcrumb\":{\"@id\":\"http:\\\/\\\/giocarelottoonline.it\\\/es\\\/#breadcrumb\"},\"inLanguage\":\"es\",\"potentialAction\":[{\"@type\":\"ReadAction\",\"target\":[\"http:\\\/\\\/giocarelottoonline.it\\\/es\\\/\"]}]},{\"@type\":\"BreadcrumbList\",\"@id\":\"http:\\\/\\\/giocarelottoonline.it\\\/es\\\/#breadcrumb\",\"itemListElement\":[{\"@type\":\"ListItem\",\"position\":1,\"name\":\"Home\",\"item\":\"http:\\\/\\\/giocarelottoonline.it\\\/es\\\/\"},{\"@type\":\"ListItem\",\"position\":2,\"name\":\"Hogar\"}]},{\"@type\":\"WebSite\",\"@id\":\"https:\\\/\\\/giocarelottoonline.it\\\/es\\\/#website\",\"url\":\"https:\\\/\\\/giocarelottoonline.it\\\/es\\\/\",\"name\":\"Giocare lotto online\",\"description\":\"Just another WordPress site\",\"potentialAction\":[{\"@type\":\"SearchAction\",\"target\":{\"@type\":\"EntryPoint\",\"urlTemplate\":\"https:\\\/\\\/giocarelottoonline.it\\\/es\\\/?s={search_term_string}\"},\"query-input\":{\"@type\":\"PropertyValueSpecification\",\"valueRequired\":true,\"valueName\":\"search_term_string\"}}],\"inLanguage\":\"es\"}]}<\/script>\n<!-- \/ Yoast SEO plugin. -->","yoast_head_json":{"title":"Hogar - Giocare lotto online","robots":{"index":"index","follow":"follow","max-snippet":"max-snippet:-1","max-image-preview":"max-image-preview:large","max-video-preview":"max-video-preview:-1"},"canonical":"http:\/\/giocarelottoonline.it\/es\/","og_locale":"es_ES","og_type":"article","og_title":"Hogar - Giocare lotto online","og_description":"Jugar a la loter\u00eda online es seguro y f\u00e1cil Si siempre has querido participar en uno de los grandes concursos internacionales de loter\u00eda, ahora tienes la oportunidad de jugar online en cualquier sorteo, ya sea local o internacional. Esto significa m\u00e1s variedad y m\u00e1s posibilidades de ganar mucho dinero desde la comodidad de tu casa. [&hellip;]","og_url":"http:\/\/giocarelottoonline.it\/es\/","og_site_name":"Giocare lotto online","twitter_card":"summary_large_image","twitter_misc":{"Tiempo de lectura":"3 minutos"},"schema":{"@context":"https:\/\/schema.org","@graph":[{"@type":"WebPage","@id":"http:\/\/giocarelottoonline.it\/es\/","url":"http:\/\/giocarelottoonline.it\/es\/","name":"Hogar - Giocare lotto online","isPartOf":{"@id":"https:\/\/giocarelottoonline.it\/es\/#website"},"datePublished":"2025-07-15T15:51:07+00:00","breadcrumb":{"@id":"http:\/\/giocarelottoonline.it\/es\/#breadcrumb"},"inLanguage":"es","potentialAction":[{"@type":"ReadAction","target":["http:\/\/giocarelottoonline.it\/es\/"]}]},{"@type":"BreadcrumbList","@id":"http:\/\/giocarelottoonline.it\/es\/#breadcrumb","itemListElement":[{"@type":"ListItem","position":1,"name":"Home","item":"http:\/\/giocarelottoonline.it\/es\/"},{"@type":"ListItem","position":2,"name":"Hogar"}]},{"@type":"WebSite","@id":"https:\/\/giocarelottoonline.it\/es\/#website","url":"https:\/\/giocarelottoonline.it\/es\/","name":"Giocare lotto online","description":"Just another WordPress site","potentialAction":[{"@type":"SearchAction","target":{"@type":"EntryPoint","urlTemplate":"https:\/\/giocarelottoonline.it\/es\/?s={search_term_string}"},"query-input":{"@type":"PropertyValueSpecification","valueRequired":true,"valueName":"search_term_string"}}],"inLanguage":"es"}]}},"_links":{"self":[{"href":"http:\/\/giocarelottoonline.it\/es\/wp-json\/wp\/v2\/pages\/20","targetHints":{"allow":["GET"]}}],"collection":[{"href":"http:\/\/giocarelottoonline.it\/es\/wp-json\/wp\/v2\/pages"}],"about":[{"href":"http:\/\/giocarelottoonline.it\/es\/wp-json\/wp\/v2\/types\/page"}],"author":[{"embeddable":true,"href":"http:\/\/giocarelottoonline.it\/es\/wp-json\/wp\/v2\/users\/1"}],"replies":[{"embeddable":true,"href":"http:\/\/giocarelottoonline.it\/es\/wp-json\/wp\/v2\/comments?post=20"}],"version-history":[{"count":0,"href":"http:\/\/giocarelottoonline.it\/es\/wp-json\/wp\/v2\/pages\/20\/revisions"}],"wp:attachment":[{"href":"http:\/\/giocarelottoonline.it\/es\/wp-json\/wp\/v2\/media?parent=20"}],"curies":[{"name":"wp","href":"https:\/\/api.w.org\/{rel}","templated":true}]}}