{"id":18,"date":"2025-07-15T15:51:07","date_gmt":"2025-07-15T15:51:07","guid":{"rendered":"https:\/\/giocarelottoonline.it\/heim\/"},"modified":"2025-07-15T15:51:07","modified_gmt":"2025-07-15T15:51:07","slug":"heim","status":"publish","type":"page","link":"http:\/\/giocarelottoonline.it\/de\/","title":{"rendered":"Heim"},"content":{"rendered":"<h1>Online Lotto spielen ist sicher und einfach<\/h1>\n<p>Wenn Sie schon immer einmal an einem der gro\u00dfen internationalen Lotto-Gewinnspiele teilnehmen wollten, haben Sie jetzt die M\u00f6glichkeit, online an jedem beliebigen Lotto teilzunehmen, egal ob lokal oder international.<\/p>\n<p>Das bedeutet mehr Abwechslung und h\u00f6here Gewinnchancen \u2013 bequem von zu Hause aus. Im Vergleich zum Kauf eines Lottoscheins in Ihrer Filiale, wo Sie auf lokale und nationale Ziehungen beschr\u00e4nkt sind, haben Sie nicht nur eine eingeschr\u00e4nkte Auswahl, sondern auch ein h\u00f6heres Risiko, Ihren Schein (und damit Ihre Chancen auf den Jackpot) zu verlieren, als bei einem Online-Schein, der so lange in Ihrem Konto oder Ihrer E-Mail-Adresse bleibt, wie Sie m\u00f6chten.<\/p>\n<p>Au\u00dferdem sparen Sie sich langes Anstehen f\u00fcr Ihren Schein. Mit nur wenigen Klicks k\u00f6nnen Sie Ihren Schein kaufen und so online gewinnen, egal wo Sie sind. Alle Online-Jackpot-Lotterien sind online unter <a href=\"https:\/\/www.jackpotlotteryonline.com\">www.jackpotlotteryonline.com<\/a> verf\u00fcgbar.<\/p>\n<p>Unsere Website bietet Ihnen nicht nur eine gro\u00dfe Auswahl \u2013 von US-Lotterien \u00fcber europ\u00e4ische Jackpots bis hin zu australischen Lotterien \u2013, sondern auch den einfachsten Weg, online zu gewinnen. Wir bieten Ihnen die neuesten Lotteriebewertungen, die Ihnen die Entscheidung f\u00fcr die richtige Ziehung erleichtern. Die meisten Websites hingegen geben keine Auskunft \u00fcber die Seriosit\u00e4t einer internationalen Lotterie oder Lotterie-Website.<\/p>\n<p>Und es gibt keine Begrenzung f\u00fcr die Anzahl der Lotteriegewinne oder Lotterien, auf die Sie wetten k\u00f6nnen. W\u00e4hlen Sie aus \u00fcber 25 der gr\u00f6\u00dften Lotterie-Jackpots der Welt \u2013 alle online verf\u00fcgbar. Und Sie m\u00fcssen nicht in dem Land wohnen, in dem die Lotterie stattfindet. Bestellen Sie mindestens 24 Stunden vor der Ziehung ein Los, haben Sie die Chance, einen <a href=\"https:\/\/lottoonline365.com\/en\" target=\"_blank\" rel=\"noopener\">Millionen-Lotto-Jackpot einer internationalen Organisation<\/a> zu gewinnen.<\/p>\n<p>Wie gewinnen Sie also eine Lotterie oder Online-Lotterie?<\/p>\n<p>Ganz einfach: Um online Lotto zu spielen, klicken Sie einfach auf die Links links und rechts f\u00fcr Ihr gew\u00e4hltes Lotto und w\u00e4hlen Sie Ihre Zahlen. Sollten Sie sich nicht entscheiden k\u00f6nnen, nutzen Sie einfach unseren Zufallsgenerator. Die Wahl liegt ganz bei Ihnen. Nach der Wahl Ihrer Zahlen registrieren Sie sich bei RedFoxLotto.<\/p>\n<p>RedFoxLotto ist ein sicherer und seri\u00f6ser Online-Service, mit dem Sie ganz einfach online Lose f\u00fcr jedes Lotto kaufen k\u00f6nnen. RedFoxLotto kauft Ihr Los nach Ihrer Wettabgabe bei der Lotterie und sendet Ihnen eine gescannte Kopie Ihres Loses mit Ihrem Namen zu. Sie k\u00f6nnen Sie auch benachrichtigen, wenn Sie gewonnen haben, und Ihnen helfen, Ihr Geld auszuzahlen.<\/p>\n<p>W\u00e4hlen Sie also eine der angebotenen Zahlungsmethoden. Zur Auswahl stehen Kreditkarte, Ukash, Bank\u00fcberweisung, Western Union, Moneybookers und ClickandBuy \u2013 allesamt sichere und g\u00fcltige Zahlungsmethoden. Nach der Zahlung k\u00f6nnen Sie sich entspannt zur\u00fccklehnen und auf die E-Mail mit der Benachrichtigung \u00fcber Ihren Lottogewinn warten.<\/p>\n<p>Bedenken Sie jedoch, dass die Gewinnchancen bzw. die H\u00f6he Ihres Gewinns von vielen Faktoren abh\u00e4ngen, wie zum Beispiel dem Prozentsatz der Tipper auf dieselbe Zahl oder dem Prozentsatz des Gesamtumsatzes, den das Lotto als Gewinn auszahlt. Deshalb ist es wichtig, vor der Entscheidung f\u00fcr eine Lotterie oder Online-Lotterie nach dem h\u00f6chsten Jackpot zu suchen, um diejenige mit den h\u00f6chsten Gewinnchancen zu w\u00e4hlen.<\/p>\n","protected":false},"excerpt":{"rendered":"<p>Online Lotto spielen ist sicher und einfach Wenn Sie schon immer einmal an einem der gro\u00dfen internationalen Lotto-Gewinnspiele teilnehmen wollten, haben Sie jetzt die M\u00f6glichkeit, online an jedem beliebigen Lotto teilzunehmen, egal ob lokal oder international. Das bedeutet mehr Abwechslung und h\u00f6here Gewinnchancen \u2013 bequem von zu Hause aus. Im Vergleich zum Kauf eines Lottoscheins [&hellip;]<\/p>\n","protected":false},"author":1,"featured_media":0,"parent":0,"menu_order":0,"comment_status":"closed","ping_status":"closed","template":"","meta":{"footnotes":""},"class_list":["post-18","page","type-page","status-publish","hentry"],"yoast_head":"<!-- This site is optimized with the Yoast SEO plugin v27.5 - https:\/\/yoast.com\/product\/yoast-seo-wordpress\/ -->\n<title>Heim - Giocare lotto online<\/title>\n<meta name=\"robots\" content=\"index, follow, max-snippet:-1, max-image-preview:large, max-video-preview:-1\" \/>\n<link rel=\"canonical\" href=\"http:\/\/giocarelottoonline.it\/de\/\" \/>\n<meta property=\"og:locale\" content=\"de_DE\" \/>\n<meta property=\"og:type\" content=\"article\" \/>\n<meta property=\"og:title\" content=\"Heim - Giocare lotto online\" \/>\n<meta property=\"og:description\" content=\"Online Lotto spielen ist sicher und einfach Wenn Sie schon immer einmal an einem der gro\u00dfen internationalen Lotto-Gewinnspiele teilnehmen wollten, haben Sie jetzt die M\u00f6glichkeit, online an jedem beliebigen Lotto teilzunehmen, egal ob lokal oder international. Das bedeutet mehr Abwechslung und h\u00f6here Gewinnchancen \u2013 bequem von zu Hause aus. Im Vergleich zum Kauf eines Lottoscheins [&hellip;]\" \/>\n<meta property=\"og:url\" content=\"http:\/\/giocarelottoonline.it\/de\/\" \/>\n<meta property=\"og:site_name\" content=\"Giocare lotto online\" \/>\n<meta name=\"twitter:card\" content=\"summary_large_image\" \/>\n<meta name=\"twitter:label1\" content=\"Gesch\u00e4tzte Lesezeit\" \/>\n\t<meta name=\"twitter:data1\" content=\"3\u00a0Minuten\" \/>\n<script type=\"application\/ld+json\" class=\"yoast-schema-graph\">{\"@context\":\"https:\\\/\\\/schema.org\",\"@graph\":[{\"@type\":\"WebPage\",\"@id\":\"http:\\\/\\\/giocarelottoonline.it\\\/de\\\/\",\"url\":\"http:\\\/\\\/giocarelottoonline.it\\\/de\\\/\",\"name\":\"Heim - Giocare lotto online\",\"isPartOf\":{\"@id\":\"http:\\\/\\\/giocarelottoonline.it\\\/de\\\/#website\"},\"datePublished\":\"2025-07-15T15:51:07+00:00\",\"breadcrumb\":{\"@id\":\"http:\\\/\\\/giocarelottoonline.it\\\/de\\\/#breadcrumb\"},\"inLanguage\":\"de\",\"potentialAction\":[{\"@type\":\"ReadAction\",\"target\":[\"http:\\\/\\\/giocarelottoonline.it\\\/de\\\/\"]}]},{\"@type\":\"BreadcrumbList\",\"@id\":\"http:\\\/\\\/giocarelottoonline.it\\\/de\\\/#breadcrumb\",\"itemListElement\":[{\"@type\":\"ListItem\",\"position\":1,\"name\":\"Home\",\"item\":\"https:\\\/\\\/giocarelottoonline.it\\\/de\\\/\"},{\"@type\":\"ListItem\",\"position\":2,\"name\":\"Heim\"}]},{\"@type\":\"WebSite\",\"@id\":\"http:\\\/\\\/giocarelottoonline.it\\\/de\\\/#website\",\"url\":\"http:\\\/\\\/giocarelottoonline.it\\\/de\\\/\",\"name\":\"Giocare lotto online\",\"description\":\"Just another WordPress site\",\"potentialAction\":[{\"@type\":\"SearchAction\",\"target\":{\"@type\":\"EntryPoint\",\"urlTemplate\":\"http:\\\/\\\/giocarelottoonline.it\\\/de\\\/?s={search_term_string}\"},\"query-input\":{\"@type\":\"PropertyValueSpecification\",\"valueRequired\":true,\"valueName\":\"search_term_string\"}}],\"inLanguage\":\"de\"}]}<\/script>\n<!-- \/ Yoast SEO plugin. -->","yoast_head_json":{"title":"Heim - Giocare lotto online","robots":{"index":"index","follow":"follow","max-snippet":"max-snippet:-1","max-image-preview":"max-image-preview:large","max-video-preview":"max-video-preview:-1"},"canonical":"http:\/\/giocarelottoonline.it\/de\/","og_locale":"de_DE","og_type":"article","og_title":"Heim - Giocare lotto online","og_description":"Online Lotto spielen ist sicher und einfach Wenn Sie schon immer einmal an einem der gro\u00dfen internationalen Lotto-Gewinnspiele teilnehmen wollten, haben Sie jetzt die M\u00f6glichkeit, online an jedem beliebigen Lotto teilzunehmen, egal ob lokal oder international. Das bedeutet mehr Abwechslung und h\u00f6here Gewinnchancen \u2013 bequem von zu Hause aus. Im Vergleich zum Kauf eines Lottoscheins [&hellip;]","og_url":"http:\/\/giocarelottoonline.it\/de\/","og_site_name":"Giocare lotto online","twitter_card":"summary_large_image","twitter_misc":{"Gesch\u00e4tzte Lesezeit":"3\u00a0Minuten"},"schema":{"@context":"https:\/\/schema.org","@graph":[{"@type":"WebPage","@id":"http:\/\/giocarelottoonline.it\/de\/","url":"http:\/\/giocarelottoonline.it\/de\/","name":"Heim - Giocare lotto online","isPartOf":{"@id":"http:\/\/giocarelottoonline.it\/de\/#website"},"datePublished":"2025-07-15T15:51:07+00:00","breadcrumb":{"@id":"http:\/\/giocarelottoonline.it\/de\/#breadcrumb"},"inLanguage":"de","potentialAction":[{"@type":"ReadAction","target":["http:\/\/giocarelottoonline.it\/de\/"]}]},{"@type":"BreadcrumbList","@id":"http:\/\/giocarelottoonline.it\/de\/#breadcrumb","itemListElement":[{"@type":"ListItem","position":1,"name":"Home","item":"https:\/\/giocarelottoonline.it\/de\/"},{"@type":"ListItem","position":2,"name":"Heim"}]},{"@type":"WebSite","@id":"http:\/\/giocarelottoonline.it\/de\/#website","url":"http:\/\/giocarelottoonline.it\/de\/","name":"Giocare lotto online","description":"Just another WordPress site","potentialAction":[{"@type":"SearchAction","target":{"@type":"EntryPoint","urlTemplate":"http:\/\/giocarelottoonline.it\/de\/?s={search_term_string}"},"query-input":{"@type":"PropertyValueSpecification","valueRequired":true,"valueName":"search_term_string"}}],"inLanguage":"de"}]}},"_links":{"self":[{"href":"http:\/\/giocarelottoonline.it\/de\/wp-json\/wp\/v2\/pages\/18","targetHints":{"allow":["GET"]}}],"collection":[{"href":"http:\/\/giocarelottoonline.it\/de\/wp-json\/wp\/v2\/pages"}],"about":[{"href":"http:\/\/giocarelottoonline.it\/de\/wp-json\/wp\/v2\/types\/page"}],"author":[{"embeddable":true,"href":"http:\/\/giocarelottoonline.it\/de\/wp-json\/wp\/v2\/users\/1"}],"replies":[{"embeddable":true,"href":"http:\/\/giocarelottoonline.it\/de\/wp-json\/wp\/v2\/comments?post=18"}],"version-history":[{"count":0,"href":"http:\/\/giocarelottoonline.it\/de\/wp-json\/wp\/v2\/pages\/18\/revisions"}],"wp:attachment":[{"href":"http:\/\/giocarelottoonline.it\/de\/wp-json\/wp\/v2\/media?parent=18"}],"curies":[{"name":"wp","href":"https:\/\/api.w.org\/{rel}","templated":true}]}}