{"id":117,"date":"2025-07-15T15:51:07","date_gmt":"2025-07-15T15:51:07","guid":{"rendered":"http:\/\/giocarelottoonline.it\/hjem\/"},"modified":"2025-07-15T15:51:07","modified_gmt":"2025-07-15T15:51:07","slug":"hjem","status":"publish","type":"page","link":"http:\/\/giocarelottoonline.it\/da\/","title":{"rendered":"Hjem"},"content":{"rendered":"<h2>Det er sikkert og nemt at spille lotto online<\/h2>\n<p>Hvis du altid har \u00f8nsket at deltage i en af \u200b\u200bde store internationale lottokonkurrencer, har du nu mulighed for at spille enhver lotto online, uanset om det er en lokal eller international lottokonkurrence.<\/p>\n<p>Det betyder mere variation og en st\u00f8rre chance for at vinde store penge lige hjemmefra. Sammenlignet med at k\u00f8be en lottokupon i en lokal butik, hvor du er begr\u00e6nset til lokale og nationale tr\u00e6kninger, vil du ikke kun have begr\u00e6nsede valgmuligheder, men risikoen for at miste din kupon (og dine chancer for at vinde den pr\u00e6mierede jackpot) er st\u00f8rre end med en online kupon, der forbliver p\u00e5 din konto eller e-mail, s\u00e5 l\u00e6nge du vil.<\/p>\n<p>Derudover sparer du dig selv besv\u00e6ret med at skulle vente i en lang k\u00f8 bare for at f\u00e5 din kupon. Med blot et par klik kan du k\u00f8be en kupon og f\u00e5 chancen for at vinde lotteriet online, uanset hvor du er. Alle online jackpotlotterier er tilg\u00e6ngelige online p\u00e5 <a href=\"https:\/\/www.jackpotlotteryonline.com\">www.jackpotlotteryonline.com<\/a>.<\/p>\n<p>Vores side tilbyder ikke kun et bredt udvalg, fra amerikanske til europ\u00e6iske og australske lotterier, men det er ogs\u00e5 den nemmeste m\u00e5de at vinde i lotteriet online. For det f\u00f8rste tilbyder vi de seneste lotterianmeldelser for at hj\u00e6lpe dig med at beslutte, hvilken tr\u00e6kning du skal v\u00e6lge. De fleste websteder giver dig derimod ikke svar p\u00e5 legitimiteten af \u200b\u200bet internationalt lotteri eller en lotteriside.<\/p>\n<p>Og der er ingen gr\u00e6nse for antallet af konkurrencer eller lotterier, du kan placere dine v\u00e6ddem\u00e5l p\u00e5. V\u00e6lg mellem over 25 af verdens st\u00f8rste jackpots, alle tilg\u00e6ngelige online. Og du beh\u00f8ver ikke at v\u00e6re bosiddende i det land, der afholder Lotto. Ved at bestille en kupon mindst 24 timer f\u00f8r tr\u00e6kningsdatoen har du chancen for at vinde en <a href=\"https:\/\/lottoonline365.com\/it\" target=\"_blank\" rel=\"noopener\">Lotto-jackpot p\u00e5 flere millioner dollars fra enhver international organisation<\/a>.<\/p>\n<h2>Hvordan kan du f\u00e5 en chance for at vinde i lotteriet eller et online lotteri?<\/h2>\n<p>Det er simpelt. For at spille Lotto online skal du blot klikke p\u00e5 linkene til venstre og h\u00f8jre for den Lotto, du har valgt, og v\u00e6lge dine tal. Hvis du har problemer med at beslutte, hvilket tal du skal v\u00e6lge, kan du bruge vores tilf\u00e6ldige talgenerator. Valget er helt dit. N\u00e5r du har valgt dine tal, skal du registrere dig p\u00e5 RedFoxLotto.<\/p>\n<p>RedFoxLotto er en sikker og p\u00e5lidelig onlinetjeneste, der giver dig mulighed for nemt at k\u00f8be lodsedler online til ethvert Lottospil. Virksomheden k\u00f8ber lodsedlen for dig fra lotteriet, efter du har placeret dit v\u00e6ddem\u00e5l, og sender dig en scannet kopi af lodsedlen med dit navn p\u00e5. De kan ogs\u00e5 give dig besked, n\u00e5r du har vundet, og hj\u00e6lpe dig med at indkassere dine penge.<\/p>\n<p>V\u00e6lg derefter en af \u200b\u200bde tilbudte betalingsmetoder. Du kan v\u00e6lge mellem kreditkort, Ukash, bankoverf\u00f8rsel, Western Union, Moneybookers og ClickandBuy, alle sikre og gyldige betalingsmetoder. N\u00e5r du har foretaget betalingen, kan du slappe af og vente p\u00e5 e-mailen, der annoncerer din lotterigevinst.<\/p>\n<p>Du skal dog huske, at oddsene for at vinde, eller st\u00f8rrelsen p\u00e5 din pr\u00e6mie, afh\u00e6nger af mange faktorer, s\u00e5som procentdelen af \u200b\u200bpersoner, der satser p\u00e5 det samme tal, eller den procentdel af det samlede bel\u00f8b, som lotteriet udbetaler som gevinst. Derfor er det vigtigt at kigge efter den h\u00f8jeste jackpot, f\u00f8r du beslutter dig for, hvilket online lotto eller lotto du skal spille, s\u00e5 du kan v\u00e6lge det med de bedste odds for at vinde.<\/p>\n","protected":false},"excerpt":{"rendered":"<p>Det er sikkert og nemt at spille lotto online Hvis du altid har \u00f8nsket at deltage i en af \u200b\u200bde store internationale lottokonkurrencer, har du nu mulighed for at spille enhver lotto online, uanset om det er en lokal eller international lottokonkurrence. Det betyder mere variation og en st\u00f8rre chance for at vinde store penge [&hellip;]<\/p>\n","protected":false},"author":1,"featured_media":0,"parent":0,"menu_order":0,"comment_status":"closed","ping_status":"closed","template":"","meta":{"footnotes":""},"class_list":["post-117","page","type-page","status-publish","hentry"],"yoast_head":"<!-- This site is optimized with the Yoast SEO plugin v27.3 - https:\/\/yoast.com\/product\/yoast-seo-wordpress\/ -->\n<title>At spille lotto online<\/title>\n<meta name=\"robots\" content=\"index, follow, max-snippet:-1, max-image-preview:large, max-video-preview:-1\" \/>\n<link rel=\"canonical\" href=\"http:\/\/giocarelottoonline.it\/da\/\" \/>\n<meta property=\"og:locale\" content=\"da_DK\" \/>\n<meta property=\"og:type\" content=\"article\" \/>\n<meta property=\"og:title\" content=\"At spille lotto online\" \/>\n<meta property=\"og:description\" content=\"Det er sikkert og nemt at spille lotto online Hvis du altid har \u00f8nsket at deltage i en af \u200b\u200bde store internationale lottokonkurrencer, har du nu mulighed for at spille enhver lotto online, uanset om det er en lokal eller international lottokonkurrence. Det betyder mere variation og en st\u00f8rre chance for at vinde store penge [&hellip;]\" \/>\n<meta property=\"og:url\" content=\"http:\/\/giocarelottoonline.it\/da\/\" \/>\n<meta property=\"og:site_name\" content=\"Giocare lotto online\" \/>\n<meta name=\"twitter:card\" content=\"summary_large_image\" \/>\n<meta name=\"twitter:label1\" content=\"Estimeret l\u00e6setid\" \/>\n\t<meta name=\"twitter:data1\" content=\"3 minutter\" \/>\n<script type=\"application\/ld+json\" class=\"yoast-schema-graph\">{\"@context\":\"https:\\\/\\\/schema.org\",\"@graph\":[{\"@type\":\"WebPage\",\"@id\":\"http:\\\/\\\/giocarelottoonline.it\\\/da\\\/\",\"url\":\"http:\\\/\\\/giocarelottoonline.it\\\/da\\\/\",\"name\":\"At spille lotto online\",\"isPartOf\":{\"@id\":\"http:\\\/\\\/giocarelottoonline.it\\\/da\\\/#website\"},\"datePublished\":\"2025-07-15T15:51:07+00:00\",\"breadcrumb\":{\"@id\":\"http:\\\/\\\/giocarelottoonline.it\\\/da\\\/#breadcrumb\"},\"inLanguage\":\"da-DK\",\"potentialAction\":[{\"@type\":\"ReadAction\",\"target\":[\"http:\\\/\\\/giocarelottoonline.it\\\/da\\\/\"]}]},{\"@type\":\"BreadcrumbList\",\"@id\":\"http:\\\/\\\/giocarelottoonline.it\\\/da\\\/#breadcrumb\",\"itemListElement\":[{\"@type\":\"ListItem\",\"position\":1,\"name\":\"Home\",\"item\":\"https:\\\/\\\/giocarelottoonline.it\\\/da\\\/\"},{\"@type\":\"ListItem\",\"position\":2,\"name\":\"Hjem\"}]},{\"@type\":\"WebSite\",\"@id\":\"http:\\\/\\\/giocarelottoonline.it\\\/da\\\/#website\",\"url\":\"http:\\\/\\\/giocarelottoonline.it\\\/da\\\/\",\"name\":\"Giocare lotto online\",\"description\":\"Just another WordPress site\",\"potentialAction\":[{\"@type\":\"SearchAction\",\"target\":{\"@type\":\"EntryPoint\",\"urlTemplate\":\"http:\\\/\\\/giocarelottoonline.it\\\/da\\\/?s={search_term_string}\"},\"query-input\":{\"@type\":\"PropertyValueSpecification\",\"valueRequired\":true,\"valueName\":\"search_term_string\"}}],\"inLanguage\":\"da-DK\"}]}<\/script>\n<!-- \/ Yoast SEO plugin. -->","yoast_head_json":{"title":"At spille lotto online","robots":{"index":"index","follow":"follow","max-snippet":"max-snippet:-1","max-image-preview":"max-image-preview:large","max-video-preview":"max-video-preview:-1"},"canonical":"http:\/\/giocarelottoonline.it\/da\/","og_locale":"da_DK","og_type":"article","og_title":"At spille lotto online","og_description":"Det er sikkert og nemt at spille lotto online Hvis du altid har \u00f8nsket at deltage i en af \u200b\u200bde store internationale lottokonkurrencer, har du nu mulighed for at spille enhver lotto online, uanset om det er en lokal eller international lottokonkurrence. Det betyder mere variation og en st\u00f8rre chance for at vinde store penge [&hellip;]","og_url":"http:\/\/giocarelottoonline.it\/da\/","og_site_name":"Giocare lotto online","twitter_card":"summary_large_image","twitter_misc":{"Estimeret l\u00e6setid":"3 minutter"},"schema":{"@context":"https:\/\/schema.org","@graph":[{"@type":"WebPage","@id":"http:\/\/giocarelottoonline.it\/da\/","url":"http:\/\/giocarelottoonline.it\/da\/","name":"At spille lotto online","isPartOf":{"@id":"http:\/\/giocarelottoonline.it\/da\/#website"},"datePublished":"2025-07-15T15:51:07+00:00","breadcrumb":{"@id":"http:\/\/giocarelottoonline.it\/da\/#breadcrumb"},"inLanguage":"da-DK","potentialAction":[{"@type":"ReadAction","target":["http:\/\/giocarelottoonline.it\/da\/"]}]},{"@type":"BreadcrumbList","@id":"http:\/\/giocarelottoonline.it\/da\/#breadcrumb","itemListElement":[{"@type":"ListItem","position":1,"name":"Home","item":"https:\/\/giocarelottoonline.it\/da\/"},{"@type":"ListItem","position":2,"name":"Hjem"}]},{"@type":"WebSite","@id":"http:\/\/giocarelottoonline.it\/da\/#website","url":"http:\/\/giocarelottoonline.it\/da\/","name":"Giocare lotto online","description":"Just another WordPress site","potentialAction":[{"@type":"SearchAction","target":{"@type":"EntryPoint","urlTemplate":"http:\/\/giocarelottoonline.it\/da\/?s={search_term_string}"},"query-input":{"@type":"PropertyValueSpecification","valueRequired":true,"valueName":"search_term_string"}}],"inLanguage":"da-DK"}]}},"_links":{"self":[{"href":"http:\/\/giocarelottoonline.it\/da\/wp-json\/wp\/v2\/pages\/117","targetHints":{"allow":["GET"]}}],"collection":[{"href":"http:\/\/giocarelottoonline.it\/da\/wp-json\/wp\/v2\/pages"}],"about":[{"href":"http:\/\/giocarelottoonline.it\/da\/wp-json\/wp\/v2\/types\/page"}],"author":[{"embeddable":true,"href":"http:\/\/giocarelottoonline.it\/da\/wp-json\/wp\/v2\/users\/1"}],"replies":[{"embeddable":true,"href":"http:\/\/giocarelottoonline.it\/da\/wp-json\/wp\/v2\/comments?post=117"}],"version-history":[{"count":0,"href":"http:\/\/giocarelottoonline.it\/da\/wp-json\/wp\/v2\/pages\/117\/revisions"}],"wp:attachment":[{"href":"http:\/\/giocarelottoonline.it\/da\/wp-json\/wp\/v2\/media?parent=117"}],"curies":[{"name":"wp","href":"https:\/\/api.w.org\/{rel}","templated":true}]}}