{"id":116,"date":"2025-07-15T15:51:07","date_gmt":"2025-07-15T15:51:07","guid":{"rendered":"http:\/\/giocarelottoonline.it\/domu\/"},"modified":"2025-07-15T15:51:07","modified_gmt":"2025-07-15T15:51:07","slug":"domu","status":"publish","type":"page","link":"http:\/\/giocarelottoonline.it\/cs\/","title":{"rendered":"Dom\u016f"},"content":{"rendered":"<h2>Hran\u00ed loterie online je bezpe\u010dn\u00e9 a snadn\u00e9<\/h2>\n<p>Pokud jste se v\u017edycky cht\u011bli z\u00fa\u010dastnit jedn\u00e9 z hlavn\u00edch mezin\u00e1rodn\u00edch loterijn\u00edch sout\u011b\u017e\u00ed, nyn\u00ed m\u00e1te mo\u017enost hr\u00e1t jakoukoli loterii online, a\u0165 u\u017e se jedn\u00e1 o m\u00edstn\u00ed nebo mezin\u00e1rodn\u00ed loterijn\u00ed sout\u011b\u017e.<\/p>\n<p>To znamen\u00e1 v\u011bt\u0161\u00ed rozmanitost a v\u011bt\u0161\u00ed \u0161anci vyhr\u00e1t velk\u00e9 pen\u00edze p\u0159\u00edmo z pohodl\u00ed domova. Ve srovn\u00e1n\u00ed s n\u00e1kupem loterijn\u00edho tiketu v m\u00edstn\u00edm obchod\u011b, kde jste omezeni na m\u00edstn\u00ed a n\u00e1rodn\u00ed losov\u00e1n\u00ed, budete m\u00edt nejen omezen\u00fd v\u00fdb\u011br, ale riziko ztr\u00e1ty tiketu (a va\u0161ich \u0161anc\u00ed na v\u00fdhru cenn\u00e9ho jackpotu) je v\u011bt\u0161\u00ed ne\u017e u online tiketu, kter\u00fd z\u016fst\u00e1v\u00e1 na va\u0161em \u00fa\u010dtu nebo v e-mailu tak dlouho, jak chcete.<\/p>\n<p>Nav\u00edc si u\u0161et\u0159\u00edte starosti s \u010dek\u00e1n\u00edm v dlouh\u00e9 front\u011b, abyste si tiketu po\u0159\u00eddili. Sta\u010d\u00ed p\u00e1r kliknut\u00ed a m\u016f\u017eete si koupit tiketu a m\u00edt \u0161anci vyhr\u00e1t loterii online, a\u0165 jste kdekoli. V\u0161echny online jackpotov\u00e9 loterie jsou k dispozici online na <a href=\"https:\/\/www.jackpotlotteryonline.com\">www.jackpotlotteryonline.com<\/a>.<\/p>\n<p>Na\u0161e str\u00e1nky nab\u00edzej\u00ed nejen \u0161irok\u00fd v\u00fdb\u011br, od americk\u00fdch po evropsk\u00e9 a australsk\u00e9 loterie, ale jsou tak\u00e9 nejjednodu\u0161\u0161\u00edm zp\u016fsobem, jak vyhr\u00e1t v loterii online. Za prv\u00e9, nab\u00edz\u00edme nejnov\u011bj\u0161\u00ed recenze loteri\u00ed, kter\u00e9 v\u00e1m pomohou rozhodnout se, kter\u00e9 losov\u00e1n\u00ed si vybrat. V\u011bt\u0161ina webov\u00fdch str\u00e1nek v\u00e1m na druhou stranu ned\u00e1v\u00e1 odpov\u011bdi na ot\u00e1zky o legitimit\u011b mezin\u00e1rodn\u00ed loterie nebo loterijn\u00edho webu.<\/p>\n<p>A po\u010det sout\u011b\u017e\u00ed nebo loteri\u00ed, na kter\u00e9 m\u016f\u017eete vsadit, nen\u00ed nijak omezen. Vyberte si z v\u00edce ne\u017e 25 nejv\u011bt\u0161\u00edch jackpot\u016f na sv\u011bt\u011b, v\u0161echny dostupn\u00e9 online. A nemus\u00edte b\u00fdt rezidentem zem\u011b, kter\u00e1 loterii po\u0159\u00e1d\u00e1. Objedn\u00e1n\u00edm tiketu alespo\u0148 24 hodin p\u0159ed datem slosov\u00e1n\u00ed budete m\u00edt \u0161anci vyhr\u00e1t <a href=\"https:\/\/lottoonline365.com\/it\" target=\"_blank\" rel=\"noopener\">multimilionov\u00fd jackpot Lotto od jak\u00e9koli mezin\u00e1rodn\u00ed organizace<\/a>.<\/p>\n<h2>Jak m\u016f\u017eete z\u00edskat \u0161anci vyhr\u00e1t v loterii nebo online loterii?<\/h2>\n<p>Je to jednoduch\u00e9. Chcete-li hr\u00e1t Lotto online, sta\u010d\u00ed kliknout na odkazy vlevo a vpravo od vybran\u00e9ho loterie a vybrat si sv\u00e1 \u010d\u00edsla. Pokud m\u00e1te pot\u00ed\u017ee s v\u00fdb\u011brem \u010d\u00edsla, m\u016f\u017eete pou\u017e\u00edt n\u00e1\u0161 gener\u00e1tor n\u00e1hodn\u00fdch \u010d\u00edsel. Volba je zcela na v\u00e1s. Po v\u00fdb\u011bru \u010d\u00edsel se budete muset zaregistrovat na RedFoxLotto.<\/p>\n<p>RedFoxLotto je bezpe\u010dn\u00e1 a spolehliv\u00e1 online slu\u017eba, kter\u00e1 v\u00e1m umo\u017e\u0148uje snadno zakoupit tikety online pro jakoukoli hru Lotto. Spole\u010dnost za v\u00e1s zakoup\u00ed tikety z loterie pot\u00e9, co vsad\u00edte, a za\u0161le v\u00e1m naskenovanou kopii tiketu s va\u0161\u00edm jm\u00e9nem. Mohou v\u00e1s tak\u00e9 upozornit na v\u00fdhru a pomoci v\u00e1m s vyzvednut\u00edm pen\u011bz.<\/p>\n<p>Pot\u00e9 si vyberte jednu z nab\u00edzen\u00fdch platebn\u00edch metod. M\u016f\u017eete si vybrat z kreditn\u00edch karet, Ukash, bankovn\u00edho p\u0159evodu, Western Union, Moneybookers a ClickandBuy, co\u017e jsou v\u0161echny bezpe\u010dn\u00e9 a platn\u00e9 platebn\u00ed metody. Po proveden\u00ed platby si m\u016f\u017eete odpo\u010dinout a po\u010dkat na e-mail s ozn\u00e1men\u00edm o va\u0161\u00ed v\u00fdh\u0159e v loterii.<\/p>\n<p>M\u011bli byste si v\u0161ak uv\u011bdomit, \u017ee \u0161ance na v\u00fdhru, neboli v\u00fd\u0161e va\u0161\u00ed ceny, bude z\u00e1viset na mnoha faktorech, jako je procento lid\u00ed, kte\u0159\u00ed vsadili na stejn\u00e9 \u010d\u00edslo, nebo procento z celkov\u00e9 \u010d\u00e1stky, kter\u00e9 loterie vyplat\u00ed jako v\u00fdhru. Proto je d\u016fle\u017eit\u00e9 hledat nejvy\u0161\u0161\u00ed jackpot, ne\u017e se rozhodnete, kterou online loterii nebo loterii hr\u00e1t, abyste si mohli vybrat tu s nejlep\u0161\u00ed \u0161anc\u00ed na v\u00fdhru.<\/p>\n","protected":false},"excerpt":{"rendered":"<p>Hran\u00ed loterie online je bezpe\u010dn\u00e9 a snadn\u00e9 Pokud jste se v\u017edycky cht\u011bli z\u00fa\u010dastnit jedn\u00e9 z hlavn\u00edch mezin\u00e1rodn\u00edch loterijn\u00edch sout\u011b\u017e\u00ed, nyn\u00ed m\u00e1te mo\u017enost hr\u00e1t jakoukoli loterii online, a\u0165 u\u017e se jedn\u00e1 o m\u00edstn\u00ed nebo mezin\u00e1rodn\u00ed loterijn\u00ed sout\u011b\u017e. To znamen\u00e1 v\u011bt\u0161\u00ed rozmanitost a v\u011bt\u0161\u00ed \u0161anci vyhr\u00e1t velk\u00e9 pen\u00edze p\u0159\u00edmo z pohodl\u00ed domova. Ve srovn\u00e1n\u00ed s n\u00e1kupem loterijn\u00edho [&hellip;]<\/p>\n","protected":false},"author":1,"featured_media":0,"parent":0,"menu_order":0,"comment_status":"closed","ping_status":"closed","template":"","meta":{"footnotes":""},"class_list":["post-116","page","type-page","status-publish","hentry"],"yoast_head":"<!-- This site is optimized with the Yoast SEO plugin v27.3 - https:\/\/yoast.com\/product\/yoast-seo-wordpress\/ -->\n<title>Hran\u00ed loterie online<\/title>\n<meta name=\"robots\" content=\"index, follow, max-snippet:-1, max-image-preview:large, max-video-preview:-1\" \/>\n<link rel=\"canonical\" href=\"http:\/\/giocarelottoonline.it\/cs\/\" \/>\n<meta property=\"og:locale\" content=\"cs_CZ\" \/>\n<meta property=\"og:type\" content=\"article\" \/>\n<meta property=\"og:title\" content=\"Hran\u00ed loterie online\" \/>\n<meta property=\"og:description\" content=\"Hran\u00ed loterie online je bezpe\u010dn\u00e9 a snadn\u00e9 Pokud jste se v\u017edycky cht\u011bli z\u00fa\u010dastnit jedn\u00e9 z hlavn\u00edch mezin\u00e1rodn\u00edch loterijn\u00edch sout\u011b\u017e\u00ed, nyn\u00ed m\u00e1te mo\u017enost hr\u00e1t jakoukoli loterii online, a\u0165 u\u017e se jedn\u00e1 o m\u00edstn\u00ed nebo mezin\u00e1rodn\u00ed loterijn\u00ed sout\u011b\u017e. To znamen\u00e1 v\u011bt\u0161\u00ed rozmanitost a v\u011bt\u0161\u00ed \u0161anci vyhr\u00e1t velk\u00e9 pen\u00edze p\u0159\u00edmo z pohodl\u00ed domova. Ve srovn\u00e1n\u00ed s n\u00e1kupem loterijn\u00edho [&hellip;]\" \/>\n<meta property=\"og:url\" content=\"http:\/\/giocarelottoonline.it\/cs\/\" \/>\n<meta property=\"og:site_name\" content=\"Giocare lotto online\" \/>\n<meta name=\"twitter:card\" content=\"summary_large_image\" \/>\n<meta name=\"twitter:label1\" content=\"Odhadovan\u00e1 doba \u010dten\u00ed\" \/>\n\t<meta name=\"twitter:data1\" content=\"3 minuty\" \/>\n<script type=\"application\/ld+json\" class=\"yoast-schema-graph\">{\"@context\":\"https:\\\/\\\/schema.org\",\"@graph\":[{\"@type\":\"WebPage\",\"@id\":\"http:\\\/\\\/giocarelottoonline.it\\\/cs\\\/\",\"url\":\"http:\\\/\\\/giocarelottoonline.it\\\/cs\\\/\",\"name\":\"Hran\u00ed loterie online\",\"isPartOf\":{\"@id\":\"https:\\\/\\\/giocarelottoonline.it\\\/cs\\\/#website\"},\"datePublished\":\"2025-07-15T15:51:07+00:00\",\"breadcrumb\":{\"@id\":\"http:\\\/\\\/giocarelottoonline.it\\\/cs\\\/#breadcrumb\"},\"inLanguage\":\"cs\",\"potentialAction\":[{\"@type\":\"ReadAction\",\"target\":[\"http:\\\/\\\/giocarelottoonline.it\\\/cs\\\/\"]}]},{\"@type\":\"BreadcrumbList\",\"@id\":\"http:\\\/\\\/giocarelottoonline.it\\\/cs\\\/#breadcrumb\",\"itemListElement\":[{\"@type\":\"ListItem\",\"position\":1,\"name\":\"Home\",\"item\":\"http:\\\/\\\/giocarelottoonline.it\\\/cs\\\/\"},{\"@type\":\"ListItem\",\"position\":2,\"name\":\"Dom\u016f\"}]},{\"@type\":\"WebSite\",\"@id\":\"https:\\\/\\\/giocarelottoonline.it\\\/cs\\\/#website\",\"url\":\"https:\\\/\\\/giocarelottoonline.it\\\/cs\\\/\",\"name\":\"Giocare lotto online\",\"description\":\"Just another WordPress site\",\"potentialAction\":[{\"@type\":\"SearchAction\",\"target\":{\"@type\":\"EntryPoint\",\"urlTemplate\":\"https:\\\/\\\/giocarelottoonline.it\\\/cs\\\/?s={search_term_string}\"},\"query-input\":{\"@type\":\"PropertyValueSpecification\",\"valueRequired\":true,\"valueName\":\"search_term_string\"}}],\"inLanguage\":\"cs\"}]}<\/script>\n<!-- \/ Yoast SEO plugin. -->","yoast_head_json":{"title":"Hran\u00ed loterie online","robots":{"index":"index","follow":"follow","max-snippet":"max-snippet:-1","max-image-preview":"max-image-preview:large","max-video-preview":"max-video-preview:-1"},"canonical":"http:\/\/giocarelottoonline.it\/cs\/","og_locale":"cs_CZ","og_type":"article","og_title":"Hran\u00ed loterie online","og_description":"Hran\u00ed loterie online je bezpe\u010dn\u00e9 a snadn\u00e9 Pokud jste se v\u017edycky cht\u011bli z\u00fa\u010dastnit jedn\u00e9 z hlavn\u00edch mezin\u00e1rodn\u00edch loterijn\u00edch sout\u011b\u017e\u00ed, nyn\u00ed m\u00e1te mo\u017enost hr\u00e1t jakoukoli loterii online, a\u0165 u\u017e se jedn\u00e1 o m\u00edstn\u00ed nebo mezin\u00e1rodn\u00ed loterijn\u00ed sout\u011b\u017e. To znamen\u00e1 v\u011bt\u0161\u00ed rozmanitost a v\u011bt\u0161\u00ed \u0161anci vyhr\u00e1t velk\u00e9 pen\u00edze p\u0159\u00edmo z pohodl\u00ed domova. Ve srovn\u00e1n\u00ed s n\u00e1kupem loterijn\u00edho [&hellip;]","og_url":"http:\/\/giocarelottoonline.it\/cs\/","og_site_name":"Giocare lotto online","twitter_card":"summary_large_image","twitter_misc":{"Odhadovan\u00e1 doba \u010dten\u00ed":"3 minuty"},"schema":{"@context":"https:\/\/schema.org","@graph":[{"@type":"WebPage","@id":"http:\/\/giocarelottoonline.it\/cs\/","url":"http:\/\/giocarelottoonline.it\/cs\/","name":"Hran\u00ed loterie online","isPartOf":{"@id":"https:\/\/giocarelottoonline.it\/cs\/#website"},"datePublished":"2025-07-15T15:51:07+00:00","breadcrumb":{"@id":"http:\/\/giocarelottoonline.it\/cs\/#breadcrumb"},"inLanguage":"cs","potentialAction":[{"@type":"ReadAction","target":["http:\/\/giocarelottoonline.it\/cs\/"]}]},{"@type":"BreadcrumbList","@id":"http:\/\/giocarelottoonline.it\/cs\/#breadcrumb","itemListElement":[{"@type":"ListItem","position":1,"name":"Home","item":"http:\/\/giocarelottoonline.it\/cs\/"},{"@type":"ListItem","position":2,"name":"Dom\u016f"}]},{"@type":"WebSite","@id":"https:\/\/giocarelottoonline.it\/cs\/#website","url":"https:\/\/giocarelottoonline.it\/cs\/","name":"Giocare lotto online","description":"Just another WordPress site","potentialAction":[{"@type":"SearchAction","target":{"@type":"EntryPoint","urlTemplate":"https:\/\/giocarelottoonline.it\/cs\/?s={search_term_string}"},"query-input":{"@type":"PropertyValueSpecification","valueRequired":true,"valueName":"search_term_string"}}],"inLanguage":"cs"}]}},"_links":{"self":[{"href":"http:\/\/giocarelottoonline.it\/cs\/wp-json\/wp\/v2\/pages\/116","targetHints":{"allow":["GET"]}}],"collection":[{"href":"http:\/\/giocarelottoonline.it\/cs\/wp-json\/wp\/v2\/pages"}],"about":[{"href":"http:\/\/giocarelottoonline.it\/cs\/wp-json\/wp\/v2\/types\/page"}],"author":[{"embeddable":true,"href":"http:\/\/giocarelottoonline.it\/cs\/wp-json\/wp\/v2\/users\/1"}],"replies":[{"embeddable":true,"href":"http:\/\/giocarelottoonline.it\/cs\/wp-json\/wp\/v2\/comments?post=116"}],"version-history":[{"count":0,"href":"http:\/\/giocarelottoonline.it\/cs\/wp-json\/wp\/v2\/pages\/116\/revisions"}],"wp:attachment":[{"href":"http:\/\/giocarelottoonline.it\/cs\/wp-json\/wp\/v2\/media?parent=116"}],"curies":[{"name":"wp","href":"https:\/\/api.w.org\/{rel}","templated":true}]}}